{"id":9,"date":"2025-05-12T12:17:37","date_gmt":"2025-05-12T12:17:37","guid":{"rendered":"https:\/\/transfervista.com\/?page_id=9"},"modified":"2025-05-16T13:30:28","modified_gmt":"2025-05-16T10:30:28","slug":"termini-di-utilizzo","status":"publish","type":"page","link":"https:\/\/transfervista.com\/it\/terms-of-use\/","title":{"rendered":"Termini di utilizzo"},"content":{"rendered":"<h2 class=\"wp-block-heading\"><strong>Termini di utilizzo<\/strong><\/h2>\n\n\n\n<p>I presenti Termini di utilizzo (&quot;Accordo&quot;) regolano l&#039;accesso e l&#039;utilizzo della piattaforma software TransferVista (&quot;Software&quot;), di propriet\u00e0 e gestita da <strong>Marketup Media<\/strong>Utilizzando il Software, l&#039;utente accetta di essere vincolato dal presente Contratto. In caso di mancata accettazione, l&#039;utente non deve accedere o utilizzare il Software.<\/p>\n\n\n\n<hr class=\"wp-block-separator has-alpha-channel-opacity\"\/>\n\n\n\n<h3 class=\"wp-block-heading\">1. <strong>Diritto di modificare i termini<\/strong><\/h3>\n\n\n\n<p>Marketup Media si riserva il diritto di modificare, emendare o aggiornare i presenti Termini di Utilizzo in qualsiasi momento e senza preavviso. L&#039;utilizzo continuato del Software dopo tali modifiche costituisce accettazione dei nuovi termini.<\/p>\n\n\n\n<hr class=\"wp-block-separator has-alpha-channel-opacity\"\/>\n\n\n\n<h3 class=\"wp-block-heading\">2. <strong>Propriet\u00e0 e propriet\u00e0 intellettuale<\/strong><\/h3>\n\n\n\n<ul class=\"wp-block-list\">\n<li>Tutto il codice sorgente, la progettazione, le strutture dati e il contenuto del software TransferVista, inclusi, a titolo esemplificativo ma non esaustivo, il marchio, il logo e l&#039;interfaccia, sono di propriet\u00e0 <strong>propriet\u00e0 esclusiva di Marketup Media<\/strong>.<\/li>\n\n\n\n<li>\u00c8 severamente vietato copiare, modificare, distribuire o sottoporre a reverse engineering qualsiasi parte del Software.<\/li>\n\n\n\n<li>IL <strong>TransferVista<\/strong> il nome, il logo e tutta la propriet\u00e0 intellettuale associata sono protetti dalle leggi vigenti in materia di copyright e marchi.<\/li>\n<\/ul>\n\n\n\n<hr class=\"wp-block-separator has-alpha-channel-opacity\"\/>\n\n\n\n<h3 class=\"wp-block-heading\">3. <strong>Licenza e utilizzo<\/strong><\/h3>\n\n\n\n<ul class=\"wp-block-list\">\n<li>Al cliente (licenziatario) viene concessa una licenza non esclusiva e non trasferibile esclusivamente per uso aziendale interno.<\/li>\n\n\n\n<li>La licenza \u00e8 legata al <strong>ID univoco del cliente<\/strong> e non pu\u00f2 essere concesso in sublicenza, rivenduto, concesso in leasing o altrimenti fornito a terze parti o ad altre societ\u00e0.<\/li>\n\n\n\n<li>L&#039;utilizzo del Software al di fuori della societ\u00e0 licenziataria costituisce una violazione sostanziale del presente contratto. In tali casi, Marketup Media si riserva il diritto di <strong>interrompere immediatamente l&#039;accesso<\/strong> al Software.<\/li>\n<\/ul>\n\n\n\n<hr class=\"wp-block-separator has-alpha-channel-opacity\"\/>\n\n\n\n<h3 class=\"wp-block-heading\">4. <strong>Prezzi e pagamenti<\/strong><\/h3>\n\n\n\n<ul class=\"wp-block-list\">\n<li>L&#039;utilizzo del Software \u00e8 soggetto al pagamento di un canone di licenza, che pu\u00f2 essere fatturato <strong>mensile, semestrale o annuale<\/strong>, o come un <strong>percentuale di prenotazioni<\/strong>, o come un <strong>combinazione<\/strong> di quanto sopra.<\/li>\n\n\n\n<li>Il corrispettivo concordato include l&#039;accesso al supporto tecnico.<\/li>\n\n\n\n<li>Il mancato pagamento tempestivo comporter\u00e0 <strong>disattivazione automatica<\/strong> del Software. Tutte le funzionalit\u00e0 saranno sospese fino a quando lo stato del pagamento non sar\u00e0 ripristinato su &quot;attivo&quot;.<\/li>\n<\/ul>\n\n\n\n<hr class=\"wp-block-separator has-alpha-channel-opacity\"\/>\n\n\n\n<h3 class=\"wp-block-heading\">5. <strong>Supporto e aggiornamenti<\/strong><\/h3>\n\n\n\n<ul class=\"wp-block-list\">\n<li>L&#039;assistenza tecnica \u00e8 inclusa in tutti i piani a pagamento e fornita durante il normale orario lavorativo.<\/li>\n\n\n\n<li>Marketup Media pu\u00f2 fornire aggiornamenti, miglioramenti o patch al Software a sua discrezione, che potrebbero modificarne o alterarne la funzionalit\u00e0.<\/li>\n<\/ul>\n\n\n\n<hr class=\"wp-block-separator has-alpha-channel-opacity\"\/>\n\n\n\n<h3 class=\"wp-block-heading\">6. <strong>Limitazioni di responsabilit\u00e0<\/strong><\/h3>\n\n\n\n<ul class=\"wp-block-list\">\n<li>TransferVista \u00e8 fornito \u201c<strong>cos\u00ec com&#039;\u00e8<\/strong>&quot; E &quot;<strong>come disponibile<\/strong>&quot; senza garanzie di alcun tipo, esplicite o implicite.<\/li>\n\n\n\n<li>Marketup Media dovr\u00e0 <strong>non essere responsabile<\/strong> per:\n<ul class=\"wp-block-list\">\n<li>Interruzione temporanea o permanente del servizio,<\/li>\n\n\n\n<li>Bug del software, guasti dei servizi di terze parti o interruzioni di Internet,<\/li>\n\n\n\n<li>Qualunque <strong>perdita di entrate, dati o profitti<\/strong> derivanti dall&#039;uso o dall&#039;impossibilit\u00e0 di utilizzare il Software.<\/li>\n<\/ul>\n<\/li>\n\n\n\n<li>L&#039;utente rinuncia espressamente a qualsiasi diritto di rivendicazione <strong>mancati profitti o danni<\/strong> da Marketup Media secondo qualsiasi teoria legale.<\/li>\n<\/ul>\n\n\n\n<hr class=\"wp-block-separator has-alpha-channel-opacity\"\/>\n\n\n\n<h3 class=\"wp-block-heading\">7. <strong>Uso accettabile e restrizioni<\/strong><\/h3>\n\n\n\n<ul class=\"wp-block-list\">\n<li>Gli utenti possono utilizzare TransferVista solo per lo scopo previsto: <strong>gestione e gestione dei servizi di trasferimento<\/strong>, comprese le aree di definizione e i prezzi per i trasferimenti.<\/li>\n\n\n\n<li>L&#039;uso non autorizzato o dannoso \u00e8 severamente proibito.<\/li>\n\n\n\n<li>Qualsiasi tentativo di aggirare le licenze, hackerare o utilizzare impropriamente il sistema comporter\u00e0 l&#039;immediata sospensione dell&#039;account e, se necessario, l&#039;avvio di azioni legali.<\/li>\n<\/ul>\n\n\n\n<hr class=\"wp-block-separator has-alpha-channel-opacity\"\/>\n\n\n\n<h3 class=\"wp-block-heading\">8. <strong>Risoluzione<\/strong><\/h3>\n\n\n\n<ul class=\"wp-block-list\">\n<li>Marketup Media pu\u00f2 interrompere l&#039;accesso al Software <strong>immediatamente e senza preavviso<\/strong> se vengono violati i presenti Termini.<\/li>\n\n\n\n<li>In caso di risoluzione, l&#039;utente dovr\u00e0 cessare immediatamente ogni utilizzo e distruggere tutti i contenuti o i backup del Software archiviati localmente.<\/li>\n<\/ul>\n\n\n\n<hr class=\"wp-block-separator has-alpha-channel-opacity\"\/>\n\n\n\n<h3 class=\"wp-block-heading\">9. <strong>Legge applicabile<\/strong><\/h3>\n\n\n\n<p>Il presente Contratto sar\u00e0 regolato e interpretato in conformit\u00e0 con le leggi greche. Qualsiasi controversia sar\u00e0 soggetta alla giurisdizione esclusiva dei tribunali di Heraklion, Creta.<\/p>\n\n\n\n<hr class=\"wp-block-separator has-alpha-channel-opacity\"\/>\n\n\n\n<h3 class=\"wp-block-heading\">10. <strong>Contatto<\/strong><\/h3>\n\n\n\n<p>Per qualsiasi domanda relativa ai presenti Termini, contattare:<br><strong>Marketup Media<\/strong><br>E-mail: <a href=\"mailto:info@transfervista.com\">info@transfervista.com<\/a><br>Sito web: <a class=\"\" href=\"https:\/\/transfervista.com\/it\/\">www.transfervista.com<\/a><\/p>","protected":false},"excerpt":{"rendered":"<p>Terms of Use These Terms of Use (\u201cAgreement\u201d) govern your access to and use of the TransferVista software platform (\u201cSoftware\u201d), owned and operated by Marketup Media. By using the Software, you agree to be bound by this Agreement. If you do not agree, you must not access or use the Software. 1. Right to Modify [&hellip;]<\/p>\n","protected":false},"author":1,"featured_media":0,"parent":0,"menu_order":0,"comment_status":"closed","ping_status":"closed","template":"","meta":{"footnotes":""},"class_list":["post-9","page","type-page","status-publish","hentry"],"blocksy_meta":[],"_links":{"self":[{"href":"https:\/\/transfervista.com\/it\/wp-json\/wp\/v2\/pages\/9","targetHints":{"allow":["GET"]}}],"collection":[{"href":"https:\/\/transfervista.com\/it\/wp-json\/wp\/v2\/pages"}],"about":[{"href":"https:\/\/transfervista.com\/it\/wp-json\/wp\/v2\/types\/page"}],"author":[{"embeddable":true,"href":"https:\/\/transfervista.com\/it\/wp-json\/wp\/v2\/users\/1"}],"replies":[{"embeddable":true,"href":"https:\/\/transfervista.com\/it\/wp-json\/wp\/v2\/comments?post=9"}],"version-history":[{"count":3,"href":"https:\/\/transfervista.com\/it\/wp-json\/wp\/v2\/pages\/9\/revisions"}],"predecessor-version":[{"id":23,"href":"https:\/\/transfervista.com\/it\/wp-json\/wp\/v2\/pages\/9\/revisions\/23"}],"wp:attachment":[{"href":"https:\/\/transfervista.com\/it\/wp-json\/wp\/v2\/media?parent=9"}],"curies":[{"name":"wp","href":"https:\/\/api.w.org\/{rel}","templated":true}]}}