{"id":1281,"date":"2025-11-14T20:31:57","date_gmt":"2025-11-14T18:31:57","guid":{"rendered":"https:\/\/transfervista.com\/?page_id=1281"},"modified":"2026-03-22T03:58:09","modified_gmt":"2026-03-22T01:58:09","slug":"ai-taxi-dispatch-software","status":"publish","type":"page","link":"https:\/\/transfervista.com\/it\/ai-taxi-dispatch-software\/","title":{"rendered":"Cloud-Based AI Taxi Dispatch Software for Cab Companies (2026)"},"content":{"rendered":"<p>Nel mondo frenetico di oggi, il settore dei taxi sta attraversando una trasformazione tecnologica. I clienti si aspettano corse veloci, affidabili e senza intoppi, mentre gli operatori di taxi cercano modi per ottimizzare la gestione e le operazioni della propria flotta. <strong>Software di gestione delle corse taxi con intelligenza artificiale<\/strong> \u2014 una soluzione rivoluzionaria che sta ridefinendo il modo in cui operano le compagnie di taxi. Per gli operatori di taxi che desiderano rimanere all&#039;avanguardia, <strong>TransferVista<\/strong> offre una piattaforma all&#039;avanguardia progettata per soddisfare queste esigenze in continua evoluzione.<\/p>\n\n\n\n<h2 class=\"wp-block-heading\">What Is Cloud-Based Taxi Dispatch Software?<\/h2>\n\n\n\n<p>Cloud-based taxi dispatch software is a platform that manages the full dispatch process for taxi and cab companies from a centralised online system. Instead of running on a local server or relying on manual coordination, everything happens in the cloud \u2014 bookings, driver allocation, real-time tracking, zone management and reporting are all accessible from any device, anywhere. The terms &#8220;taxi dispatch software&#8221;, &#8220;cab dispatch software&#8221;, &#8220;taxi dispatch solution&#8221; and &#8220;taxi dispatch system&#8221; all refer to the same category of tool.<br><\/p>\n\n\n\n<h2 class=\"wp-block-heading\">AI-Powered Cloud Taxi Dispatch Software That Allocates Drivers Automatically<\/h2>\n\n\n\n<p>Traditional taxi dispatch means a controller on the phone, manually matching drivers to bookings. TransferVista replaces that with an AI dispatch engine that runs in the cloud automatically allocating the nearest available driver the moment a booking comes in, across any device, without anyone lifting a phone.<\/p>\n\n\n\n<p><strong>Software di gestione delle corse taxi con intelligenza artificiale<\/strong> Si tratta di un sistema avanzato che utilizza l&#039;intelligenza artificiale per automatizzare il processo di gestione delle corse dei taxi. I sistemi di gestione tradizionali si basavano in gran parte su operatori umani per assegnare le corse, monitorare gli autisti e gestire le richieste dei clienti. Con un software di gestione basato sull&#039;intelligenza artificiale, queste attivit\u00e0 diventano pi\u00f9 intelligenti, veloci ed efficienti.<\/p>\n\n\n\n<p>Analizzando i dati in tempo reale, prevedendo la domanda e ottimizzando i percorsi, l&#039;intelligenza artificiale aiuta le compagnie di taxi a ridurre i tempi di attesa, migliorare la soddisfazione dei clienti e massimizzare i ricavi. Ci\u00f2 si traduce in un minor numero di taxi inattivi, tempi di attesa pi\u00f9 brevi per i passeggeri e un migliore utilizzo delle risorse.<\/p>\n\n\n\n<p>Operatori alla ricerca di <strong>software di invio taxi<\/strong>, <strong>software di gestione dei taxi<\/strong>, O <strong>software di gestione taxi<\/strong> possono trarre vantaggio da piattaforme basate sull&#039;intelligenza artificiale che semplificano la gestione della flotta.<\/p>\n\n\n\n<div class=\"wp-block-buttons is-content-justification-center is-layout-flex wp-container-core-buttons-is-layout-a89b3969 wp-block-buttons-is-layout-flex\">\n<div class=\"wp-block-button\"><a class=\"wp-block-button__link wp-element-button\" href=\"https:\/\/reserve-transfer.com\/subscribe\" target=\"_blank\" rel=\"noopener\">Inizia la tua prova gratuita con TransferVista<\/a><\/div>\n<\/div>\n\n\n\n<h2 class=\"wp-block-heading\">I vantaggi del software di gestione delle prenotazioni taxi basato sul cloud<\/h2>\n\n\n\n<p>Uno dei progressi pi\u00f9 significativi nel settore dei taxi \u00e8 il passaggio a <strong>software di gestione delle corse taxi basato su cloud<\/strong>. A differenza dei tradizionali sistemi installati in loco, le soluzioni basate sul cloud consentono agli operatori di taxi di gestire l&#039;intera flotta da qualsiasi luogo, utilizzando semplicemente una connessione internet.<\/p>\n\n\n\n<p>Alcuni vantaggi chiave del software per taxi basato sul cloud includono:<\/p>\n\n\n\n<ol class=\"wp-block-list\">\n<li><strong>Aggiornamenti in tempo reale:<\/strong> Autisti, clienti e addetti alla gestione delle corse possono accedere in tempo reale alle informazioni relative alle richieste di corsa e alla posizione della flotta.<\/li>\n\n\n\n<li><strong>Scalabilit\u00e0:<\/strong> Le compagnie di taxi possono facilmente aggiungere altri veicoli o espandere le proprie attivit\u00e0 senza dover investire in hardware aggiuntivo.<\/li>\n\n\n\n<li><strong>Efficienza dei costi:<\/strong> Le soluzioni basate sul cloud eliminano la necessit\u00e0 di server costosi e di manutenzione IT.<\/li>\n\n\n\n<li><strong>Sicurezza dei dati:<\/strong> La maggior parte delle piattaforme cloud offre solide misure di sicurezza per proteggere i dati sensibili dei clienti e le informazioni operative.<\/li>\n<\/ol>\n\n\n\n<p>Con <strong>Software di gestione delle corse taxi con intelligenza artificiale<\/strong>, In questo modo, gli operatori di taxi possono snellire le operazioni, ridurre gli errori e migliorare l&#039;efficienza dell&#039;intera flotta.<\/p>\n\n\n\n<p><\/p>\n\n\n\n<h2 class=\"wp-block-heading\">How automated taxi dispatch works<\/h2>\n\n\n\n<blockquote class=\"wp-block-quote is-layout-flow wp-block-quote-is-layout-flow\">\n<p>When a booking comes in, TransferVista&#8217;s dispatch engine checks driver availability, location and current workload in real time. It assigns the job to the best available driver and sends them the details instantly \u2014 no controller needed. If a driver declines or does not respond, the system automatically re-allocates to the next best option.<\/p>\n\n\n\n<p>The result is faster pickup times, fewer missed bookings and no dependency on a single person managing the radio or phone.<\/p>\n\n\n\n<p>Here is the full automated dispatch flow:<\/p>\n\n\n\n<ol class=\"wp-block-list\">\n<li>Booking received (web, app, phone or B2B portal)<\/li>\n\n\n\n<li>System checks all available drivers in real time<\/li>\n\n\n\n<li>Nearest suitable driver is allocated automatically<\/li>\n\n\n\n<li>Driver receives job on their app and confirms<\/li>\n\n\n\n<li>Passenger receives confirmation with driver details<\/li>\n\n\n\n<li>Job tracked live until completion<\/li>\n\n\n\n<li>Invoice generated automatically<\/li>\n<\/ol>\n<\/blockquote>\n\n\n\n<h2 class=\"wp-block-heading\">Software di gestione delle prenotazioni taxi per operatori di taxi<\/h2>\n\n\n\n<p>I tassisti sono al centro del settore dei trasporti e il loro successo dipende da un&#039;operativit\u00e0 efficiente. <strong>Software di gestione delle corse taxi per operatori di taxi<\/strong> \u00c8 progettato per semplificare le operazioni quotidiane, gestire le prenotazioni e ottimizzare l&#039;assegnazione degli autisti.<\/p>\n\n\n\n<p>Con <strong>TransferVista<\/strong>, i tassisti beneficiano di una piattaforma che integra:<\/p>\n\n\n\n<ul class=\"wp-block-list\">\n<li><strong>Assegnazione automatica delle corse:<\/strong> Gli algoritmi di intelligenza artificiale assegnano le corse all&#039;autista disponibile pi\u00f9 vicino, riducendo i tempi di risposta.<\/li>\n\n\n\n<li><strong>Analisi delle prestazioni del conducente:<\/strong> Monitora l&#039;efficienza degli autisti, i tassi di completamento delle corse e le valutazioni dei clienti per migliorare la qualit\u00e0 del servizio.<\/li>\n\n\n\n<li><strong>Strumenti per la gestione della flotta:<\/strong> Monitorare l&#039;utilizzo dei veicoli, i programmi di manutenzione e il consumo di carburante per una gestione economicamente efficiente.<\/li>\n\n\n\n<li><strong>Gestione delle relazioni con i clienti (CRM):<\/strong> Gestire un database di passeggeri, clienti abituali e preferenze per offrire un servizio personalizzato.<\/li>\n<\/ul>\n\n\n\n<p>Che tu stia cercando <strong>software di invio taxi<\/strong>, <strong>software di gestione dei taxi<\/strong>, o un <strong>sistema di spedizione taxi<\/strong>, Le soluzioni basate sull&#039;intelligenza artificiale come TransferVista aiutano gli operatori ad aumentare l&#039;efficienza operativa e la soddisfazione dei passeggeri.<\/p>\n\n\n\n<div class=\"wp-block-buttons is-content-justification-center is-layout-flex wp-container-core-buttons-is-layout-a89b3969 wp-block-buttons-is-layout-flex\">\n<div class=\"wp-block-button\"><a class=\"wp-block-button__link wp-element-button\" href=\"https:\/\/reserve-transfer.com\/subscribe\" target=\"_blank\" rel=\"noopener\">Inizia la tua prova gratuita con TransferVista<\/a><\/div>\n<\/div>\n\n\n\n<h2 class=\"wp-block-heading\">Integrazioni con software di gestione delle prenotazioni taxi<\/h2>\n\n\n\n<p>Le moderne soluzioni di gestione dei taxi non sono sistemi autonomi. Offrono <strong>integrazioni del software di gestione dei taxi<\/strong> che consentono agli operatori di connettersi con gateway di pagamento, app di navigazione, piattaforme di assistenza clienti e altro ancora.<\/p>\n\n\n\n<p><strong>TransferVista<\/strong> si distingue in questo ambito offrendo integrazioni perfette con:<\/p>\n\n\n\n<ul class=\"wp-block-list\">\n<li><strong>Piattaforme di pagamento digitali:<\/strong> Consenti ai passeggeri di pagare tramite carte, portafogli digitali o pagamenti in-app.<\/li>\n\n\n\n<li><strong>Sistemi di navigazione GPS:<\/strong> Ottimizzazione del percorso in tempo reale per prelievi e consegne pi\u00f9 rapidi.<\/li>\n\n\n\n<li><strong>Strumenti di assistenza clienti:<\/strong> Integrare chatbot e sistemi di supporto per migliorare l&#039;esperienza dei passeggeri.<\/li>\n\n\n\n<li><strong>Piattaforme di trasporto di terze parti:<\/strong> Amplia la tua portata collegandoti con altri servizi di trasporto su richiesta.<\/li>\n<\/ul>\n\n\n\n<p>Queste integrazioni rendono <strong>Software di gestione delle corse taxi con intelligenza artificiale<\/strong>, <strong>software di invio taxi<\/strong>, E <strong>software di gestione taxi<\/strong> Strumenti indispensabili per le compagnie di taxi che desiderano modernizzare le proprie attivit\u00e0 e offrire un&#039;esperienza impeccabile ai passeggeri.<\/p>\n\n\n\n<h2 class=\"wp-block-heading\">Agente software per la gestione delle chiamate taxi con intelligenza artificiale<\/h2>\n\n\n\n<p>Una delle caratteristiche pi\u00f9 innovative dei moderni sistemi di gestione delle chiamate dei taxi \u00e8 la <strong>Agente software per la gestione delle prenotazioni taxi con intelligenza artificiale<\/strong>. Questo agente intelligente funge da centralinista virtuale, automatizzando la comunicazione tra autisti, passeggeri e il sistema centrale.<\/p>\n\n\n\n<p>Le principali funzionalit\u00e0 includono:<\/p>\n\n\n\n<ul class=\"wp-block-list\">\n<li><strong>Analisi predittiva della domanda:<\/strong> L&#039;intelligenza artificiale prevede le aree ad alta domanda e adegua di conseguenza l&#039;assegnazione degli autisti.<\/li>\n\n\n\n<li><strong>Notifiche automatiche ai clienti:<\/strong> I passeggeri ricevono aggiornamenti in tempo reale sulla posizione dell&#039;autista, sull&#039;orario di arrivo previsto e sulla conferma della corsa.<\/li>\n\n\n\n<li><strong>Prezzi dinamici:<\/strong> L&#039;agente basato sull&#039;intelligenza artificiale pu\u00f2 implementare tariffe dinamiche durante le ore di punta, ottimizzando i ricavi per i tassisti.<\/li>\n\n\n\n<li><strong>Gestione degli incidenti:<\/strong> Rileva automaticamente ritardi, problemi di traffico o cancellazioni e riassegna le corse secondo necessit\u00e0.<\/li>\n<\/ul>\n\n\n\n<p>Con un <strong>Agente software per la gestione delle prenotazioni taxi con intelligenza artificiale<\/strong>, gli operatori di taxi possono ridurre il carico di lavoro manuale garantendo al contempo un&#039;esperienza cliente superiore. Sia che tu stia gestendo un <strong>sistema di spedizione taxi<\/strong>, <strong>sistema di gestione delle corse in taxi<\/strong>, Che si tratti di un software per taxi o di qualsiasi altro tipo, gli agenti basati sull&#039;intelligenza artificiale semplificano le operazioni quotidiane e migliorano la produttivit\u00e0.<\/p>\n\n\n\n<h2 class=\"wp-block-heading\">Perch\u00e9 scegliere TransferVista?<\/h2>\n\n\n\n<p>Sebbene sul mercato siano presenti numerose opzioni, <strong>TransferVista<\/strong> emerge come soluzione leader per le compagnie di taxi alla ricerca di <strong>Software di gestione delle corse taxi con intelligenza artificiale<\/strong>. Ecco perch\u00e9:<\/p>\n\n\n\n<ol class=\"wp-block-list\">\n<li><strong>Interfaccia intuitiva:<\/strong> Autisti e operatori possono navigare facilmente sulla piattaforma, riducendo i tempi di formazione e gli errori.<\/li>\n\n\n\n<li><strong>Efficienza grazie all&#039;intelligenza artificiale:<\/strong> Algoritmi avanzati ottimizzano i percorsi, prevedono la domanda e assegnano le corse in modo intelligente.<\/li>\n\n\n\n<li><strong>Accessibilit\u00e0 basata sul cloud:<\/strong> Gestisci la tua flotta sempre e ovunque, senza bisogno di infrastrutture complesse.<\/li>\n\n\n\n<li><strong>Integrazioni complete:<\/strong> Integrazione perfetta con piattaforme di pagamento, navigazione e assistenza clienti.<\/li>\n\n\n\n<li><strong>Soluzione scalabile:<\/strong> Che tu abbia una piccola flotta o una grande azienda, TransferVista cresce insieme alla tua attivit\u00e0.<\/li>\n<\/ol>\n\n\n\n<p>Che tu stia cercando <strong>software di invio taxi<\/strong>, <strong>software di gestione dei taxi<\/strong>, o un <strong>sistema di gestione delle corse in taxi<\/strong>, TransferVista offre una soluzione completa per ottimizzare le operazioni e aumentare i ricavi.<\/p>\n\n\n\n<div class=\"wp-block-buttons is-content-justification-center is-layout-flex wp-container-core-buttons-is-layout-a89b3969 wp-block-buttons-is-layout-flex\">\n<div class=\"wp-block-button\"><a class=\"wp-block-button__link wp-element-button\" href=\"https:\/\/reserve-transfer.com\/subscribe\" target=\"_blank\" rel=\"noopener\">Inizia la tua prova gratuita con TransferVista<\/a><\/div>\n<\/div>\n\n\n\n<h2 class=\"wp-block-heading\">Il futuro del settore dei taxi<\/h2>\n\n\n\n<p>Il settore dei taxi si sta evolvendo e le aziende che abbracceranno la tecnologia saranno all&#039;avanguardia. <strong>Software di gestione delle corse taxi con intelligenza artificiale<\/strong> Non \u00e8 pi\u00f9 un lusso; \u00e8 una necessit\u00e0 per gli operatori che mirano a rimanere competitivi.<\/p>\n\n\n\n<p>Le soluzioni basate sull&#039;intelligenza artificiale aiutano le compagnie di taxi a:<\/p>\n\n\n\n<ul class=\"wp-block-list\">\n<li>Ridurre i costi operativi<\/li>\n\n\n\n<li>Migliorare la produttivit\u00e0 dei conducenti<\/li>\n\n\n\n<li>Migliorare l&#039;esperienza dei passeggeri<\/li>\n\n\n\n<li>Aumentare la redditivit\u00e0 complessiva<\/li>\n<\/ul>\n\n\n\n<p>Con strumenti come <strong>TransferVista<\/strong>, gestendo un <strong>sistema di spedizione taxi<\/strong>, <strong>sistema di gestione delle corse in taxi<\/strong>, o generale <strong>software per taxi<\/strong> diventa fluido ed efficiente.<\/p>\n\n\n\n<div class=\"wp-block-buttons is-content-justification-center is-layout-flex wp-container-core-buttons-is-layout-a89b3969 wp-block-buttons-is-layout-flex\">\n<div class=\"wp-block-button\"><a class=\"wp-block-button__link wp-element-button\" href=\"https:\/\/reserve-transfer.com\/subscribe\" target=\"_blank\" rel=\"noopener\">Inizia la tua prova gratuita con TransferVista<\/a><\/div>\n<\/div>\n\n\n\n<h2 class=\"wp-block-heading\">Conclusione<\/h2>\n\n\n\n<p>In sintesi, <strong>Software di gestione delle corse taxi con intelligenza artificiale<\/strong> sta trasformando il settore dei taxi automatizzando le operazioni, ottimizzando le risorse e migliorando la soddisfazione del cliente. Sistemi basati su cloud, agenti di intelligenza artificiale e integrazioni software forniscono agli operatori di taxi gli strumenti necessari per rimanere competitivi in un mercato in continua evoluzione.<\/p>\n\n\n\n<p><strong>TransferVista<\/strong> TransferVista offre una piattaforma completa, scalabile e intuitiva, progettata per soddisfare le esigenze specifiche delle compagnie di taxi. Scegliendo TransferVista, gli operatori possono abbracciare il futuro dei trasporti, ridurre le inefficienze operative e fornire ai passeggeri il servizio di qualit\u00e0 superiore che si aspettano.<\/p>\n\n\n\n<p>Per i tassisti che desiderano modernizzare le proprie attivit\u00e0, <strong>Software di gestione delle corse taxi con intelligenza artificiale<\/strong>, <strong>software di invio taxi<\/strong>, <strong>software di gestione dei taxi<\/strong>, <strong>software di gestione taxi<\/strong>, <strong>software per taxi<\/strong>, <strong>sistema di spedizione taxi<\/strong>, E <strong>sistema di gestione delle corse in taxi<\/strong> TransferVista \u00e8 la soluzione definitiva per efficienza, redditivit\u00e0 e crescita.<\/p>","protected":false},"excerpt":{"rendered":"<p>In today\u2019s fast-paced world, the taxi industry is undergoing a technological transformation. Customers expect fast, reliable, and seamless rides, while taxi operators are seeking ways to optimize their fleet management and operations. Enter Taxi dispatch software with AI \u2014 a revolutionary solution that is redefining how taxi companies operate. For taxi operators looking to stay [&hellip;]<\/p>\n","protected":false},"author":2,"featured_media":0,"parent":0,"menu_order":0,"comment_status":"closed","ping_status":"closed","template":"","meta":{"footnotes":""},"class_list":["post-1281","page","type-page","status-publish","hentry"],"blocksy_meta":[],"_links":{"self":[{"href":"https:\/\/transfervista.com\/it\/wp-json\/wp\/v2\/pages\/1281","targetHints":{"allow":["GET"]}}],"collection":[{"href":"https:\/\/transfervista.com\/it\/wp-json\/wp\/v2\/pages"}],"about":[{"href":"https:\/\/transfervista.com\/it\/wp-json\/wp\/v2\/types\/page"}],"author":[{"embeddable":true,"href":"https:\/\/transfervista.com\/it\/wp-json\/wp\/v2\/users\/2"}],"replies":[{"embeddable":true,"href":"https:\/\/transfervista.com\/it\/wp-json\/wp\/v2\/comments?post=1281"}],"version-history":[{"count":2,"href":"https:\/\/transfervista.com\/it\/wp-json\/wp\/v2\/pages\/1281\/revisions"}],"predecessor-version":[{"id":1694,"href":"https:\/\/transfervista.com\/it\/wp-json\/wp\/v2\/pages\/1281\/revisions\/1694"}],"wp:attachment":[{"href":"https:\/\/transfervista.com\/it\/wp-json\/wp\/v2\/media?parent=1281"}],"curies":[{"name":"wp","href":"https:\/\/api.w.org\/{rel}","templated":true}]}}