{"id":1250,"date":"2025-11-13T18:10:01","date_gmt":"2025-11-13T16:10:01","guid":{"rendered":"https:\/\/transfervista.com\/?page_id=1250"},"modified":"2025-11-14T19:44:44","modified_gmt":"2025-11-14T17:44:44","slug":"transfer-services-api","status":"publish","type":"page","link":"https:\/\/transfervista.com\/it\/transfer-services-api\/","title":{"rendered":"API per i servizi di trasferimento e API per i trasferimenti aeroportuali"},"content":{"rendered":"<p><\/p>\n\n\n\n<h3 class=\"wp-block-heading\">Potenzia la tua attivit\u00e0 con l&#039;integrazione di trasferimento senza soluzione di continuit\u00e0<\/h3>\n\n\n\n<p>Che tu sia un&#039;agenzia di viaggi, un hotel, una compagnia aerea o una piattaforma di mobilit\u00e0, <strong>API dei servizi di trasferimento di TransferVista<\/strong> Ti permette di offrire facilmente ai tuoi clienti trasferimenti via terra affidabili, dal prelievo in aeroporto al trasporto in hotel e altro ancora.<\/p>\n\n\n\n<p>La nostra API fornisce tutto ci\u00f2 di cui hai bisogno per <strong>ricerca, preventivo e prenotazione trasferimenti<\/strong> in tempo reale, collegandoti direttamente con una rete di persone fidate <strong>societ\u00e0 di trasferimento e operatori<\/strong> in tutto il mondo.<\/p>\n\n\n\n<p>Integrando la nostra API, puoi:<\/p>\n\n\n\n<ul class=\"wp-block-list\">\n<li>Offri trasferimenti porta a porta direttamente tramite la tua app o il tuo sito web.<\/li>\n\n\n\n<li>Accedi a preventivi e disponibilit\u00e0 immediati.<\/li>\n\n\n\n<li>Prenota e gestisci i trasferimenti senza sforzo tramite una semplice e moderna API REST.<\/li>\n\n\n\n<li>Collabora con operatori locali verificati che gestiscono ogni corsa con professionalit\u00e0.<\/li>\n\n\n\n<li>Ampliate la vostra offerta di prodotti e create nuove fonti di reddito senza dover gestire una vostra flotta.<\/li>\n<\/ul>\n\n\n\n<div class=\"wp-block-buttons is-content-justification-center is-layout-flex wp-container-core-buttons-is-layout-a89b3969 wp-block-buttons-is-layout-flex\">\n<div class=\"wp-block-button\"><a class=\"wp-block-button__link wp-element-button\" href=\"https:\/\/transfervista.com\/it\/contatto\/\">Prenota una chiamata con noi<\/a><\/div>\n<\/div>\n\n\n\n<hr class=\"wp-block-separator has-alpha-channel-opacity\"\/>\n\n\n\n<h3 class=\"wp-block-heading\">\u2699\ufe0f Come si utilizza la nostra API per i trasferimenti aeroportuali?<\/h3>\n\n\n\n<p>L&#039;API Transfer Services funziona in modo molto semplice. \u00c8 possibile eseguire principalmente 3 tipi di azioni:<\/p>\n\n\n\n<ol class=\"wp-block-list\">\n<li><strong>Richiedi un preventivo<\/strong> \u2013 Invia una richiesta con i dettagli di ritiro e consegna per ricevere immediatamente le opzioni di trasferimento, i prezzi e le tipologie di veicoli.<\/li>\n\n\n\n<li><strong>Prenota un trasferimento<\/strong> \u2013 Conferma la prenotazione direttamente tramite API con i dettagli del passeggero e le informazioni di pagamento.<\/li>\n\n\n\n<li><strong>Gestisci i trasferimenti<\/strong> \u2013 Visualizza, modifica o annulla i trasferimenti con facilit\u00e0, mentre gli operatori locali si occupano dell&#039;esecuzione e della logistica.<\/li>\n<\/ol>\n\n\n\n<p>Il nostro sistema garantisce una comunicazione fluida tra la tua piattaforma, i tuoi clienti e i fornitori di servizi di trasferimento, il tutto tramite un&#039;unica API unificata.<\/p>\n\n\n\n<div class=\"wp-block-buttons is-content-justification-center is-layout-flex wp-container-core-buttons-is-layout-a89b3969 wp-block-buttons-is-layout-flex\">\n<div class=\"wp-block-button\"><a class=\"wp-block-button__link wp-element-button\" href=\"https:\/\/transfervista.com\/it\/contatto\/\">Prenota una chiamata con noi<\/a><\/div>\n<\/div>\n\n\n\n<hr class=\"wp-block-separator has-alpha-channel-opacity\"\/>\n\n\n\n<h2 class=\"wp-block-heading\">\ud83d\udca1 Perch\u00e9 scegliere TransferVista come API per i trasferimenti aeroportuali?<\/h2>\n\n\n\n<ul class=\"wp-block-list\">\n<li><strong>Copertura globale<\/strong>: Mettiti in contatto con gli operatori nelle principali destinazioni turistiche.<\/li>\n\n\n\n<li><strong>Veloce e affidabile<\/strong>Risposte a bassa latenza e transazioni sicure.<\/li>\n\n\n\n<li><strong>Integrazione semplice<\/strong>Architettura basata su REST con documentazione chiara e test in ambiente sandbox.<\/li>\n\n\n\n<li><strong>Scalabile<\/strong>Adatto sia alle startup che alle aziende di grandi dimensioni.<\/li>\n\n\n\n<li><strong>Prezzi trasparenti<\/strong>Paghi solo per quello che usi, senza costi nascosti.<\/li>\n<\/ul>\n\n\n\n<p><\/p>\n\n\n\n<h2 class=\"wp-block-heading\">Che cos&#039;\u00e8 un&#039;API per i trasferimenti aeroportuali?<\/h2>\n\n\n\n<p>UN <strong>API per il trasferimento aeroportuale<\/strong> Si tratta di un&#039;interfaccia software che consente a piattaforme di viaggio, compagnie aeree, agenzie di viaggio online (OTA), hotel e servizi di mobilit\u00e0 di accedere e prenotare senza problemi i trasporti terrestri da e per gli aeroporti. Invece di integrare manualmente pi\u00f9 fornitori o di creare da zero complesse logiche di prenotazione, gli sviluppatori possono utilizzare un&#039;unica API per recuperare disponibilit\u00e0 in tempo reale, prezzi, opzioni di veicolo e conferma immediata per i trasferimenti aeroportuali. Ci\u00f2 semplifica lo sviluppo e garantisce ai viaggiatori un&#039;esperienza di trasferimento fluida e affidabile.<\/p>\n\n\n\n<p>Per le aziende che operano nell&#039;ecosistema dei viaggi e della mobilit\u00e0, un&#039;API per i trasferimenti aeroportuali elimina la complessit\u00e0 operativa. Consente la connettivit\u00e0 immediata con flotte, partner di trasferimento e fornitori di servizi in tutto il mondo, garantendo al contempo standard uniformi per prenotazioni, pagamenti e comunicazioni. Grazie agli aggiornamenti automatici sullo stato del veicolo, alle istruzioni per il ritiro e alle notifiche ai clienti, le aziende possono offrire un&#039;esperienza di trasferimento di alta qualit\u00e0 e senza intoppi, senza dover gestire manualmente la logistica. Il risultato \u00e8 una maggiore soddisfazione del cliente e un aumento dei ricavi grazie a servizi a valore aggiunto.<\/p>\n\n\n\n<p><strong>API di Transfervista per i trasferimenti aeroportuali<\/strong> Transfervista porta questo concetto a un livello superiore offrendo una soluzione unificata e ad alte prestazioni, progettata per la scalabilit\u00e0 e la portata globale. Grazie a un&#039;unica integrazione, i partner possono accedere a fornitori affidabili, prezzi trasparenti, conferme automatiche e supporto multilingue, consentendo loro di concentrarsi sulla crescita del proprio business anzich\u00e9 sulla gestione delle operazioni di trasporto. Che tu sia un&#039;agenzia di viaggi online (OTA), una catena alberghiera o un&#039;app di mobilit\u00e0, Transfervista ti offre gli strumenti per offrire trasferimenti aeroportuali affidabili senza sforzo e migliorare l&#039;esperienza di viaggio complessiva dei tuoi clienti.<\/p>\n\n\n\n<hr class=\"wp-block-separator has-alpha-channel-opacity\"\/>\n\n\n\n<h2 class=\"wp-block-heading\">\u2753 Domande frequenti (FAQ)<\/h2>\n\n\n\n<p><strong>1. Cos&#039;\u00e8 l&#039;API TransferVista Transfer Services?<\/strong><br>Si tratta di un&#039;API REST che consente alle aziende di cercare, richiedere preventivi e prenotare trasferimenti via terra attraverso una rete di operatori professionisti.<\/p>\n\n\n\n<p><strong>2. Chi pu\u00f2 utilizzare questa API?<\/strong><br>Qualsiasi azienda che desideri offrire servizi di trasferimento, come agenzie di viaggio, compagnie aeree, hotel, piattaforme di prenotazione o sistemi di gestione dei viaggi aziendali.<\/p>\n\n\n\n<p><strong>3. Come posso iniziare?<\/strong><br>\u00c8 sufficiente registrarsi per ottenere una chiave API su TransferVista, accedere alla nostra documentazione per sviluppatori e iniziare a testare nel nostro ambiente sandbox.<\/p>\n\n\n\n<p><strong>4. Quali tipi di trasferimento sono supportati?<\/strong><br>La nostra API supporta diverse tipologie di trasferimento, tra cui aeroporto, porto, hotel e punti di ritiro\/consegna personalizzati.<\/p>\n\n\n\n<p><strong>5. Posso utilizzare il mio marchio quando offro trasferimenti?<\/strong><br>S\u00ec. L&#039;API \u00e8 predisposta per il white-label, consentendoti di integrarla completamente nel design e nell&#039;esperienza utente della tua piattaforma.<\/p>\n\n\n\n<p><strong>6. Come vengono effettuati i trasferimenti?<\/strong><br>I trasferimenti sono gestiti e operati dalla nostra rete di compagnie di trasferimento verificate e da operatori locali che si occupano della logistica e del servizio ai passeggeri.<\/p>\n\n\n\n<p><strong>7. L&#039;utilizzo dell&#039;API prevede dei costi?<\/strong><br>Il pagamento avviene per ogni prenotazione andata a buon fine, con prezzi flessibili in base al volume. Contatta il nostro team di vendita per maggiori dettagli su partnership e prezzi.<\/p>\n\n\n\n<p><strong>8. Posso gestire o annullare le prenotazioni tramite API?<\/strong><br>S\u00ec. L&#039;API consente la gestione completa, inclusa la visualizzazione, la modifica o la cancellazione delle prenotazioni confermate.<\/p>\n\n\n\n<p><strong>9. Fornite supporto agli sviluppatori?<\/strong><br>Certamente. Offriamo documentazione completa, codice di esempio e supporto tecnico per garantire un&#039;integrazione senza intoppi.<\/p>\n\n\n\n<div class=\"wp-block-buttons is-content-justification-center is-layout-flex wp-container-core-buttons-is-layout-a89b3969 wp-block-buttons-is-layout-flex\">\n<div class=\"wp-block-button\"><a class=\"wp-block-button__link wp-element-button\" href=\"https:\/\/transfervista.com\/it\/contatto\/\">Prenota una chiamata con noi<\/a><\/div>\n<\/div>\n\n\n\n<hr class=\"wp-block-separator has-alpha-channel-opacity\"\/>\n\n\n\n<h3 class=\"wp-block-heading\">\u2708\ufe0f Inizia l&#039;integrazione oggi stesso<\/h3>\n\n\n\n<p>Porta la potenza dei servizi di trasferimento professionali nella tua azienda.<\/p>\n\n\n\n<p>Contattaci o prenota una chiamata con noi qui: <a href=\"http:\/\/transfervista.com\/it\/contatto\/\">http:\/\/transfervista.com\/contact<\/a><\/p>","protected":false},"excerpt":{"rendered":"<p>Power Your Business with Seamless Transfer Integration Whether you\u2019re a travel agency, hotel, airline, or mobility platform, TransferVista\u2019s Transfer Services API lets you easily offer reliable ground transfers to your customers \u2014 from airport pickups to hotel drop-offs and more. Our API provides everything you need to search, quote, and book transfers in real time, [&hellip;]<\/p>\n","protected":false},"author":2,"featured_media":0,"parent":0,"menu_order":0,"comment_status":"closed","ping_status":"closed","template":"","meta":{"footnotes":""},"class_list":["post-1250","page","type-page","status-publish","hentry"],"blocksy_meta":[],"_links":{"self":[{"href":"https:\/\/transfervista.com\/it\/wp-json\/wp\/v2\/pages\/1250","targetHints":{"allow":["GET"]}}],"collection":[{"href":"https:\/\/transfervista.com\/it\/wp-json\/wp\/v2\/pages"}],"about":[{"href":"https:\/\/transfervista.com\/it\/wp-json\/wp\/v2\/types\/page"}],"author":[{"embeddable":true,"href":"https:\/\/transfervista.com\/it\/wp-json\/wp\/v2\/users\/2"}],"replies":[{"embeddable":true,"href":"https:\/\/transfervista.com\/it\/wp-json\/wp\/v2\/comments?post=1250"}],"version-history":[{"count":3,"href":"https:\/\/transfervista.com\/it\/wp-json\/wp\/v2\/pages\/1250\/revisions"}],"predecessor-version":[{"id":1268,"href":"https:\/\/transfervista.com\/it\/wp-json\/wp\/v2\/pages\/1250\/revisions\/1268"}],"wp:attachment":[{"href":"https:\/\/transfervista.com\/it\/wp-json\/wp\/v2\/media?parent=1250"}],"curies":[{"name":"wp","href":"https:\/\/api.w.org\/{rel}","templated":true}]}}