{"id":9,"date":"2025-05-12T12:17:37","date_gmt":"2025-05-12T12:17:37","guid":{"rendered":"https:\/\/transfervista.com\/?page_id=9"},"modified":"2025-05-16T13:30:28","modified_gmt":"2025-05-16T10:30:28","slug":"conditions-dutilisation","status":"publish","type":"page","link":"https:\/\/transfervista.com\/fr\/terms-of-use\/","title":{"rendered":"Conditions d&#039;utilisation"},"content":{"rendered":"<h2 class=\"wp-block-heading\"><strong>Conditions d&#039;utilisation<\/strong><\/h2>\n\n\n\n<p>Les pr\u00e9sentes conditions d&#039;utilisation (\u00ab\u00a0Contrat\u00a0\u00bb) r\u00e9gissent votre acc\u00e8s et votre utilisation de la plateforme logicielle TransferVista (\u00ab\u00a0Logiciel\u00a0\u00bb), d\u00e9tenue et exploit\u00e9e par <strong>Marketup Media<\/strong>En utilisant le Logiciel, vous acceptez d&#039;\u00eatre li\u00e9 par le pr\u00e9sent Contrat. En cas de d\u00e9saccord, vous ne devez ni acc\u00e9der au Logiciel ni l&#039;utiliser.<\/p>\n\n\n\n<hr class=\"wp-block-separator has-alpha-channel-opacity\"\/>\n\n\n\n<h3 class=\"wp-block-heading\">1. <strong>Droit de modifier les conditions<\/strong><\/h3>\n\n\n\n<p>Marketup Media se r\u00e9serve le droit de modifier, d&#039;amender ou de mettre \u00e0 jour les pr\u00e9sentes Conditions d&#039;utilisation \u00e0 tout moment et sans pr\u00e9avis. L&#039;utilisation continue du Logiciel apr\u00e8s ces modifications vaut acceptation des nouvelles conditions.<\/p>\n\n\n\n<hr class=\"wp-block-separator has-alpha-channel-opacity\"\/>\n\n\n\n<h3 class=\"wp-block-heading\">2. <strong>Propri\u00e9t\u00e9 et propri\u00e9t\u00e9 intellectuelle<\/strong><\/h3>\n\n\n\n<ul class=\"wp-block-list\">\n<li>Tout le code source, la conception, les structures de donn\u00e9es et le contenu du logiciel TransferVista, y compris, mais sans s&#039;y limiter, la marque, le logo et l&#039;interface, sont la propri\u00e9t\u00e9 de <strong>propri\u00e9t\u00e9 exclusive de Marketup Media<\/strong>.<\/li>\n\n\n\n<li>La copie, la modification, la distribution ou l&#039;ing\u00e9nierie inverse de toute partie du logiciel est strictement interdite.<\/li>\n\n\n\n<li>Le <strong>TransferVista<\/strong> le nom, le logo et toute la propri\u00e9t\u00e9 intellectuelle associ\u00e9e sont prot\u00e9g\u00e9s par les lois applicables sur le droit d&#039;auteur et les marques.<\/li>\n<\/ul>\n\n\n\n<hr class=\"wp-block-separator has-alpha-channel-opacity\"\/>\n\n\n\n<h3 class=\"wp-block-heading\">3. <strong>Licence et utilisation<\/strong><\/h3>\n\n\n\n<ul class=\"wp-block-list\">\n<li>Une licence non exclusive et non transf\u00e9rable est accord\u00e9e au client (titulaire de licence) pour un usage professionnel interne uniquement.<\/li>\n\n\n\n<li>La licence est li\u00e9e \u00e0 la <strong>identifiant unique du client<\/strong> et ne peut \u00eatre sous-licenci\u00e9, revendu, lou\u00e9 ou autrement fourni \u00e0 des tiers ou \u00e0 d&#039;autres soci\u00e9t\u00e9s.<\/li>\n\n\n\n<li>L&#039;utilisation du logiciel en dehors de la soci\u00e9t\u00e9 sous licence constitue une violation substantielle du pr\u00e9sent contrat. Dans ce cas, Marketup Media se r\u00e9serve le droit de <strong>mettre fin imm\u00e9diatement \u00e0 l&#039;acc\u00e8s<\/strong> au logiciel.<\/li>\n<\/ul>\n\n\n\n<hr class=\"wp-block-separator has-alpha-channel-opacity\"\/>\n\n\n\n<h3 class=\"wp-block-heading\">4. <strong>Tarification et paiement<\/strong><\/h3>\n\n\n\n<ul class=\"wp-block-list\">\n<li>L&#039;utilisation du logiciel est soumise \u00e0 des frais de licence, qui peuvent \u00eatre factur\u00e9s <strong>mensuellement, semestriellement ou annuellement<\/strong>, ou en tant que <strong>pourcentage de r\u00e9servations<\/strong>, ou en tant que <strong>combinaison<\/strong> de ce qui pr\u00e9c\u00e8de.<\/li>\n\n\n\n<li>Les honoraires convenus comprennent l\u2019acc\u00e8s au support technique.<\/li>\n\n\n\n<li>Le non-respect des paiements en temps opportun entra\u00eenera <strong>d\u00e9sactivation automatique<\/strong> du logiciel. Toutes les fonctionnalit\u00e9s seront suspendues jusqu&#039;\u00e0 ce que le statut de paiement soit r\u00e9tabli \u00e0 \u00ab\u00a0actif\u00a0\u00bb.<\/li>\n<\/ul>\n\n\n\n<hr class=\"wp-block-separator has-alpha-channel-opacity\"\/>\n\n\n\n<h3 class=\"wp-block-heading\">5. <strong>Assistance et mises \u00e0 jour<\/strong><\/h3>\n\n\n\n<ul class=\"wp-block-list\">\n<li>Le support technique est inclus dans tous les plans payants et fourni pendant les heures normales de bureau.<\/li>\n\n\n\n<li>Marketup Media peut fournir des mises \u00e0 jour, des am\u00e9liorations ou des correctifs au logiciel \u00e0 sa discr\u00e9tion, ce qui peut modifier ou changer les fonctionnalit\u00e9s.<\/li>\n<\/ul>\n\n\n\n<hr class=\"wp-block-separator has-alpha-channel-opacity\"\/>\n\n\n\n<h3 class=\"wp-block-heading\">6. <strong>Limitations de responsabilit\u00e9<\/strong><\/h3>\n\n\n\n<ul class=\"wp-block-list\">\n<li>TransferVista est fourni \u00ab<strong>tel quel<\/strong>&quot; et &quot;<strong>selon disponibilit\u00e9<\/strong>&quot; sans aucune garantie d&#039;aucune sorte, expresse ou implicite.<\/li>\n\n\n\n<li>Marketup Media doit <strong>ne pas \u00eatre responsable<\/strong> pour:\n<ul class=\"wp-block-list\">\n<li>Interruption temporaire ou d\u00e9finitive du service,<\/li>\n\n\n\n<li>Bugs logiciels, pannes de services tiers ou pannes Internet,<\/li>\n\n\n\n<li>N&#039;importe lequel <strong>perte de revenus, de donn\u00e9es ou de b\u00e9n\u00e9fices<\/strong> r\u00e9sultant de l&#039;utilisation ou de l&#039;impossibilit\u00e9 d&#039;utiliser le Logiciel.<\/li>\n<\/ul>\n<\/li>\n\n\n\n<li>L&#039;utilisateur renonce explicitement \u00e0 tout droit de r\u00e9clamation <strong>pertes de profits ou dommages<\/strong> de Marketup Media sous n&#039;importe quelle th\u00e9orie juridique.<\/li>\n<\/ul>\n\n\n\n<hr class=\"wp-block-separator has-alpha-channel-opacity\"\/>\n\n\n\n<h3 class=\"wp-block-heading\">7. <strong>Utilisation acceptable et restrictions<\/strong><\/h3>\n\n\n\n<ul class=\"wp-block-list\">\n<li>Les utilisateurs ne peuvent utiliser TransferVista qu&#039;aux fins pr\u00e9vues\u00a0: <strong>gestion et exploitation des services de transfert<\/strong>, y compris les zones de r\u00e9glage et la tarification des transferts.<\/li>\n\n\n\n<li>L&#039;utilisation non autoris\u00e9e ou malveillante est strictement interdite.<\/li>\n\n\n\n<li>Toute tentative de contournement de licence, de piratage ou d&#039;utilisation abusive du syst\u00e8me entra\u00eenera la suspension imm\u00e9diate du compte et des poursuites judiciaires si n\u00e9cessaire.<\/li>\n<\/ul>\n\n\n\n<hr class=\"wp-block-separator has-alpha-channel-opacity\"\/>\n\n\n\n<h3 class=\"wp-block-heading\">8. <strong>Terminaison<\/strong><\/h3>\n\n\n\n<ul class=\"wp-block-list\">\n<li>Marketup Media peut mettre fin \u00e0 l&#039;acc\u00e8s au logiciel <strong>imm\u00e9diatement et sans pr\u00e9avis<\/strong> si ces conditions sont viol\u00e9es.<\/li>\n\n\n\n<li>En cas de r\u00e9siliation, l&#039;utilisateur doit imm\u00e9diatement cesser toute utilisation et d\u00e9truire tout contenu stock\u00e9 localement ou toute sauvegarde du Logiciel.<\/li>\n<\/ul>\n\n\n\n<hr class=\"wp-block-separator has-alpha-channel-opacity\"\/>\n\n\n\n<h3 class=\"wp-block-heading\">9. <strong>Loi applicable<\/strong><\/h3>\n\n\n\n<p>Le pr\u00e9sent Contrat est r\u00e9gi et interpr\u00e9t\u00e9 conform\u00e9ment au droit grec. Tout litige sera soumis \u00e0 la comp\u00e9tence exclusive des tribunaux d&#039;H\u00e9raklion, en Cr\u00e8te.<\/p>\n\n\n\n<hr class=\"wp-block-separator has-alpha-channel-opacity\"\/>\n\n\n\n<h3 class=\"wp-block-heading\">10. <strong>Contact<\/strong><\/h3>\n\n\n\n<p>Pour toute question concernant ces conditions, veuillez contacter :<br><strong>Marketup Media<\/strong><br>E-mail: <a href=\"mailto:info@transfervista.com\">info@transfervista.com<\/a><br>Site web: <a class=\"\" href=\"https:\/\/transfervista.com\/fr\/\">www.transfervista.com<\/a><\/p>","protected":false},"excerpt":{"rendered":"<p>Terms of Use These Terms of Use (\u201cAgreement\u201d) govern your access to and use of the TransferVista software platform (\u201cSoftware\u201d), owned and operated by Marketup Media. By using the Software, you agree to be bound by this Agreement. If you do not agree, you must not access or use the Software. 1. Right to Modify [&hellip;]<\/p>\n","protected":false},"author":1,"featured_media":0,"parent":0,"menu_order":0,"comment_status":"closed","ping_status":"closed","template":"","meta":{"footnotes":""},"class_list":["post-9","page","type-page","status-publish","hentry"],"blocksy_meta":[],"_links":{"self":[{"href":"https:\/\/transfervista.com\/fr\/wp-json\/wp\/v2\/pages\/9","targetHints":{"allow":["GET"]}}],"collection":[{"href":"https:\/\/transfervista.com\/fr\/wp-json\/wp\/v2\/pages"}],"about":[{"href":"https:\/\/transfervista.com\/fr\/wp-json\/wp\/v2\/types\/page"}],"author":[{"embeddable":true,"href":"https:\/\/transfervista.com\/fr\/wp-json\/wp\/v2\/users\/1"}],"replies":[{"embeddable":true,"href":"https:\/\/transfervista.com\/fr\/wp-json\/wp\/v2\/comments?post=9"}],"version-history":[{"count":3,"href":"https:\/\/transfervista.com\/fr\/wp-json\/wp\/v2\/pages\/9\/revisions"}],"predecessor-version":[{"id":23,"href":"https:\/\/transfervista.com\/fr\/wp-json\/wp\/v2\/pages\/9\/revisions\/23"}],"wp:attachment":[{"href":"https:\/\/transfervista.com\/fr\/wp-json\/wp\/v2\/media?parent=9"}],"curies":[{"name":"wp","href":"https:\/\/api.w.org\/{rel}","templated":true}]}}