{"id":3,"date":"2025-05-12T12:16:52","date_gmt":"2025-05-12T12:16:52","guid":{"rendered":"https:\/\/transfervista.com\/?page_id=3"},"modified":"2025-05-16T13:32:22","modified_gmt":"2025-05-16T10:32:22","slug":"politique-de-confidentialite","status":"publish","type":"page","link":"https:\/\/transfervista.com\/fr\/privacy-policy\/","title":{"rendered":"politique de confidentialit\u00e9"},"content":{"rendered":"<h2 class=\"wp-block-heading\"><strong>politique de confidentialit\u00e9<\/strong><\/h2>\n\n\n\n<p>Cette politique de confidentialit\u00e9 explique comment <strong>Marketup Media<\/strong> (\u00ab nous \u00bb, \u00ab notre \u00bb ou \u00ab nos \u00bb) collecte, utilise, divulgue et prot\u00e8ge les informations relatives \u00e0 votre utilisation du <strong>TransferVista<\/strong> logiciel et site web.<\/p>\n\n\n\n<hr class=\"wp-block-separator has-alpha-channel-opacity\"\/>\n\n\n\n<h3 class=\"wp-block-heading\">1. <strong>Informations que nous collectons<\/strong><\/h3>\n\n\n\n<p>Nous pouvons collecter les types d\u2019informations suivants :<\/p>\n\n\n\n<h4 class=\"wp-block-heading\">un. <strong>Informations utilisateur<\/strong><\/h4>\n\n\n\n<ul class=\"wp-block-list\">\n<li>Nom complet, nom de l&#039;entreprise<\/li>\n\n\n\n<li>Adresse e-mail, num\u00e9ro de t\u00e9l\u00e9phone<\/li>\n\n\n\n<li>D\u00e9tails de paiement (trait\u00e9s en toute s\u00e9curit\u00e9 via des processeurs de paiement tiers)<\/li>\n<\/ul>\n\n\n\n<h4 class=\"wp-block-heading\">b. <strong>R\u00e9servation et donn\u00e9es client<\/strong><\/h4>\n\n\n\n<ul class=\"wp-block-list\">\n<li>Noms des passagers et coordonn\u00e9es (tels que saisis par les utilisateurs)<\/li>\n\n\n\n<li>Lieux de prise en charge et de d\u00e9p\u00f4t<\/li>\n\n\n\n<li>Dates et heures des transferts programm\u00e9s<\/li>\n<\/ul>\n\n\n\n<h4 class=\"wp-block-heading\">c. <strong>Donn\u00e9es d&#039;utilisation<\/strong><\/h4>\n\n\n\n<ul class=\"wp-block-list\">\n<li>adresses IP<\/li>\n\n\n\n<li>Type et version du navigateur<\/li>\n\n\n\n<li>Syst\u00e8me op\u00e9rateur<\/li>\n\n\n\n<li>Pages visit\u00e9es et actions r\u00e9alis\u00e9es sur la plateforme<\/li>\n<\/ul>\n\n\n\n<hr class=\"wp-block-separator has-alpha-channel-opacity\"\/>\n\n\n\n<h3 class=\"wp-block-heading\">2. <strong>Comment nous utilisons vos informations<\/strong><\/h3>\n\n\n\n<p>Nous utilisons les informations collect\u00e9es pour :<\/p>\n\n\n\n<ul class=\"wp-block-list\">\n<li>Fournir et maintenir le logiciel TransferVista<\/li>\n\n\n\n<li>Traiter les paiements et g\u00e9rer la facturation<\/li>\n\n\n\n<li>Communiquer avec les utilisateurs au sujet des mises \u00e0 jour ou de l&#039;assistance<\/li>\n\n\n\n<li>Am\u00e9liorer les performances et les fonctionnalit\u00e9s de la plateforme<\/li>\n\n\n\n<li>Se conformer aux obligations l\u00e9gales<\/li>\n<\/ul>\n\n\n\n<hr class=\"wp-block-separator has-alpha-channel-opacity\"\/>\n\n\n\n<h3 class=\"wp-block-heading\">3. <strong>Partage d&#039;informations<\/strong><\/h3>\n\n\n\n<p>Nous <strong>ne pas vendre ni louer<\/strong> Vos informations personnelles. Nous ne pouvons partager vos donn\u00e9es que dans les cas suivants\u00a0:<\/p>\n\n\n\n<ul class=\"wp-block-list\">\n<li><strong>Avec les prestataires de services<\/strong> (par exemple, processeurs de paiement, services d&#039;h\u00e9bergement) sous stricte confidentialit\u00e9<\/li>\n\n\n\n<li><strong>Si la loi l&#039;exige<\/strong> ou pour r\u00e9pondre \u00e0 des proc\u00e9dures judiciaires<\/li>\n\n\n\n<li><strong>En cas de transfert d&#039;entreprise<\/strong>, comme une fusion ou une acquisition, avec pr\u00e9avis fourni<\/li>\n<\/ul>\n\n\n\n<hr class=\"wp-block-separator has-alpha-channel-opacity\"\/>\n\n\n\n<h3 class=\"wp-block-heading\">4. <strong>S\u00e9curit\u00e9 des donn\u00e9es<\/strong><\/h3>\n\n\n\n<p>Nous mettons en \u0153uvre des mesures de s\u00e9curit\u00e9 appropri\u00e9es pour prot\u00e9ger vos donn\u00e9es personnelles contre tout acc\u00e8s, modification ou divulgation non autoris\u00e9s.<\/p>\n\n\n\n<ul class=\"wp-block-list\">\n<li>Connexions crypt\u00e9es (SSL\/HTTPS)<\/li>\n\n\n\n<li>Infrastructure de serveur s\u00e9curis\u00e9e<\/li>\n\n\n\n<li>Contr\u00f4les d&#039;acc\u00e8s et authentification<\/li>\n<\/ul>\n\n\n\n<hr class=\"wp-block-separator has-alpha-channel-opacity\"\/>\n\n\n\n<h3 class=\"wp-block-heading\">5. <strong>Conservation des donn\u00e9es<\/strong><\/h3>\n\n\n\n<p>Nous conservons les donn\u00e9es utilisateur aussi longtemps que n\u00e9cessaire pour atteindre les objectifs d\u00e9crits dans la pr\u00e9sente politique ou conform\u00e9ment \u00e0 la loi. Vous pouvez demander la suppression de votre compte et de vos donn\u00e9es \u00e0 tout moment en nous contactant.<\/p>\n\n\n\n<hr class=\"wp-block-separator has-alpha-channel-opacity\"\/>\n\n\n\n<h3 class=\"wp-block-heading\">6. <strong>Cookies<\/strong><\/h3>\n\n\n\n<p>TransferVista peut utiliser des cookies pour :<\/p>\n\n\n\n<ul class=\"wp-block-list\">\n<li>Enregistrer les pr\u00e9f\u00e9rences de connexion<\/li>\n\n\n\n<li>Analyser les mod\u00e8les d&#039;utilisation<\/li>\n\n\n\n<li>Am\u00e9liorer l&#039;exp\u00e9rience du site Web<\/li>\n<\/ul>\n\n\n\n<p>Vous pouvez d\u00e9sactiver les cookies via les param\u00e8tres de votre navigateur.<\/p>\n\n\n\n<hr class=\"wp-block-separator has-alpha-channel-opacity\"\/>\n\n\n\n<h3 class=\"wp-block-heading\">7. <strong>Droits des utilisateurs (conformit\u00e9 au RGPD)<\/strong><\/h3>\n\n\n\n<p>Si vous \u00eates situ\u00e9 dans l&#039;UE ou l&#039;EEE, vous avez le droit de :<\/p>\n\n\n\n<ul class=\"wp-block-list\">\n<li>Acc\u00e9der \u00e0 vos donn\u00e9es personnelles<\/li>\n\n\n\n<li>Corriger les informations inexactes<\/li>\n\n\n\n<li>Demander la suppression de vos donn\u00e9es<\/li>\n\n\n\n<li>S&#039;opposer au traitement des donn\u00e9es<\/li>\n\n\n\n<li>Demander la portabilit\u00e9 des donn\u00e9es<\/li>\n<\/ul>\n\n\n\n<p>Pour exercer vos droits, contactez-nous \u00e0 l&#039;adresse email ci-dessous.<\/p>\n\n\n\n<hr class=\"wp-block-separator has-alpha-channel-opacity\"\/>\n\n\n\n<h3 class=\"wp-block-heading\">8. <strong>Services tiers<\/strong><\/h3>\n\n\n\n<p>TransferVista peut s&#039;int\u00e9grer \u00e0 des plateformes tierces (par exemple, passerelles de paiement, API cartographiques). Ces services disposent de leurs propres politiques de confidentialit\u00e9, que nous vous encourageons \u00e0 consulter.<\/p>\n\n\n\n<hr class=\"wp-block-separator has-alpha-channel-opacity\"\/>\n\n\n\n<h3 class=\"wp-block-heading\">9. <strong>Modifications de cette politique<\/strong><\/h3>\n\n\n\n<p>Nous pouvons mettre \u00e0 jour cette Politique de confidentialit\u00e9 \u00e0 tout moment. Les modifications seront publi\u00e9es sur notre site web avec une date d&#039;entr\u00e9e en vigueur r\u00e9vis\u00e9e.<\/p>\n\n\n\n<hr class=\"wp-block-separator has-alpha-channel-opacity\"\/>\n\n\n\n<h3 class=\"wp-block-heading\">10. <strong>Contactez-nous<\/strong><\/h3>\n\n\n\n<p>Si vous avez des questions ou des pr\u00e9occupations concernant cette politique de confidentialit\u00e9, veuillez contacter :<\/p>\n\n\n\n<p><strong>Marketup Media<\/strong><br>E-mail: <a href=\"mailto:info@transfervista.com\">info@transfervista.com<\/a><br>Site web: <a class=\"\" href=\"https:\/\/transfervista.com\/fr\/\">www.transfervista.com<\/a><\/p>","protected":false},"excerpt":{"rendered":"<p>Privacy Policy This Privacy Policy explains how Marketup Media (&#8220;we&#8221;, &#8220;our&#8221;, or &#8220;us&#8221;) collects, uses, discloses, and protects information related to your use of the TransferVista software and website. 1. Information We Collect We may collect the following types of information: a. User Information b. Booking &amp; Client Data c. Usage Data 2. How We [&hellip;]<\/p>\n","protected":false},"author":1,"featured_media":0,"parent":0,"menu_order":0,"comment_status":"closed","ping_status":"open","template":"","meta":{"footnotes":""},"class_list":["post-3","page","type-page","status-publish","hentry"],"blocksy_meta":[],"_links":{"self":[{"href":"https:\/\/transfervista.com\/fr\/wp-json\/wp\/v2\/pages\/3","targetHints":{"allow":["GET"]}}],"collection":[{"href":"https:\/\/transfervista.com\/fr\/wp-json\/wp\/v2\/pages"}],"about":[{"href":"https:\/\/transfervista.com\/fr\/wp-json\/wp\/v2\/types\/page"}],"author":[{"embeddable":true,"href":"https:\/\/transfervista.com\/fr\/wp-json\/wp\/v2\/users\/1"}],"replies":[{"embeddable":true,"href":"https:\/\/transfervista.com\/fr\/wp-json\/wp\/v2\/comments?post=3"}],"version-history":[{"count":3,"href":"https:\/\/transfervista.com\/fr\/wp-json\/wp\/v2\/pages\/3\/revisions"}],"predecessor-version":[{"id":25,"href":"https:\/\/transfervista.com\/fr\/wp-json\/wp\/v2\/pages\/3\/revisions\/25"}],"wp:attachment":[{"href":"https:\/\/transfervista.com\/fr\/wp-json\/wp\/v2\/media?parent=3"}],"curies":[{"name":"wp","href":"https:\/\/api.w.org\/{rel}","templated":true}]}}