{"id":1281,"date":"2025-11-14T20:31:57","date_gmt":"2025-11-14T18:31:57","guid":{"rendered":"https:\/\/transfervista.com\/?page_id=1281"},"modified":"2026-03-22T03:58:09","modified_gmt":"2026-03-22T01:58:09","slug":"ai-taxi-dispatch-software","status":"publish","type":"page","link":"https:\/\/transfervista.com\/fr\/ai-taxi-dispatch-software\/","title":{"rendered":"Cloud-Based AI Taxi Dispatch Software for Cab Companies (2026)"},"content":{"rendered":"<p>Dans le monde actuel, qui \u00e9volue \u00e0 un rythme effr\u00e9n\u00e9, le secteur du taxi conna\u00eet une transformation technologique majeure. Les clients exigent des courses rapides, fiables et sans encombre, tandis que les exploitants de taxis cherchent \u00e0 optimiser la gestion et l&#039;exploitation de leur flotte. <strong>Logiciel de r\u00e9partition des taxis avec IA<\/strong> \u2014 une solution r\u00e9volutionnaire qui red\u00e9finit le fonctionnement des compagnies de taxis. Pour les exploitants de taxis qui souhaitent garder une longueur d&#039;avance, <strong>TransferVista<\/strong> offre une plateforme de pointe con\u00e7ue pour r\u00e9pondre \u00e0 ces exigences en constante \u00e9volution.<\/p>\n\n\n\n<h2 class=\"wp-block-heading\">What Is Cloud-Based Taxi Dispatch Software?<\/h2>\n\n\n\n<p>Cloud-based taxi dispatch software is a platform that manages the full dispatch process for taxi and cab companies from a centralised online system. Instead of running on a local server or relying on manual coordination, everything happens in the cloud \u2014 bookings, driver allocation, real-time tracking, zone management and reporting are all accessible from any device, anywhere. The terms &#8220;taxi dispatch software&#8221;, &#8220;cab dispatch software&#8221;, &#8220;taxi dispatch solution&#8221; and &#8220;taxi dispatch system&#8221; all refer to the same category of tool.<br><\/p>\n\n\n\n<h2 class=\"wp-block-heading\">AI-Powered Cloud Taxi Dispatch Software That Allocates Drivers Automatically<\/h2>\n\n\n\n<p>Traditional taxi dispatch means a controller on the phone, manually matching drivers to bookings. TransferVista replaces that with an AI dispatch engine that runs in the cloud automatically allocating the nearest available driver the moment a booking comes in, across any device, without anyone lifting a phone.<\/p>\n\n\n\n<p><strong>Logiciel de r\u00e9partition des taxis avec IA<\/strong> Il s&#039;agit d&#039;un syst\u00e8me avanc\u00e9 qui utilise l&#039;intelligence artificielle pour automatiser la r\u00e9partition des taxis. Les syst\u00e8mes de r\u00e9partition traditionnels d\u00e9pendaient fortement d&#039;op\u00e9rateurs humains pour attribuer les courses, suivre les chauffeurs et g\u00e9rer les demandes des clients. Gr\u00e2ce \u00e0 ce logiciel de r\u00e9partition bas\u00e9 sur l&#039;IA, ces t\u00e2ches deviennent plus intelligentes, plus rapides et plus efficaces.<\/p>\n\n\n\n<p>En analysant les donn\u00e9es en temps r\u00e9el, en pr\u00e9voyant la demande et en optimisant les itin\u00e9raires, l&#039;IA aide les compagnies de taxis \u00e0 r\u00e9duire les temps d&#039;attente, \u00e0 am\u00e9liorer la satisfaction client et \u00e0 maximiser leurs revenus. Il en r\u00e9sulte moins de taxis immobilis\u00e9s, des temps d&#039;attente plus courts pour les passagers et une meilleure utilisation des ressources.<\/p>\n\n\n\n<p>Op\u00e9rateurs \u00e0 la recherche de <strong>logiciel de r\u00e9partition des taxis<\/strong>, <strong>logiciel de r\u00e9partition des taxis<\/strong>, ou <strong>logiciel de r\u00e9partition des taxis<\/strong> peuvent tirer profit de plateformes bas\u00e9es sur l&#039;IA qui simplifient la gestion de flotte.<\/p>\n\n\n\n<div class=\"wp-block-buttons is-content-justification-center is-layout-flex wp-container-core-buttons-is-layout-a89b3969 wp-block-buttons-is-layout-flex\">\n<div class=\"wp-block-button\"><a class=\"wp-block-button__link wp-element-button\" href=\"https:\/\/reserve-transfer.com\/subscribe\" target=\"_blank\" rel=\"noopener\">D\u00e9marrez votre essai gratuit avec TransferVista<\/a><\/div>\n<\/div>\n\n\n\n<h2 class=\"wp-block-heading\">Les avantages d&#039;un logiciel de r\u00e9partition de taxis bas\u00e9 sur le cloud<\/h2>\n\n\n\n<p>L&#039;une des avanc\u00e9es les plus significatives dans le secteur des taxis est le passage \u00e0 <strong>logiciel de r\u00e9partition de taxis bas\u00e9 sur le cloud<\/strong>. Contrairement aux syst\u00e8mes traditionnels sur site, les solutions bas\u00e9es sur le cloud permettent aux exploitants de taxis de g\u00e9rer l&#039;ensemble de leur flotte depuis n&#039;importe o\u00f9, en utilisant simplement une connexion internet.<\/p>\n\n\n\n<p>Voici quelques avantages cl\u00e9s des logiciels de taxi bas\u00e9s sur le cloud\u00a0:<\/p>\n\n\n\n<ol class=\"wp-block-list\">\n<li><strong>Mises \u00e0 jour en temps r\u00e9el\u00a0:<\/strong> Les chauffeurs, les clients et les r\u00e9partiteurs peuvent tous acc\u00e9der aux informations en temps r\u00e9el concernant les demandes de courses et la localisation des v\u00e9hicules.<\/li>\n\n\n\n<li><strong>\u00c9volutivit\u00e9 :<\/strong> Les compagnies de taxis peuvent facilement ajouter des v\u00e9hicules ou \u00e9tendre leurs activit\u00e9s sans investir dans du mat\u00e9riel suppl\u00e9mentaire.<\/li>\n\n\n\n<li><strong>Rentabilit\u00e9 :<\/strong> Les solutions bas\u00e9es sur le cloud \u00e9liminent le besoin de serveurs co\u00fbteux et de maintenance informatique.<\/li>\n\n\n\n<li><strong>S\u00e9curit\u00e9 des donn\u00e9es :<\/strong> La plupart des plateformes cloud offrent des mesures de s\u00e9curit\u00e9 robustes pour prot\u00e9ger les donn\u00e9es sensibles des clients et les donn\u00e9es op\u00e9rationnelles.<\/li>\n<\/ol>\n\n\n\n<p>Avec <strong>Logiciel de r\u00e9partition des taxis avec IA<\/strong>, Les exploitants de taxis peuvent ainsi rationaliser leurs op\u00e9rations, r\u00e9duire les erreurs et am\u00e9liorer l&#039;efficacit\u00e9 de leur flotte.<\/p>\n\n\n\n<p><\/p>\n\n\n\n<h2 class=\"wp-block-heading\">How automated taxi dispatch works<\/h2>\n\n\n\n<blockquote class=\"wp-block-quote is-layout-flow wp-block-quote-is-layout-flow\">\n<p>When a booking comes in, TransferVista&#8217;s dispatch engine checks driver availability, location and current workload in real time. It assigns the job to the best available driver and sends them the details instantly \u2014 no controller needed. If a driver declines or does not respond, the system automatically re-allocates to the next best option.<\/p>\n\n\n\n<p>The result is faster pickup times, fewer missed bookings and no dependency on a single person managing the radio or phone.<\/p>\n\n\n\n<p>Here is the full automated dispatch flow:<\/p>\n\n\n\n<ol class=\"wp-block-list\">\n<li>Booking received (web, app, phone or B2B portal)<\/li>\n\n\n\n<li>System checks all available drivers in real time<\/li>\n\n\n\n<li>Nearest suitable driver is allocated automatically<\/li>\n\n\n\n<li>Driver receives job on their app and confirms<\/li>\n\n\n\n<li>Passenger receives confirmation with driver details<\/li>\n\n\n\n<li>Job tracked live until completion<\/li>\n\n\n\n<li>Invoice generated automatically<\/li>\n<\/ol>\n<\/blockquote>\n\n\n\n<h2 class=\"wp-block-heading\">Logiciel de r\u00e9partition des taxis pour les exploitants de taxis<\/h2>\n\n\n\n<p>Les exploitants de taxis sont au c\u0153ur de l&#039;industrie des transports, et leur succ\u00e8s repose sur l&#039;efficacit\u00e9 de leurs op\u00e9rations. <strong>Logiciel de r\u00e9partition des taxis pour les exploitants de taxis<\/strong> Il est con\u00e7u pour rationaliser les op\u00e9rations quotidiennes, g\u00e9rer les r\u00e9servations et optimiser l&#039;affectation des chauffeurs.<\/p>\n\n\n\n<p>Avec <strong>TransferVista<\/strong>, Les exploitants de taxis b\u00e9n\u00e9ficient d&#039;une plateforme qui int\u00e8gre\u00a0:<\/p>\n\n\n\n<ul class=\"wp-block-list\">\n<li><strong>Attribution automatis\u00e9e des trajets\u00a0:<\/strong> Les algorithmes d&#039;IA attribuent les courses au chauffeur disponible le plus proche, r\u00e9duisant ainsi les temps de r\u00e9ponse.<\/li>\n\n\n\n<li><strong>Analyse des performances des conducteurs\u00a0:<\/strong> Suivre l&#039;efficacit\u00e9 des chauffeurs, les taux de r\u00e9alisation des courses et les \u00e9valuations des clients afin d&#039;am\u00e9liorer la qualit\u00e9 du service.<\/li>\n\n\n\n<li><strong>Outils de gestion de flotte\u00a0:<\/strong> Surveillez l&#039;utilisation des v\u00e9hicules, les calendriers d&#039;entretien et la consommation de carburant pour des op\u00e9rations rentables.<\/li>\n\n\n\n<li><strong>Gestion de la relation client (CRM) :<\/strong> Tenir \u00e0 jour une base de donn\u00e9es des passagers, des clients r\u00e9guliers et de leurs pr\u00e9f\u00e9rences afin d&#039;offrir un service personnalis\u00e9.<\/li>\n<\/ul>\n\n\n\n<p>Que vous recherchiez <strong>logiciel de r\u00e9partition des taxis<\/strong>, <strong>logiciel de r\u00e9partition des taxis<\/strong>, ou un <strong>syst\u00e8me de r\u00e9partition des taxis<\/strong>, Les solutions bas\u00e9es sur l&#039;IA, comme TransferVista, aident les op\u00e9rateurs \u00e0 accro\u00eetre leur efficacit\u00e9 op\u00e9rationnelle et la satisfaction des passagers.<\/p>\n\n\n\n<div class=\"wp-block-buttons is-content-justification-center is-layout-flex wp-container-core-buttons-is-layout-a89b3969 wp-block-buttons-is-layout-flex\">\n<div class=\"wp-block-button\"><a class=\"wp-block-button__link wp-element-button\" href=\"https:\/\/reserve-transfer.com\/subscribe\" target=\"_blank\" rel=\"noopener\">D\u00e9marrez votre essai gratuit avec TransferVista<\/a><\/div>\n<\/div>\n\n\n\n<h2 class=\"wp-block-heading\">Int\u00e9grations de logiciels de r\u00e9partition de taxis<\/h2>\n\n\n\n<p>Les solutions modernes de r\u00e9partition des taxis ne sont pas des syst\u00e8mes autonomes. Elles offrent <strong>int\u00e9grations logicielles de r\u00e9partition des taxis<\/strong> qui permettent aux op\u00e9rateurs de se connecter \u00e0 des passerelles de paiement, des applications de navigation, des plateformes de support client, et bien plus encore.<\/p>\n\n\n\n<p><strong>TransferVista<\/strong> se distingue dans ce domaine en offrant des int\u00e9grations transparentes avec\u00a0:<\/p>\n\n\n\n<ul class=\"wp-block-list\">\n<li><strong>Plateformes de paiement num\u00e9rique\u00a0:<\/strong> Autoriser les passagers \u00e0 payer par carte, portefeuille mobile ou paiement int\u00e9gr\u00e9 \u00e0 l&#039;application.<\/li>\n\n\n\n<li><strong>Syst\u00e8mes de navigation GPS\u00a0:<\/strong> Optimisation des itin\u00e9raires en temps r\u00e9el pour des prises en charge et des d\u00e9poses plus rapides.<\/li>\n\n\n\n<li><strong>Outils d&#039;assistance client\u00a0:<\/strong> Int\u00e9grez-vous aux chatbots et aux syst\u00e8mes d&#039;assistance pour am\u00e9liorer l&#039;exp\u00e9rience des passagers.<\/li>\n\n\n\n<li><strong>Plateformes de transport tierces\u00a0:<\/strong> \u00c9largissez votre port\u00e9e en vous associant \u00e0 d&#039;autres services de covoiturage.<\/li>\n<\/ul>\n\n\n\n<p>Ces int\u00e9grations rendent <strong>Logiciel de r\u00e9partition des taxis avec IA<\/strong>, <strong>logiciel de r\u00e9partition des taxis<\/strong>, et <strong>logiciel de r\u00e9partition des taxis<\/strong> Des outils indispensables pour les compagnies de taxis qui cherchent \u00e0 moderniser leurs op\u00e9rations et \u00e0 offrir une exp\u00e9rience sans faille \u00e0 leurs passagers.<\/p>\n\n\n\n<h2 class=\"wp-block-heading\">Agent logiciel de r\u00e9partition de taxis avec IA<\/h2>\n\n\n\n<p>L&#039;une des caract\u00e9ristiques les plus innovantes des syst\u00e8mes modernes de r\u00e9partition des taxis est\u2026 <strong>Agent logiciel de r\u00e9partition de taxis avec IA<\/strong>. Cet agent intelligent agit comme un r\u00e9partiteur virtuel, automatisant la communication entre les conducteurs, les passagers et le syst\u00e8me central.<\/p>\n\n\n\n<p>Les principales capacit\u00e9s comprennent\u00a0:<\/p>\n\n\n\n<ul class=\"wp-block-list\">\n<li><strong>Analyse pr\u00e9dictive de la demande\u00a0:<\/strong> L&#039;IA pr\u00e9dit les zones \u00e0 forte demande et ajuste l&#039;affectation des chauffeurs en cons\u00e9quence.<\/li>\n\n\n\n<li><strong>Notifications automatis\u00e9es aux clients\u00a0:<\/strong> Les passagers re\u00e7oivent des mises \u00e0 jour en temps r\u00e9el sur la localisation du chauffeur, l&#039;heure d&#039;arriv\u00e9e estim\u00e9e et la confirmation de la course.<\/li>\n\n\n\n<li><strong>Tarification dynamique\u00a0:<\/strong> L&#039;agent d&#039;IA peut mettre en \u0153uvre une tarification dynamique aux heures de pointe, optimisant ainsi les revenus des exploitants de taxis.<\/li>\n\n\n\n<li><strong>Gestion des incidents :<\/strong> D\u00e9tecte automatiquement les retards, les probl\u00e8mes de circulation ou les annulations et r\u00e9attribue les courses en cons\u00e9quence.<\/li>\n<\/ul>\n\n\n\n<p>Avec un <strong>Agent logiciel de r\u00e9partition de taxis avec IA<\/strong>, Les exploitants de taxis peuvent r\u00e9duire leur charge de travail manuelle tout en garantissant une exp\u00e9rience client optimale. Que vous g\u00e9riez une entreprise ou une compagnie de taxis, vous pouvez r\u00e9duire la charge de travail manuelle des exploitants tout en assurant une exp\u00e9rience client de qualit\u00e9 sup\u00e9rieure. <strong>syst\u00e8me de r\u00e9partition des taxis<\/strong>, <strong>syst\u00e8me de r\u00e9partition des taxis<\/strong>, ou tout autre type de logiciel de taxi, les agents d&#039;IA simplifient les op\u00e9rations quotidiennes et am\u00e9liorent la productivit\u00e9.<\/p>\n\n\n\n<h2 class=\"wp-block-heading\">Pourquoi choisir TransferVista ?<\/h2>\n\n\n\n<p>Bien qu&#039;il existe de nombreuses options sur le march\u00e9, <strong>TransferVista<\/strong> s&#039;impose comme une solution de premier plan pour les compagnies de taxis \u00e0 la recherche de <strong>Logiciel de r\u00e9partition des taxis avec IA<\/strong>. Voici pourquoi :<\/p>\n\n\n\n<ol class=\"wp-block-list\">\n<li><strong>Interface conviviale :<\/strong> Les conducteurs et les op\u00e9rateurs peuvent facilement naviguer sur la plateforme, ce qui r\u00e9duit le temps de formation et les erreurs.<\/li>\n\n\n\n<li><strong>Efficacit\u00e9 optimis\u00e9e par l&#039;IA\u00a0:<\/strong> Des algorithmes avanc\u00e9s optimisent les itin\u00e9raires, pr\u00e9voient la demande et attribuent les courses de mani\u00e8re intelligente.<\/li>\n\n\n\n<li><strong>Accessibilit\u00e9 bas\u00e9e sur le cloud\u00a0:<\/strong> G\u00e9rez votre flotte \u00e0 tout moment, n&#039;importe o\u00f9, sans avoir besoin d&#039;infrastructures complexes.<\/li>\n\n\n\n<li><strong>Int\u00e9grations compl\u00e8tes\u00a0:<\/strong> Connectez-vous en toute simplicit\u00e9 aux plateformes de paiement, de navigation et d&#039;assistance client.<\/li>\n\n\n\n<li><strong>Solution \u00e9volutive\u00a0:<\/strong> Que vous ayez une petite flotte ou une grande entreprise, TransferVista \u00e9volue avec votre activit\u00e9.<\/li>\n<\/ol>\n\n\n\n<p>Que vous recherchiez <strong>logiciel de r\u00e9partition des taxis<\/strong>, <strong>logiciel de r\u00e9partition des taxis<\/strong>, ou un <strong>syst\u00e8me de r\u00e9partition des taxis<\/strong>, TransferVista offre une solution compl\u00e8te pour rationaliser les op\u00e9rations et augmenter les revenus.<\/p>\n\n\n\n<div class=\"wp-block-buttons is-content-justification-center is-layout-flex wp-container-core-buttons-is-layout-a89b3969 wp-block-buttons-is-layout-flex\">\n<div class=\"wp-block-button\"><a class=\"wp-block-button__link wp-element-button\" href=\"https:\/\/reserve-transfer.com\/subscribe\" target=\"_blank\" rel=\"noopener\">D\u00e9marrez votre essai gratuit avec TransferVista<\/a><\/div>\n<\/div>\n\n\n\n<h2 class=\"wp-block-heading\">L&#039;avenir des op\u00e9rations de taxi<\/h2>\n\n\n\n<p>Le secteur des taxis est en pleine \u00e9volution, et les entreprises qui adoptent les nouvelles technologies montreront la voie. <strong>Logiciel de r\u00e9partition des taxis avec IA<\/strong> Ce n&#039;est plus un luxe ; c&#039;est une n\u00e9cessit\u00e9 pour les op\u00e9rateurs qui souhaitent rester comp\u00e9titifs.<\/p>\n\n\n\n<p>Les solutions bas\u00e9es sur l&#039;IA aident les compagnies de taxis\u00a0:<\/p>\n\n\n\n<ul class=\"wp-block-list\">\n<li>R\u00e9duire les co\u00fbts op\u00e9rationnels<\/li>\n\n\n\n<li>Am\u00e9liorer la productivit\u00e9 des conducteurs<\/li>\n\n\n\n<li>Am\u00e9liorer l&#039;exp\u00e9rience des passagers<\/li>\n\n\n\n<li>Augmenter la rentabilit\u00e9 globale<\/li>\n<\/ul>\n\n\n\n<p>Avec des outils comme <strong>TransferVista<\/strong>, en g\u00e9rant un <strong>syst\u00e8me de r\u00e9partition des taxis<\/strong>, <strong>syst\u00e8me de r\u00e9partition des taxis<\/strong>, ou en g\u00e9n\u00e9ral <strong>logiciel de taxi<\/strong> devient fluide et efficace.<\/p>\n\n\n\n<div class=\"wp-block-buttons is-content-justification-center is-layout-flex wp-container-core-buttons-is-layout-a89b3969 wp-block-buttons-is-layout-flex\">\n<div class=\"wp-block-button\"><a class=\"wp-block-button__link wp-element-button\" href=\"https:\/\/reserve-transfer.com\/subscribe\" target=\"_blank\" rel=\"noopener\">D\u00e9marrez votre essai gratuit avec TransferVista<\/a><\/div>\n<\/div>\n\n\n\n<h2 class=\"wp-block-heading\">Conclusion<\/h2>\n\n\n\n<p>En r\u00e9sum\u00e9, <strong>Logiciel de r\u00e9partition des taxis avec IA<\/strong> Cette technologie transforme le secteur des taxis en automatisant les op\u00e9rations, en optimisant les ressources et en am\u00e9liorant la satisfaction client. Les syst\u00e8mes cloud, les agents d&#039;IA et les int\u00e9grations logicielles offrent aux exploitants de taxis les outils n\u00e9cessaires pour rester comp\u00e9titifs sur un march\u00e9 concurrentiel.<\/p>\n\n\n\n<p><strong>TransferVista<\/strong> TransferVista propose une plateforme compl\u00e8te, \u00e9volutive et conviviale, con\u00e7ue pour r\u00e9pondre aux besoins sp\u00e9cifiques des compagnies de taxis. En choisissant TransferVista, les exploitants peuvent se tourner vers l&#039;avenir du transport, r\u00e9duire les inefficacit\u00e9s op\u00e9rationnelles et offrir aux passagers le service de qualit\u00e9 qu&#039;ils sont en droit d&#039;attendre.<\/p>\n\n\n\n<p>Pour les exploitants de taxis qui cherchent \u00e0 moderniser leurs op\u00e9rations, <strong>Logiciel de r\u00e9partition des taxis avec IA<\/strong>, <strong>logiciel de r\u00e9partition des taxis<\/strong>, <strong>logiciel de r\u00e9partition des taxis<\/strong>, <strong>logiciel de r\u00e9partition des taxis<\/strong>, <strong>logiciel de taxi<\/strong>, <strong>syst\u00e8me de r\u00e9partition des taxis<\/strong>, et <strong>syst\u00e8me de r\u00e9partition des taxis<\/strong> TransferVista est la solution id\u00e9ale pour l&#039;efficacit\u00e9, la rentabilit\u00e9 et la croissance.<\/p>","protected":false},"excerpt":{"rendered":"<p>In today\u2019s fast-paced world, the taxi industry is undergoing a technological transformation. Customers expect fast, reliable, and seamless rides, while taxi operators are seeking ways to optimize their fleet management and operations. Enter Taxi dispatch software with AI \u2014 a revolutionary solution that is redefining how taxi companies operate. For taxi operators looking to stay [&hellip;]<\/p>\n","protected":false},"author":2,"featured_media":0,"parent":0,"menu_order":0,"comment_status":"closed","ping_status":"closed","template":"","meta":{"footnotes":""},"class_list":["post-1281","page","type-page","status-publish","hentry"],"blocksy_meta":[],"_links":{"self":[{"href":"https:\/\/transfervista.com\/fr\/wp-json\/wp\/v2\/pages\/1281","targetHints":{"allow":["GET"]}}],"collection":[{"href":"https:\/\/transfervista.com\/fr\/wp-json\/wp\/v2\/pages"}],"about":[{"href":"https:\/\/transfervista.com\/fr\/wp-json\/wp\/v2\/types\/page"}],"author":[{"embeddable":true,"href":"https:\/\/transfervista.com\/fr\/wp-json\/wp\/v2\/users\/2"}],"replies":[{"embeddable":true,"href":"https:\/\/transfervista.com\/fr\/wp-json\/wp\/v2\/comments?post=1281"}],"version-history":[{"count":2,"href":"https:\/\/transfervista.com\/fr\/wp-json\/wp\/v2\/pages\/1281\/revisions"}],"predecessor-version":[{"id":1694,"href":"https:\/\/transfervista.com\/fr\/wp-json\/wp\/v2\/pages\/1281\/revisions\/1694"}],"wp:attachment":[{"href":"https:\/\/transfervista.com\/fr\/wp-json\/wp\/v2\/media?parent=1281"}],"curies":[{"name":"wp","href":"https:\/\/api.w.org\/{rel}","templated":true}]}}