{"id":1250,"date":"2025-11-13T18:10:01","date_gmt":"2025-11-13T16:10:01","guid":{"rendered":"https:\/\/transfervista.com\/?page_id=1250"},"modified":"2025-11-14T19:44:44","modified_gmt":"2025-11-14T17:44:44","slug":"transfer-services-api","status":"publish","type":"page","link":"https:\/\/transfervista.com\/fr\/transfer-services-api\/","title":{"rendered":"API des services de transfert et API des transferts a\u00e9roportuaires"},"content":{"rendered":"<p><\/p>\n\n\n\n<h3 class=\"wp-block-heading\">Dynamisez votre entreprise gr\u00e2ce \u00e0 une int\u00e9gration de transfert fluide<\/h3>\n\n\n\n<p>Que vous soyez une agence de voyages, un h\u00f4tel, une compagnie a\u00e9rienne ou une plateforme de mobilit\u00e9, <strong>API des services de transfert de TransferVista<\/strong> vous permet de proposer facilement des transferts terrestres fiables \u00e0 vos clients, des prises en charge \u00e0 l&#039;a\u00e9roport aux d\u00e9poses \u00e0 l&#039;h\u00f4tel, et bien plus encore.<\/p>\n\n\n\n<p>Notre API fournit tout ce dont vous avez besoin pour <strong>transferts de recherche, de devis et de livres<\/strong> en temps r\u00e9el, vous connectant directement \u00e0 un r\u00e9seau de confiance <strong>soci\u00e9t\u00e9s de transfert et op\u00e9rateurs<\/strong> \u00e0 travers le monde.<\/p>\n\n\n\n<p>En int\u00e9grant notre API, vous pouvez\u00a0:<\/p>\n\n\n\n<ul class=\"wp-block-list\">\n<li>Proposez des transferts porte-\u00e0-porte directement depuis votre application ou votre site web.<\/li>\n\n\n\n<li>Acc\u00e9dez instantan\u00e9ment aux devis et aux disponibilit\u00e9s.<\/li>\n\n\n\n<li>R\u00e9servez et g\u00e9rez vos transferts sans effort gr\u00e2ce \u00e0 une API REST simple et moderne.<\/li>\n\n\n\n<li>Collaborez avec des op\u00e9rateurs locaux v\u00e9rifi\u00e9s qui g\u00e8rent chaque trajet avec professionnalisme.<\/li>\n\n\n\n<li>D\u00e9veloppez votre offre de produits et cr\u00e9ez de nouvelles sources de revenus sans avoir \u00e0 g\u00e9rer votre propre flotte.<\/li>\n<\/ul>\n\n\n\n<div class=\"wp-block-buttons is-content-justification-center is-layout-flex wp-container-core-buttons-is-layout-a89b3969 wp-block-buttons-is-layout-flex\">\n<div class=\"wp-block-button\"><a class=\"wp-block-button__link wp-element-button\" href=\"https:\/\/transfervista.com\/fr\/contact\/\">R\u00e9servez un appel avec nous<\/a><\/div>\n<\/div>\n\n\n\n<hr class=\"wp-block-separator has-alpha-channel-opacity\"\/>\n\n\n\n<h3 class=\"wp-block-heading\">\u2699\ufe0f Comment utiliser notre API de transfert a\u00e9roportuaire ?<\/h3>\n\n\n\n<p>L&#039;API Transfer Services fonctionne de mani\u00e8re tr\u00e8s simple. Vous pouvez principalement effectuer 3 types d&#039;actions\u00a0:<\/p>\n\n\n\n<ol class=\"wp-block-list\">\n<li><strong>Obtenir un devis<\/strong> \u2013 Envoyez une demande avec les d\u00e9tails de prise en charge et de d\u00e9pose pour recevoir instantan\u00e9ment les options de transfert, les prix et les types de v\u00e9hicules.<\/li>\n\n\n\n<li><strong>R\u00e9server un transfert<\/strong> \u2013 Confirmez la r\u00e9servation directement via l&#039;API avec les d\u00e9tails du passager et les informations de paiement.<\/li>\n\n\n\n<li><strong>G\u00e9rer les transferts<\/strong> \u2013 Consultez, modifiez ou annulez facilement les transferts, tandis que les op\u00e9rateurs locaux g\u00e8rent l&#039;ex\u00e9cution et la logistique.<\/li>\n<\/ol>\n\n\n\n<p>Notre syst\u00e8me assure une communication fluide entre votre plateforme, vos clients et les prestataires de transfert, le tout via une API unifi\u00e9e.<\/p>\n\n\n\n<div class=\"wp-block-buttons is-content-justification-center is-layout-flex wp-container-core-buttons-is-layout-a89b3969 wp-block-buttons-is-layout-flex\">\n<div class=\"wp-block-button\"><a class=\"wp-block-button__link wp-element-button\" href=\"https:\/\/transfervista.com\/fr\/contact\/\">R\u00e9servez un appel avec nous<\/a><\/div>\n<\/div>\n\n\n\n<hr class=\"wp-block-separator has-alpha-channel-opacity\"\/>\n\n\n\n<h2 class=\"wp-block-heading\">\ud83d\udca1 Pourquoi choisir TransferVista comme API de transfert a\u00e9roport ?<\/h2>\n\n\n\n<ul class=\"wp-block-list\">\n<li><strong>Couverture mondiale<\/strong>: Entrez en contact avec les op\u00e9rateurs des principales destinations touristiques.<\/li>\n\n\n\n<li><strong>Rapide et fiable<\/strong>R\u00e9ponses \u00e0 faible latence et transactions s\u00e9curis\u00e9es.<\/li>\n\n\n\n<li><strong>Int\u00e9gration simple<\/strong>Architecture bas\u00e9e sur REST avec une documentation claire et des tests en environnement isol\u00e9.<\/li>\n\n\n\n<li><strong>\u00c9volutif<\/strong>Convient aussi bien aux startups qu&#039;aux entreprises de grande envergure.<\/li>\n\n\n\n<li><strong>Tarification transparente<\/strong>Vous ne payez que ce que vous utilisez \u2014 pas de frais cach\u00e9s.<\/li>\n<\/ul>\n\n\n\n<p><\/p>\n\n\n\n<h2 class=\"wp-block-heading\">Qu&#039;est-ce qu&#039;une API de transfert a\u00e9roportuaire\u00a0?<\/h2>\n\n\n\n<p>Un <strong>API de transfert a\u00e9roportuaire<\/strong> Cette interface logicielle permet aux plateformes de voyage, compagnies a\u00e9riennes, agences de voyages en ligne, h\u00f4tels et services de mobilit\u00e9 d&#039;acc\u00e9der et de r\u00e9server facilement des transferts terrestres depuis et vers les a\u00e9roports. Au lieu d&#039;int\u00e9grer manuellement plusieurs fournisseurs ou de d\u00e9velopper une logique de r\u00e9servation complexe, les d\u00e9veloppeurs peuvent utiliser une API unique pour obtenir en temps r\u00e9el les disponibilit\u00e9s, les tarifs, les options de v\u00e9hicules et une confirmation instantan\u00e9e pour les trajets a\u00e9roportuaires. Cela simplifie le d\u00e9veloppement et garantit aux voyageurs une exp\u00e9rience de transfert fluide et fiable.<\/p>\n\n\n\n<p>Pour les entreprises du secteur du voyage et de la mobilit\u00e9, une API de transfert a\u00e9roportuaire simplifie les op\u00e9rations. Elle permet une connectivit\u00e9 instantan\u00e9e avec les flottes, les partenaires de transfert et les prestataires de services du monde entier, tout en garantissant des standards uniformes pour la r\u00e9servation, le paiement et la communication. Gr\u00e2ce aux mises \u00e0 jour automatiques sur le statut des v\u00e9hicules, les instructions de prise en charge et les notifications clients, les entreprises peuvent offrir une exp\u00e9rience de transfert optimale et sans accroc, sans gestion logistique manuelle. Il en r\u00e9sulte une satisfaction client accrue et un chiffre d&#039;affaires en hausse gr\u00e2ce \u00e0 des services \u00e0 valeur ajout\u00e9e.<\/p>\n\n\n\n<p><strong>API de transfert a\u00e9roport de Transfervista<\/strong> Transfervista pousse ce concept encore plus loin en proposant une solution unifi\u00e9e et performante, con\u00e7ue pour l&#039;\u00e9volutivit\u00e9 et une port\u00e9e mondiale. Gr\u00e2ce \u00e0 une int\u00e9gration unique, les partenaires acc\u00e8dent \u00e0 des fournisseurs de confiance, \u00e0 une tarification transparente, \u00e0 des confirmations automatis\u00e9es et \u00e0 une assistance multilingue, leur permettant ainsi de se concentrer sur le d\u00e9veloppement de leur activit\u00e9 plut\u00f4t que sur la gestion des transports. Que vous soyez une agence de voyages en ligne, un r\u00e9seau h\u00f4telier ou une application de mobilit\u00e9, Transfervista vous fournit les outils n\u00e9cessaires pour proposer des transferts a\u00e9roport fiables en toute simplicit\u00e9 et am\u00e9liorer l&#039;exp\u00e9rience de voyage globale de vos clients.<\/p>\n\n\n\n<hr class=\"wp-block-separator has-alpha-channel-opacity\"\/>\n\n\n\n<h2 class=\"wp-block-heading\">\u2753 Foire aux questions (FAQ)<\/h2>\n\n\n\n<p><strong>1. Qu&#039;est-ce que l&#039;API TransferVista Transfer Services\u00a0?<\/strong><br>Il s&#039;agit d&#039;une API REST qui permet aux entreprises de rechercher, de demander un devis et de r\u00e9server des transferts terrestres via un r\u00e9seau d&#039;op\u00e9rateurs professionnels.<\/p>\n\n\n\n<p><strong>2. Qui peut utiliser cette API ?<\/strong><br>Toute entreprise souhaitant proposer des services de transfert \u2014 comme les agences de voyages, les compagnies a\u00e9riennes, les h\u00f4tels, les plateformes de r\u00e9servation ou les syst\u00e8mes de gestion des voyages d&#039;affaires.<\/p>\n\n\n\n<p><strong>3. Comment commencer ?<\/strong><br>Il vous suffit de vous inscrire pour obtenir une cl\u00e9 API sur TransferVista, d&#039;acc\u00e9der \u00e0 notre documentation pour d\u00e9veloppeurs et de commencer vos tests dans notre environnement sandbox.<\/p>\n\n\n\n<p><strong>4. Quels types de transferts sont pris en charge\u00a0?<\/strong><br>Notre API prend en charge diff\u00e9rents types de transferts, notamment les a\u00e9roports, les ports, les h\u00f4tels et les lieux de prise en charge\/d\u00e9pose personnalis\u00e9s.<\/p>\n\n\n\n<p><strong>5. Puis-je utiliser ma propre marque lorsque je propose des transferts\u00a0?<\/strong><br>Oui. L&#039;API est pr\u00eate \u00e0 \u00eatre personnalis\u00e9e en marque blanche, ce qui vous permet de l&#039;int\u00e9grer pleinement \u00e0 la conception et \u00e0 l&#039;exp\u00e9rience utilisateur de votre plateforme.<\/p>\n\n\n\n<p><strong>6. Comment les transferts sont-ils effectu\u00e9s ?<\/strong><br>Les transferts sont g\u00e9r\u00e9s et assur\u00e9s par notre r\u00e9seau de soci\u00e9t\u00e9s de transfert agr\u00e9\u00e9es et d&#039;op\u00e9rateurs locaux qui prennent en charge la logistique et le service aux passagers.<\/p>\n\n\n\n<p><strong>7. L&#039;utilisation de l&#039;API est-elle payante\u00a0?<\/strong><br>Vous payez \u00e0 la r\u00e9servation confirm\u00e9e, avec des tarifs flexibles en fonction du volume. Contactez notre \u00e9quipe commerciale pour plus d&#039;informations sur les partenariats et les prix.<\/p>\n\n\n\n<p><strong>8. Puis-je g\u00e9rer ou annuler des r\u00e9servations via l&#039;API\u00a0?<\/strong><br>Oui. L&#039;API permet une gestion compl\u00e8te, y compris la consultation, la modification ou l&#039;annulation des r\u00e9servations confirm\u00e9es.<\/p>\n\n\n\n<p><strong>9. Fournissez-vous un support aux d\u00e9veloppeurs\u00a0?<\/strong><br>Absolument. Nous proposons une documentation compl\u00e8te, des exemples de code et une assistance technique pour faciliter le bon d\u00e9roulement de votre int\u00e9gration.<\/p>\n\n\n\n<div class=\"wp-block-buttons is-content-justification-center is-layout-flex wp-container-core-buttons-is-layout-a89b3969 wp-block-buttons-is-layout-flex\">\n<div class=\"wp-block-button\"><a class=\"wp-block-button__link wp-element-button\" href=\"https:\/\/transfervista.com\/fr\/contact\/\">R\u00e9servez un appel avec nous<\/a><\/div>\n<\/div>\n\n\n\n<hr class=\"wp-block-separator has-alpha-channel-opacity\"\/>\n\n\n\n<h3 class=\"wp-block-heading\">\u2708\ufe0f Commencez l&#039;int\u00e9gration d\u00e8s aujourd&#039;hui<\/h3>\n\n\n\n<p>Apportez la puissance des services de transfert professionnels \u00e0 votre entreprise.<\/p>\n\n\n\n<p>Contactez-nous ou r\u00e9servez un appel avec nous ici\u00a0: <a href=\"http:\/\/transfervista.com\/fr\/contact\/\">http:\/\/transfervista.com\/contact<\/a><\/p>","protected":false},"excerpt":{"rendered":"<p>Power Your Business with Seamless Transfer Integration Whether you\u2019re a travel agency, hotel, airline, or mobility platform, TransferVista\u2019s Transfer Services API lets you easily offer reliable ground transfers to your customers \u2014 from airport pickups to hotel drop-offs and more. Our API provides everything you need to search, quote, and book transfers in real time, [&hellip;]<\/p>\n","protected":false},"author":2,"featured_media":0,"parent":0,"menu_order":0,"comment_status":"closed","ping_status":"closed","template":"","meta":{"footnotes":""},"class_list":["post-1250","page","type-page","status-publish","hentry"],"blocksy_meta":[],"_links":{"self":[{"href":"https:\/\/transfervista.com\/fr\/wp-json\/wp\/v2\/pages\/1250","targetHints":{"allow":["GET"]}}],"collection":[{"href":"https:\/\/transfervista.com\/fr\/wp-json\/wp\/v2\/pages"}],"about":[{"href":"https:\/\/transfervista.com\/fr\/wp-json\/wp\/v2\/types\/page"}],"author":[{"embeddable":true,"href":"https:\/\/transfervista.com\/fr\/wp-json\/wp\/v2\/users\/2"}],"replies":[{"embeddable":true,"href":"https:\/\/transfervista.com\/fr\/wp-json\/wp\/v2\/comments?post=1250"}],"version-history":[{"count":3,"href":"https:\/\/transfervista.com\/fr\/wp-json\/wp\/v2\/pages\/1250\/revisions"}],"predecessor-version":[{"id":1268,"href":"https:\/\/transfervista.com\/fr\/wp-json\/wp\/v2\/pages\/1250\/revisions\/1268"}],"wp:attachment":[{"href":"https:\/\/transfervista.com\/fr\/wp-json\/wp\/v2\/media?parent=1250"}],"curies":[{"name":"wp","href":"https:\/\/api.w.org\/{rel}","templated":true}]}}