{"id":1143,"date":"2025-10-07T23:08:21","date_gmt":"2025-10-07T20:08:21","guid":{"rendered":"https:\/\/transfervista.com\/?page_id=1143"},"modified":"2025-10-07T23:10:36","modified_gmt":"2025-10-07T20:10:36","slug":"all-destinations","status":"publish","type":"page","link":"https:\/\/transfervista.com\/fr\/all-destinations\/","title":{"rendered":"Toutes les destinations"},"content":{"rendered":"<div data-elementor-type=\"wp-page\" data-elementor-id=\"1143\" class=\"elementor elementor-1143\" data-elementor-post-type=\"page\">\n\t\t\t\t<div class=\"elementor-element elementor-element-ce1f9d4 e-flex e-con-boxed e-con e-parent\" data-id=\"ce1f9d4\" data-element_type=\"container\" data-e-type=\"container\">\n\t\t\t\t\t<div class=\"e-con-inner\">\n\t\t\t\t<div class=\"elementor-element elementor-element-556cace elementor-widget elementor-widget-html\" data-id=\"556cace\" data-element_type=\"widget\" data-e-type=\"widget\" data-widget_type=\"html.default\">\n\t\t\t\t<div class=\"elementor-widget-container\">\n\t\t\t\t\t<style>\n.transfer-boxes {\n  display: grid;\n  grid-template-columns: repeat(auto-fill, minmax(220px, 1fr));\n  gap: 12px;\n  margin: 20px 0;\n}\n\n.transfer-box {\n  display: block;\n  padding: 14px 18px;\n  background: #f9fafb;\n  border: 1px solid #e2e8f0;\n  border-radius: 10px;\n  text-decoration: none;\n  color: #0f172a;\n  font-family: system-ui, -apple-system, 'Segoe UI', Roboto, sans-serif;\n  font-size: 15px;\n  font-weight: 500;\n  transition: all 0.2s ease;\n}\n\n.transfer-box:hover {\n  background: #06b6d4;\n  color: white;\n  border-color: #06b6d4;\n  transform: translateY(-3px);\n}\n<\/style>\n\n<div class=\"transfer-boxes\">\n  <a class=\"transfer-box\" href=\"https:\/\/transfervista.com\/fr\/transfer-from-heraklion-to-elounda\/\">H\u00e9raklion \u00e0 Elounda<\/a>\n  <a class=\"transfer-box\" href=\"https:\/\/transfervista.com\/fr\/transfer-from-heraklion-to-agios-nikolaos\/\">H\u00e9raklion \u00e0 Agios Nikolaos<\/a>\n  <a class=\"transfer-box\" href=\"https:\/\/transfervista.com\/fr\/transfer-from-heraklion-to-rethymno\/\">H\u00e9raklion \u00e0 R\u00e9thymnon<\/a>\n  <a class=\"transfer-box\" href=\"https:\/\/transfervista.com\/fr\/transfer-from-heraklion-to-chania\/\">H\u00e9raklion \u00e0 La Can\u00e9e<\/a>\n  <a class=\"transfer-box\" href=\"https:\/\/transfervista.com\/fr\/transfer-from-heraklion-to-malia\/\">H\u00e9raklion \u00e0 Malia<\/a>\n  <a class=\"transfer-box\" href=\"https:\/\/transfervista.com\/fr\/transfer-from-heraklion-to-hersonissos\/\">H\u00e9raklion \u00e0 Hersonissos<\/a>\n  <a class=\"transfer-box\" href=\"https:\/\/transfervista.com\/fr\/transfer-from-heraklion-to-stalis\/\">H\u00e9raklion \u00e0 Stalis<\/a>\n  <a class=\"transfer-box\" href=\"https:\/\/transfervista.com\/fr\/transfer-from-heraklion-to-gouves\/\">H\u00e9raklion \u00e0 Gouves<\/a>\n  <a class=\"transfer-box\" href=\"https:\/\/transfervista.com\/fr\/transfer-from-heraklion-to-analipsi\/\">H\u00e9raklion \u00e0 Analipsi<\/a>\n  <a class=\"transfer-box\" href=\"https:\/\/transfervista.com\/fr\/transfer-from-heraklion-to-anissaras\/\">H\u00e9raklion \u00e0 Anissaras<\/a>\n  <a class=\"transfer-box\" href=\"https:\/\/transfervista.com\/fr\/transfer-from-heraklion-to-agia-pelagia\/\">H\u00e9raklion \u00e0 Agia Pelagia<\/a>\n  <a class=\"transfer-box\" href=\"https:\/\/transfervista.com\/fr\/transfer-from-heraklion-to-bali\/\">H\u00e9raklion \u00e0 Bali<\/a>\n  <a class=\"transfer-box\" href=\"https:\/\/transfervista.com\/fr\/transfer-from-heraklion-to-matala\/\">H\u00e9raklion \u00e0 Matala<\/a>\n  <a class=\"transfer-box\" href=\"https:\/\/transfervista.com\/fr\/transfer-from-heraklion-to-sissi\/\">H\u00e9raklion \u00e0 Sissi<\/a>\n  <a class=\"transfer-box\" href=\"https:\/\/transfervista.com\/fr\/transfer-from-heraklion-to-milatos\/\">H\u00e9raklion \u00e0 Milatos<\/a>\n  <a class=\"transfer-box\" href=\"https:\/\/transfervista.com\/fr\/transfer-from-heraklion-to-ierapetra\/\">H\u00e9raklion \u00e0 I\u00e9rapetra<\/a>\n  <a class=\"transfer-box\" href=\"https:\/\/transfervista.com\/fr\/transfer-from-heraklion-to-plakias\/\">H\u00e9raklion \u00e0 Plakias<\/a>\n  <a class=\"transfer-box\" href=\"https:\/\/transfervista.com\/fr\/transfer-from-heraklion-to-piskopiano\/\">H\u00e9raklion \u00e0 Piskopiano<\/a>\n  <a class=\"transfer-box\" href=\"https:\/\/transfervista.com\/fr\/transfer-from-heraklion-to-koutouloufari\/\">H\u00e9raklion \u00e0 Koutouloufari<\/a>\n  <a class=\"transfer-box\" href=\"https:\/\/transfervista.com\/fr\/transfer-from-heraklion-to-fodele\/\">H\u00e9raklion \u00e0 Fodele<\/a>\n  <a class=\"transfer-box\" href=\"https:\/\/transfervista.com\/fr\/transfer-from-heraklion-to-kokkini-hani\/\">H\u00e9raklion \u00e0 Kokkini Hani<\/a>\n  <a class=\"transfer-box\" href=\"https:\/\/transfervista.com\/fr\/transfer-from-heraklion-to-karteros\/\">H\u00e9raklion \u00e0 Karteros<\/a>\n  <a class=\"transfer-box\" href=\"https:\/\/transfervista.com\/fr\/transfer-from-heraklion-to-amoudara\/\">H\u00e9raklion \u00e0 Amoudara<\/a>\n  <a class=\"transfer-box\" href=\"https:\/\/transfervista.com\/fr\/transfer-from-heraklion-to-lygaria\/\">H\u00e9raklion \u00e0 Lygarie<\/a>\n  <a class=\"transfer-box\" href=\"https:\/\/transfervista.com\/fr\/transfer-from-heraklion-to-lentas\/\">H\u00e9raklion \u00e0 Lentas<\/a>\n  <a class=\"transfer-box\" href=\"https:\/\/transfervista.com\/fr\/transfer-from-heraklion-to-kalamaki\/\">H\u00e9raklion \u00e0 Kalamaki<\/a>\n  <a class=\"transfer-box\" href=\"https:\/\/transfervista.com\/fr\/transfer-from-heraklion-to-agia-galini\/\">H\u00e9raklion \u00e0 Agia Galini<\/a>\n  <a class=\"transfer-box\" href=\"https:\/\/transfervista.com\/fr\/transfer-from-heraklion-to-archanes\/\">H\u00e9raklion \u00e0 Archanes<\/a>\n  <a class=\"transfer-box\" href=\"https:\/\/transfervista.com\/fr\/transfer-from-heraklion-to-tylissos\/\">H\u00e9raklion \u00e0 Tylissos<\/a>\n  <a class=\"transfer-box\" href=\"https:\/\/transfervista.com\/fr\/transfer-from-heraklion-to-myrtos\/\">H\u00e9raklion \u00e0 Myrtos<\/a>\n  <a class=\"transfer-box\" href=\"https:\/\/transfervista.com\/fr\/transfer-from-heraklion-to-ferma\/\">H\u00e9raklion \u00e0 Ferma<\/a>\n  <a class=\"transfer-box\" href=\"https:\/\/transfervista.com\/fr\/transfer-from-heraklion-to-makrigialos\/\">H\u00e9raklion \u00e0 Makrigialos<\/a>\n  <a class=\"transfer-box\" href=\"https:\/\/transfervista.com\/fr\/transfer-from-heraklion-to-vai-beach\/\">H\u00e9raklion \u00e0 la plage de Vai<\/a>\n  <a class=\"transfer-box\" href=\"https:\/\/transfervista.com\/fr\/transfer-from-heraklion-to-zakros\/\">H\u00e9raklion \u00e0 Zakros<\/a>\n  <a class=\"transfer-box\" href=\"https:\/\/transfervista.com\/fr\/transfer-from-heraklion-to-kato-zakros\/\">H\u00e9raklion \u00e0 Kato Zakros<\/a>\n  <a class=\"transfer-box\" href=\"https:\/\/transfervista.com\/fr\/transfer-from-heraklion-to-xerokampos\/\">H\u00e9raklion \u00e0 X\u00e9rokampos<\/a>\n  <a class=\"transfer-box\" href=\"https:\/\/transfervista.com\/fr\/transfer-from-heraklion-to-sitia\/\">H\u00e9raklion \u00e0 Sitia<\/a>\n  <a class=\"transfer-box\" href=\"https:\/\/transfervista.com\/fr\/transfer-from-heraklion-to-paleokastro\/\">H\u00e9raklion \u00e0 Paleokastro<\/a>\n  <a class=\"transfer-box\" href=\"https:\/\/transfervista.com\/fr\/transfer-from-heraklion-to-agiofarago\/\">H\u00e9raklion \u00e0 Agiofarago<\/a>\n  <a class=\"transfer-box\" href=\"https:\/\/transfervista.com\/fr\/transfer-from-heraklion-to-preveli\/\">H\u00e9raklion \u00e0 Preveli<\/a>\n  <a class=\"transfer-box\" href=\"https:\/\/transfervista.com\/fr\/transfer-from-heraklion-to-triopetra\/\">H\u00e9raklion \u00e0 Triopetra<\/a>\n  <a class=\"transfer-box\" href=\"https:\/\/transfervista.com\/fr\/transfer-from-heraklion-to-damnoni\/\">H\u00e9raklion \u00e0 Damnoni<\/a>\n  <a class=\"transfer-box\" href=\"https:\/\/transfervista.com\/fr\/transfer-from-heraklion-to-sougia\/\">H\u00e9raklion \u00e0 Sougia<\/a>\n  <a class=\"transfer-box\" href=\"https:\/\/transfervista.com\/fr\/transfer-from-heraklion-to-sfakia\/\">H\u00e9raklion \u00e0 Sfakia<\/a>\n  <a class=\"transfer-box\" href=\"https:\/\/transfervista.com\/fr\/transfer-from-heraklion-to-loutro\/\">H\u00e9raklion \u00e0 Loutro<\/a>\n  <a class=\"transfer-box\" href=\"https:\/\/transfervista.com\/fr\/transfer-from-heraklion-to-georgioupoli\/\">H\u00e9raklion \u00e0 Georgioupoli<\/a>\n  <a class=\"transfer-box\" href=\"https:\/\/transfervista.com\/fr\/transfer-from-heraklion-to-almyrida\/\">H\u00e9raklion \u00e0 Almyrida<\/a>\n  <a class=\"transfer-box\" href=\"https:\/\/transfervista.com\/fr\/transfer-from-heraklion-to-kalives\/\">H\u00e9raklion \u00e0 Kalives<\/a>\n  <a class=\"transfer-box\" href=\"https:\/\/transfervista.com\/fr\/transfer-from-heraklion-to-vamos\/\">H\u00e9raklion \u00e0 Vamos<\/a>\n  <a class=\"transfer-box\" href=\"https:\/\/transfervista.com\/fr\/transfer-from-heraklion-to-kissamos\/\">H\u00e9raklion \u00e0 Kissamos<\/a>\n  <a class=\"transfer-box\" href=\"https:\/\/transfervista.com\/fr\/transfer-from-heraklion-to-falassarna\/\">H\u00e9raklion \u00e0 Falassarna<\/a>\n  <a class=\"transfer-box\" href=\"https:\/\/transfervista.com\/fr\/transfer-from-heraklion-to-balos-lagoon\/\">H\u00e9raklion \u00e0 la lagune de Balos<\/a>\n  <a class=\"transfer-box\" href=\"https:\/\/transfervista.com\/fr\/transfer-from-heraklion-to-gramvousa\/\">H\u00e9raklion \u00e0 Gramvousa<\/a>\n  <a class=\"transfer-box\" href=\"https:\/\/transfervista.com\/fr\/transfer-from-heraklion-to-knossos-palace\/\">H\u00e9raklion au palais de Knossos<\/a>\n  <a class=\"transfer-box\" href=\"https:\/\/transfervista.com\/fr\/transfer-from-heraklion-to-heraklion-archaeological-museum\/\">H\u00e9raklion au Mus\u00e9e arch\u00e9ologique d&#039;H\u00e9raklion<\/a>\n  <a class=\"transfer-box\" href=\"https:\/\/transfervista.com\/fr\/transfer-from-heraklion-to-cretaquarium\/\">H\u00e9raklion \u00e0 Cretaquarium<\/a>\n  <a class=\"transfer-box\" href=\"https:\/\/transfervista.com\/fr\/transfer-from-heraklion-to-watercity-waterpark\/\">H\u00e9raklion au parc aquatique Watercity<\/a>\n  <a class=\"transfer-box\" href=\"https:\/\/transfervista.com\/fr\/transfer-from-heraklion-to-acqua-plus\/\">H\u00e9raklion \u00e0 Acqua Plus<\/a>\n  <a class=\"transfer-box\" href=\"https:\/\/transfervista.com\/fr\/transfer-from-heraklion-to-lychnostatis-museum\/\">Mus\u00e9e d&#039;H\u00e9raklion \u00e0 Lychnostatis<\/a>\n  <a class=\"transfer-box\" href=\"https:\/\/transfervista.com\/fr\/transfer-from-heraklion-to-lasithi-plateau\/\">H\u00e9raklion au plateau de Lassithi<\/a>\n  <a class=\"transfer-box\" href=\"https:\/\/transfervista.com\/fr\/transfer-from-heraklion-to-psychro-cave\/\">H\u00e9raklion \u00e0 la grotte de Psychro<\/a>\n  <a class=\"transfer-box\" href=\"https:\/\/transfervista.com\/fr\/transfer-from-heraklion-to-chrissi-island\/\">H\u00e9raklion \u00e0 l&#039;\u00eele Chrissi<\/a>\n  <a class=\"transfer-box\" href=\"https:\/\/transfervista.com\/fr\/transfer-from-heraklion-to-spinalonga-island\/\">H\u00e9raklion \u00e0 l&#039;\u00eele Spinalonga<\/a>\n  <a class=\"transfer-box\" href=\"https:\/\/transfervista.com\/fr\/transfer-from-heraklion-to-panormos\/\">H\u00e9raklion \u00e0 Panormos<\/a>\n  <a class=\"transfer-box\" href=\"https:\/\/transfervista.com\/fr\/transfer-from-heraklion-to-zaros-lake\/\">H\u00e9raklion au lac de Zaros<\/a>\n  <a class=\"transfer-box\" href=\"https:\/\/transfervista.com\/fr\/transfer-from-heraklion-to-gortyna\/\">H\u00e9raklion \u00e0 Gortyne<\/a>\n  <a class=\"transfer-box\" href=\"https:\/\/transfervista.com\/fr\/transfer-from-heraklion-to-phaistos\/\">H\u00e9raklion \u00e0 Phaistos<\/a>\n  <a class=\"transfer-box\" href=\"https:\/\/transfervista.com\/fr\/transfer-from-heraklion-to-kamilari\/\">H\u00e9raklion \u00e0 Kamilari<\/a>\n  <a class=\"transfer-box\" href=\"https:\/\/transfervista.com\/fr\/transfer-from-heraklion-to-agios-pavlos\/\">H\u00e9raklion \u00e0 Agios Pavlos<\/a>\n  <a class=\"transfer-box\" href=\"https:\/\/transfervista.com\/fr\/transfer-from-heraklion-to-keratokambos\/\">H\u00e9raklion \u00e0 Keratokambos<\/a>\n  <a class=\"transfer-box\" href=\"https:\/\/transfervista.com\/fr\/transfer-from-heraklion-to-tsoutsouros\/\">H\u00e9raklion \u00e0 Tsoutsouros<\/a>\n  <a class=\"transfer-box\" href=\"https:\/\/transfervista.com\/fr\/transfer-from-heraklion-to-agiofarago-cave\/\">H\u00e9raklion \u00e0 la grotte d&#039;Agiofarago<\/a>\n  <a class=\"transfer-box\" href=\"https:\/\/transfervista.com\/fr\/transfer-from-heraklion-to-agios-georgios\/\">H\u00e9raklion \u00e0 Agios Georgios<\/a>\n  <a class=\"transfer-box\" href=\"https:\/\/transfervista.com\/fr\/transfer-from-heraklion-to-agia-varvara\/\">H\u00e9raklion \u00e0 Agia Varvara<\/a>\n  <a class=\"transfer-box\" href=\"https:\/\/transfervista.com\/fr\/transfer-from-heraklion-to-koudoumas-monastery\/\">H\u00e9raklion au monast\u00e8re de Koudoumas<\/a>\n  <a class=\"transfer-box\" href=\"https:\/\/transfervista.com\/fr\/transfer-from-heraklion-to-tertsa\/\">H\u00e9raklion \u00e0 Tertsa<\/a>\n  <a class=\"transfer-box\" href=\"https:\/\/transfervista.com\/fr\/transfer-from-heraklion-to-sidonia-beach\/\">H\u00e9raklion \u00e0 la plage de Sidonia<\/a>\n  <a class=\"transfer-box\" href=\"https:\/\/transfervista.com\/fr\/transfer-from-heraklion-to-thrapsano\/\">H\u00e9raklion \u00e0 Thrapsano<\/a>\n  <a class=\"transfer-box\" href=\"https:\/\/transfervista.com\/fr\/transfer-from-heraklion-to-avdou\/\">H\u00e9raklion \u00e0 Avdou<\/a>\n  <a class=\"transfer-box\" href=\"https:\/\/transfervista.com\/fr\/transfer-from-heraklion-to-mohos\/\">H\u00e9raklion \u00e0 Mohos<\/a>\n  <a class=\"transfer-box\" href=\"https:\/\/transfervista.com\/fr\/transfer-from-heraklion-to-krasi\/\">H\u00e9raklion \u00e0 Krasi<\/a>\n  <a class=\"transfer-box\" href=\"https:\/\/transfervista.com\/fr\/transfer-from-heraklion-to-kastelli\/\">H\u00e9raklion \u00e0 Kastelli<\/a>\n  <a class=\"transfer-box\" href=\"https:\/\/transfervista.com\/fr\/transfer-from-heraklion-to-episkopi\/\">H\u00e9raklion \u00e0 Episkopi<\/a>\n  <a class=\"transfer-box\" href=\"https:\/\/transfervista.com\/fr\/transfer-from-heraklion-to-hersonissos-port\/\">H\u00e9raklion au port d&#039;Hersonissos<\/a>\n  <a class=\"transfer-box\" href=\"https:\/\/transfervista.com\/fr\/transfer-from-heraklion-to-heraklion-port\/\">H\u00e9raklion au port d&#039;H\u00e9raklion<\/a>\n  <a class=\"transfer-box\" href=\"https:\/\/transfervista.com\/fr\/transfer-from-heraklion-to-heraklion-airport\/\">H\u00e9raklion \u00e0 l&#039;a\u00e9roport d&#039;H\u00e9raklion<\/a>\n  <a class=\"transfer-box\" href=\"https:\/\/transfervista.com\/fr\/transfer-from-heraklion-to-analoukas\/\">H\u00e9raklion \u00e0 Analoukas<\/a>\n  <a class=\"transfer-box\" href=\"https:\/\/transfervista.com\/fr\/transfer-from-heraklion-to-mononaftis\/\">H\u00e9raklion \u00e0 Mononaftis<\/a>\n  <a class=\"transfer-box\" href=\"https:\/\/transfervista.com\/fr\/transfer-from-heraklion-to-ligaria-beach\/\">H\u00e9raklion \u00e0 la plage de Ligaria<\/a>\n  <a class=\"transfer-box\" href=\"https:\/\/transfervista.com\/fr\/transfer-from-heraklion-to-red-beach\/\">H\u00e9raklion \u00e0 la plage Rouge<\/a>\n  <a class=\"transfer-box\" href=\"https:\/\/transfervista.com\/fr\/transfer-from-heraklion-to-kommos\/\">H\u00e9raklion \u00e0 Kommos<\/a>\n  <a class=\"transfer-box\" href=\"https:\/\/transfervista.com\/fr\/transfer-from-heraklion-to-agios-thomas\/\">H\u00e9raklion \u00e0 Agios Thomas<\/a>\n  <a class=\"transfer-box\" href=\"https:\/\/transfervista.com\/fr\/transfer-from-heraklion-to-rouvas-gorge\/\">H\u00e9raklion aux gorges de Rouvas<\/a>\n  <a class=\"transfer-box\" href=\"https:\/\/transfervista.com\/fr\/transfer-from-heraklion-to-rouvas-forest\/\">H\u00e9raklion \u00e0 la for\u00eat de Rouvas<\/a>\n  <a class=\"transfer-box\" href=\"https:\/\/transfervista.com\/fr\/transfer-from-heraklion-to-heraklion-city-center\/\">H\u00e9raklion au centre-ville d&#039;H\u00e9raklion<\/a>\n  <a class=\"transfer-box\" href=\"https:\/\/transfervista.com\/fr\/transfer-from-heraklion-to-heraklion-ferry-terminal\/\">H\u00e9raklion \u00e0 la gare maritime d&#039;H\u00e9raklion<\/a>\n  <a class=\"transfer-box\" href=\"https:\/\/transfervista.com\/fr\/transfer-from-heraklion-to-heraklion-cruise-port\/\">H\u00e9raklion vers le port de croisi\u00e8re d&#039;H\u00e9raklion<\/a>\n<\/div>\n\t\t\t\t<\/div>\n\t\t\t\t<\/div>\n\t\t\t\t\t<\/div>\n\t\t\t\t<\/div>\n\t\t\t\t<\/div>","protected":false},"excerpt":{"rendered":"<p>Trouvez toutes les destinations de transfert en un seul endroit.<\/p>","protected":false},"author":2,"featured_media":0,"parent":0,"menu_order":0,"comment_status":"closed","ping_status":"closed","template":"","meta":{"footnotes":""},"class_list":["post-1143","page","type-page","status-publish","hentry"],"blocksy_meta":[],"_links":{"self":[{"href":"https:\/\/transfervista.com\/fr\/wp-json\/wp\/v2\/pages\/1143","targetHints":{"allow":["GET"]}}],"collection":[{"href":"https:\/\/transfervista.com\/fr\/wp-json\/wp\/v2\/pages"}],"about":[{"href":"https:\/\/transfervista.com\/fr\/wp-json\/wp\/v2\/types\/page"}],"author":[{"embeddable":true,"href":"https:\/\/transfervista.com\/fr\/wp-json\/wp\/v2\/users\/2"}],"replies":[{"embeddable":true,"href":"https:\/\/transfervista.com\/fr\/wp-json\/wp\/v2\/comments?post=1143"}],"version-history":[{"count":8,"href":"https:\/\/transfervista.com\/fr\/wp-json\/wp\/v2\/pages\/1143\/revisions"}],"predecessor-version":[{"id":1152,"href":"https:\/\/transfervista.com\/fr\/wp-json\/wp\/v2\/pages\/1143\/revisions\/1152"}],"wp:attachment":[{"href":"https:\/\/transfervista.com\/fr\/wp-json\/wp\/v2\/media?parent=1143"}],"curies":[{"name":"wp","href":"https:\/\/api.w.org\/{rel}","templated":true}]}}