{"id":3,"date":"2025-05-12T12:16:52","date_gmt":"2025-05-12T12:16:52","guid":{"rendered":"https:\/\/transfervista.com\/?page_id=3"},"modified":"2025-05-16T13:32:22","modified_gmt":"2025-05-16T10:32:22","slug":"politica-de-privacidad","status":"publish","type":"page","link":"https:\/\/transfervista.com\/es\/privacy-policy\/","title":{"rendered":"pol\u00edtica de privacidad"},"content":{"rendered":"<h2 class=\"wp-block-heading\"><strong>pol\u00edtica de privacidad<\/strong><\/h2>\n\n\n\n<p>Esta Pol\u00edtica de Privacidad explica c\u00f3mo <strong>Marketup Media<\/strong> (\u201cnosotros\u201d, \u201cnuestro\u201d o \u201cnos\u201d) recopila, usa, divulga y protege la informaci\u00f3n relacionada con su uso del sitio web. <strong>TransferenciaVista<\/strong> software y sitio web.<\/p>\n\n\n\n<hr class=\"wp-block-separator has-alpha-channel-opacity\"\/>\n\n\n\n<h3 class=\"wp-block-heading\">1. <strong>Informaci\u00f3n que recopilamos<\/strong><\/h3>\n\n\n\n<p>Podemos recopilar los siguientes tipos de informaci\u00f3n:<\/p>\n\n\n\n<h4 class=\"wp-block-heading\">a. <strong>Informaci\u00f3n del usuario<\/strong><\/h4>\n\n\n\n<ul class=\"wp-block-list\">\n<li>Nombre completo, nombre de la empresa<\/li>\n\n\n\n<li>Direcci\u00f3n de correo electr\u00f3nico, n\u00famero de tel\u00e9fono<\/li>\n\n\n\n<li>Detalles de pago (procesados de forma segura a trav\u00e9s de procesadores de pago de terceros)<\/li>\n<\/ul>\n\n\n\n<h4 class=\"wp-block-heading\">b. <strong>Reservas y datos del cliente<\/strong><\/h4>\n\n\n\n<ul class=\"wp-block-list\">\n<li>Nombres de los pasajeros y datos de contacto (introducidos por los usuarios)<\/li>\n\n\n\n<li>Lugares de recogida y entrega<\/li>\n\n\n\n<li>Fechas y horarios de traslados programados<\/li>\n<\/ul>\n\n\n\n<h4 class=\"wp-block-heading\">do. <strong>Datos de uso<\/strong><\/h4>\n\n\n\n<ul class=\"wp-block-list\">\n<li>Direcciones IP<\/li>\n\n\n\n<li>Tipo y versi\u00f3n del navegador<\/li>\n\n\n\n<li>Sistema operativo<\/li>\n\n\n\n<li>P\u00e1ginas visitadas y acciones realizadas en la plataforma<\/li>\n<\/ul>\n\n\n\n<hr class=\"wp-block-separator has-alpha-channel-opacity\"\/>\n\n\n\n<h3 class=\"wp-block-heading\">2. <strong>C\u00f3mo usamos su informaci\u00f3n<\/strong><\/h3>\n\n\n\n<p>Utilizamos la informaci\u00f3n recopilada para:<\/p>\n\n\n\n<ul class=\"wp-block-list\">\n<li>Proporcionar y mantener el software TransferVista<\/li>\n\n\n\n<li>Procesar pagos y gestionar la facturaci\u00f3n<\/li>\n\n\n\n<li>Comunicarse con los usuarios sobre actualizaciones o soporte<\/li>\n\n\n\n<li>Mejorar el rendimiento y las funciones de la plataforma<\/li>\n\n\n\n<li>Cumplir con las obligaciones legales<\/li>\n<\/ul>\n\n\n\n<hr class=\"wp-block-separator has-alpha-channel-opacity\"\/>\n\n\n\n<h3 class=\"wp-block-heading\">3. <strong>Intercambio de informaci\u00f3n<\/strong><\/h3>\n\n\n\n<p>Nosotros <strong>no vender ni alquilar<\/strong> Su informaci\u00f3n personal. Solo podremos compartirla en los siguientes casos:<\/p>\n\n\n\n<ul class=\"wp-block-list\">\n<li><strong>Con proveedores de servicios<\/strong> (por ejemplo, procesadores de pagos, servicios de alojamiento) bajo estricta confidencialidad<\/li>\n\n\n\n<li><strong>Si lo exige la ley<\/strong> o para responder a procesos legales<\/li>\n\n\n\n<li><strong>En caso de transmisi\u00f3n de una empresa<\/strong>, como una fusi\u00f3n o adquisici\u00f3n, con notificaci\u00f3n proporcionada<\/li>\n<\/ul>\n\n\n\n<hr class=\"wp-block-separator has-alpha-channel-opacity\"\/>\n\n\n\n<h3 class=\"wp-block-heading\">4. <strong>Seguridad de datos<\/strong><\/h3>\n\n\n\n<p>Implementamos medidas de seguridad adecuadas para proteger sus datos personales contra acceso, alteraci\u00f3n o divulgaci\u00f3n no autorizados.<\/p>\n\n\n\n<ul class=\"wp-block-list\">\n<li>Conexiones cifradas (SSL\/HTTPS)<\/li>\n\n\n\n<li>Infraestructura de servidor segura<\/li>\n\n\n\n<li>Controles de acceso y autenticaci\u00f3n<\/li>\n<\/ul>\n\n\n\n<hr class=\"wp-block-separator has-alpha-channel-opacity\"\/>\n\n\n\n<h3 class=\"wp-block-heading\">5. <strong>Retenci\u00f3n de datos<\/strong><\/h3>\n\n\n\n<p>Conservamos los datos de los usuarios durante el tiempo necesario para cumplir con los fines descritos en esta pol\u00edtica o seg\u00fan lo exija la ley. Puede solicitar la eliminaci\u00f3n de su cuenta y sus datos en cualquier momento poni\u00e9ndose en contacto con nosotros.<\/p>\n\n\n\n<hr class=\"wp-block-separator has-alpha-channel-opacity\"\/>\n\n\n\n<h3 class=\"wp-block-heading\">6. <strong>Galletas<\/strong><\/h3>\n\n\n\n<p>TransferVista puede utilizar cookies para:<\/p>\n\n\n\n<ul class=\"wp-block-list\">\n<li>Guardar preferencias de inicio de sesi\u00f3n<\/li>\n\n\n\n<li>Analizar patrones de uso<\/li>\n\n\n\n<li>Mejorar la experiencia del sitio web<\/li>\n<\/ul>\n\n\n\n<p>Puede desactivar las cookies a trav\u00e9s de la configuraci\u00f3n de su navegador.<\/p>\n\n\n\n<hr class=\"wp-block-separator has-alpha-channel-opacity\"\/>\n\n\n\n<h3 class=\"wp-block-heading\">7. <strong>Derechos del usuario (cumplimiento del RGPD)<\/strong><\/h3>\n\n\n\n<p>Si se encuentra en la UE o el EEE, tiene derecho a:<\/p>\n\n\n\n<ul class=\"wp-block-list\">\n<li>Acceda a sus datos personales<\/li>\n\n\n\n<li>Corrija la informaci\u00f3n inexacta<\/li>\n\n\n\n<li>Solicitar la eliminaci\u00f3n de sus datos<\/li>\n\n\n\n<li>Oponerse al tratamiento de datos<\/li>\n\n\n\n<li>Solicitar portabilidad de datos<\/li>\n<\/ul>\n\n\n\n<p>Para ejercer sus derechos cont\u00e1ctenos al correo electr\u00f3nico que figura a continuaci\u00f3n.<\/p>\n\n\n\n<hr class=\"wp-block-separator has-alpha-channel-opacity\"\/>\n\n\n\n<h3 class=\"wp-block-heading\">8. <strong>Servicios de terceros<\/strong><\/h3>\n\n\n\n<p>TransferVista puede integrarse con plataformas de terceros (p. ej., pasarelas de pago, API de mapas). Estos servicios tienen sus propias pol\u00edticas de privacidad, y le recomendamos que las revise.<\/p>\n\n\n\n<hr class=\"wp-block-separator has-alpha-channel-opacity\"\/>\n\n\n\n<h3 class=\"wp-block-heading\">9. <strong>Cambios a esta Pol\u00edtica<\/strong><\/h3>\n\n\n\n<p>Podemos actualizar esta Pol\u00edtica de Privacidad en cualquier momento. Los cambios se publicar\u00e1n en nuestro sitio web con la fecha de entrada en vigor revisada.<\/p>\n\n\n\n<hr class=\"wp-block-separator has-alpha-channel-opacity\"\/>\n\n\n\n<h3 class=\"wp-block-heading\">10. <strong>Cont\u00e1ctenos<\/strong><\/h3>\n\n\n\n<p>Si tiene alguna pregunta o inquietud sobre esta Pol\u00edtica de privacidad, comun\u00edquese con:<\/p>\n\n\n\n<p><strong>Marketup Media<\/strong><br>Correo electr\u00f3nico: <a href=\"mailto:info@transfervista.com\">info@transfervista.com<\/a><br>Sitio web: <a class=\"\" href=\"https:\/\/transfervista.com\/es\/\">www.transfervista.com<\/a><\/p>","protected":false},"excerpt":{"rendered":"<p>Privacy Policy This Privacy Policy explains how Marketup Media (&#8220;we&#8221;, &#8220;our&#8221;, or &#8220;us&#8221;) collects, uses, discloses, and protects information related to your use of the TransferVista software and website. 1. Information We Collect We may collect the following types of information: a. User Information b. Booking &amp; Client Data c. Usage Data 2. How We [&hellip;]<\/p>\n","protected":false},"author":1,"featured_media":0,"parent":0,"menu_order":0,"comment_status":"closed","ping_status":"open","template":"","meta":{"footnotes":""},"class_list":["post-3","page","type-page","status-publish","hentry"],"blocksy_meta":[],"_links":{"self":[{"href":"https:\/\/transfervista.com\/es\/wp-json\/wp\/v2\/pages\/3","targetHints":{"allow":["GET"]}}],"collection":[{"href":"https:\/\/transfervista.com\/es\/wp-json\/wp\/v2\/pages"}],"about":[{"href":"https:\/\/transfervista.com\/es\/wp-json\/wp\/v2\/types\/page"}],"author":[{"embeddable":true,"href":"https:\/\/transfervista.com\/es\/wp-json\/wp\/v2\/users\/1"}],"replies":[{"embeddable":true,"href":"https:\/\/transfervista.com\/es\/wp-json\/wp\/v2\/comments?post=3"}],"version-history":[{"count":3,"href":"https:\/\/transfervista.com\/es\/wp-json\/wp\/v2\/pages\/3\/revisions"}],"predecessor-version":[{"id":25,"href":"https:\/\/transfervista.com\/es\/wp-json\/wp\/v2\/pages\/3\/revisions\/25"}],"wp:attachment":[{"href":"https:\/\/transfervista.com\/es\/wp-json\/wp\/v2\/media?parent=3"}],"curies":[{"name":"wp","href":"https:\/\/api.w.org\/{rel}","templated":true}]}}