{"id":1281,"date":"2025-11-14T20:31:57","date_gmt":"2025-11-14T18:31:57","guid":{"rendered":"https:\/\/transfervista.com\/?page_id=1281"},"modified":"2026-03-22T03:58:09","modified_gmt":"2026-03-22T01:58:09","slug":"ai-taxi-dispatch-software","status":"publish","type":"page","link":"https:\/\/transfervista.com\/es\/ai-taxi-dispatch-software\/","title":{"rendered":"Cloud-Based AI Taxi Dispatch Software for Cab Companies (2026)"},"content":{"rendered":"<p>En el acelerado mundo actual, la industria del taxi est\u00e1 experimentando una transformaci\u00f3n tecnol\u00f3gica. Los clientes esperan viajes r\u00e1pidos, confiables y sin interrupciones, mientras que los operadores de taxis buscan maneras de optimizar la gesti\u00f3n y las operaciones de su flota. <strong>Software de despacho de taxis con IA<\/strong> \u2014 una soluci\u00f3n revolucionaria que est\u00e1 redefiniendo el funcionamiento de las compa\u00f1\u00edas de taxis. Para los operadores de taxis que buscan mantenerse a la vanguardia, <strong>TransferenciaVista<\/strong> ofrece una plataforma de \u00faltima generaci\u00f3n dise\u00f1ada para satisfacer estas demandas cambiantes.<\/p>\n\n\n\n<h2 class=\"wp-block-heading\">What Is Cloud-Based Taxi Dispatch Software?<\/h2>\n\n\n\n<p>Cloud-based taxi dispatch software is a platform that manages the full dispatch process for taxi and cab companies from a centralised online system. Instead of running on a local server or relying on manual coordination, everything happens in the cloud \u2014 bookings, driver allocation, real-time tracking, zone management and reporting are all accessible from any device, anywhere. The terms &#8220;taxi dispatch software&#8221;, &#8220;cab dispatch software&#8221;, &#8220;taxi dispatch solution&#8221; and &#8220;taxi dispatch system&#8221; all refer to the same category of tool.<br><\/p>\n\n\n\n<h2 class=\"wp-block-heading\">AI-Powered Cloud Taxi Dispatch Software That Allocates Drivers Automatically<\/h2>\n\n\n\n<p>Traditional taxi dispatch means a controller on the phone, manually matching drivers to bookings. TransferVista replaces that with an AI dispatch engine that runs in the cloud automatically allocating the nearest available driver the moment a booking comes in, across any device, without anyone lifting a phone.<\/p>\n\n\n\n<p><strong>Software de despacho de taxis con IA<\/strong> Es un sistema avanzado que utiliza inteligencia artificial para automatizar el proceso de despacho de taxis. Los sistemas de despacho tradicionales depend\u00edan en gran medida de operadores humanos para asignar viajes, rastrear a los conductores y gestionar las solicitudes de los clientes. Con el software de despacho basado en IA, estas tareas se vuelven m\u00e1s inteligentes, r\u00e1pidas y eficientes.<\/p>\n\n\n\n<p>Al analizar datos en tiempo real, predecir la demanda y optimizar las rutas, la IA ayuda a las compa\u00f1\u00edas de taxis a reducir los tiempos de espera, mejorar la satisfacci\u00f3n del cliente y maximizar los ingresos. Esto se traduce en menos taxis parados, tiempos de espera m\u00e1s cortos para los pasajeros y un mejor aprovechamiento de los recursos.<\/p>\n\n\n\n<p>Operadores que buscan <strong>software de despacho de taxis<\/strong>, <strong>software de despacho de taxis<\/strong>, o <strong>software de despacho de taxis<\/strong> puede beneficiarse de plataformas impulsadas por IA que eliminan la complejidad de la gesti\u00f3n de flotas.<\/p>\n\n\n\n<div class=\"wp-block-buttons is-content-justification-center is-layout-flex wp-container-core-buttons-is-layout-a89b3969 wp-block-buttons-is-layout-flex\">\n<div class=\"wp-block-button\"><a class=\"wp-block-button__link wp-element-button\" href=\"https:\/\/reserve-transfer.com\/subscribe\" target=\"_blank\" rel=\"noopener\">Comience su prueba gratuita con TransferVista<\/a><\/div>\n<\/div>\n\n\n\n<h2 class=\"wp-block-heading\">Los beneficios del software de despacho de taxis basado en la nube<\/h2>\n\n\n\n<p>Uno de los avances m\u00e1s significativos en la industria del taxi es la transici\u00f3n a <strong>software de despacho de taxis basado en la nube<\/strong>. A diferencia de los sistemas locales tradicionales, las soluciones basadas en la nube permiten a los operadores de taxis gestionar toda su flota desde cualquier lugar, utilizando \u00fanicamente una conexi\u00f3n a Internet.<\/p>\n\n\n\n<p>Algunas ventajas clave del software de taxi basado en la nube incluyen:<\/p>\n\n\n\n<ol class=\"wp-block-list\">\n<li><strong>Actualizaciones en tiempo real:<\/strong> Los conductores, clientes y despachadores pueden acceder a informaci\u00f3n en vivo sobre solicitudes de viajes y ubicaciones de la flota.<\/li>\n\n\n\n<li><strong>Escalabilidad:<\/strong> Las compa\u00f1\u00edas de taxis pueden agregar f\u00e1cilmente m\u00e1s veh\u00edculos o expandir sus operaciones sin invertir en hardware adicional.<\/li>\n\n\n\n<li><strong>Eficiencia de costos:<\/strong> Las soluciones basadas en la nube eliminan la necesidad de servidores costosos y mantenimiento de TI.<\/li>\n\n\n\n<li><strong>Seguridad de datos:<\/strong> La mayor\u00eda de las plataformas en la nube ofrecen medidas de seguridad s\u00f3lidas para proteger datos confidenciales operativos y de clientes.<\/li>\n<\/ol>\n\n\n\n<p>Con <strong>Software de despacho de taxis con IA<\/strong>, Los operadores de taxis pueden optimizar las operaciones, reducir errores y mejorar la eficiencia de toda su flota.<\/p>\n\n\n\n<p><\/p>\n\n\n\n<h2 class=\"wp-block-heading\">How automated taxi dispatch works<\/h2>\n\n\n\n<blockquote class=\"wp-block-quote is-layout-flow wp-block-quote-is-layout-flow\">\n<p>When a booking comes in, TransferVista&#8217;s dispatch engine checks driver availability, location and current workload in real time. It assigns the job to the best available driver and sends them the details instantly \u2014 no controller needed. If a driver declines or does not respond, the system automatically re-allocates to the next best option.<\/p>\n\n\n\n<p>The result is faster pickup times, fewer missed bookings and no dependency on a single person managing the radio or phone.<\/p>\n\n\n\n<p>Here is the full automated dispatch flow:<\/p>\n\n\n\n<ol class=\"wp-block-list\">\n<li>Booking received (web, app, phone or B2B portal)<\/li>\n\n\n\n<li>System checks all available drivers in real time<\/li>\n\n\n\n<li>Nearest suitable driver is allocated automatically<\/li>\n\n\n\n<li>Driver receives job on their app and confirms<\/li>\n\n\n\n<li>Passenger receives confirmation with driver details<\/li>\n\n\n\n<li>Job tracked live until completion<\/li>\n\n\n\n<li>Invoice generated automatically<\/li>\n<\/ol>\n<\/blockquote>\n\n\n\n<h2 class=\"wp-block-heading\">Software de despacho de taxis para operadores de taxis<\/h2>\n\n\n\n<p>Los operadores de taxis son el coraz\u00f3n de la industria del transporte y su \u00e9xito depende de operaciones eficientes. <strong>Software de despacho de taxis para operadores de taxis<\/strong> Est\u00e1 dise\u00f1ado para agilizar las operaciones diarias, gestionar reservas y optimizar las asignaciones de conductores.<\/p>\n\n\n\n<p>Con <strong>TransferenciaVista<\/strong>, Los operadores de taxis se benefician de una plataforma que integra:<\/p>\n\n\n\n<ul class=\"wp-block-list\">\n<li><strong>Asignaciones de viajes automatizadas:<\/strong> Los algoritmos de IA asignan viajes al conductor disponible m\u00e1s cercano, lo que reduce los tiempos de respuesta.<\/li>\n\n\n\n<li><strong>An\u00e1lisis del rendimiento del conductor:<\/strong> Realice un seguimiento de la eficiencia del conductor, las tasas de finalizaci\u00f3n de viajes y las calificaciones de los clientes para mejorar la calidad del servicio.<\/li>\n\n\n\n<li><strong>Herramientas de gesti\u00f3n de flotas:<\/strong> Supervise el uso del veh\u00edculo, los programas de mantenimiento y el consumo de combustible para lograr operaciones rentables.<\/li>\n\n\n\n<li><strong>Gesti\u00f3n de relaciones con el cliente (CRM):<\/strong> Mantener una base de datos de pasajeros, clientes habituales y preferencias de servicio personalizado.<\/li>\n<\/ul>\n\n\n\n<p>Ya sea que est\u00e9s buscando <strong>software de despacho de taxis<\/strong>, <strong>software de despacho de taxis<\/strong>, o una <strong>sistema de despacho de taxis<\/strong>, Las soluciones impulsadas por IA como TransferVista ayudan a los operadores a aumentar la eficiencia operativa y la satisfacci\u00f3n de los pasajeros.<\/p>\n\n\n\n<div class=\"wp-block-buttons is-content-justification-center is-layout-flex wp-container-core-buttons-is-layout-a89b3969 wp-block-buttons-is-layout-flex\">\n<div class=\"wp-block-button\"><a class=\"wp-block-button__link wp-element-button\" href=\"https:\/\/reserve-transfer.com\/subscribe\" target=\"_blank\" rel=\"noopener\">Comience su prueba gratuita con TransferVista<\/a><\/div>\n<\/div>\n\n\n\n<h2 class=\"wp-block-heading\">Integraciones de software de despacho de taxis<\/h2>\n\n\n\n<p>Las soluciones modernas de despacho de taxis no son sistemas independientes. Ofrecen <strong>Integraciones de software de despacho de taxis<\/strong> que permiten a los operadores conectarse con pasarelas de pago, aplicaciones de navegaci\u00f3n, plataformas de atenci\u00f3n al cliente y m\u00e1s.<\/p>\n\n\n\n<p><strong>TransferenciaVista<\/strong> se destaca en este dominio al ofrecer integraciones perfectas con:<\/p>\n\n\n\n<ul class=\"wp-block-list\">\n<li><strong>Plataformas de pago digital:<\/strong> Permita que los pasajeros paguen mediante tarjetas, billeteras m\u00f3viles o pagos dentro de la aplicaci\u00f3n.<\/li>\n\n\n\n<li><strong>Sistemas de navegaci\u00f3n GPS:<\/strong> Optimizaci\u00f3n de rutas en tiempo real para recogidas y entregas m\u00e1s r\u00e1pidas.<\/li>\n\n\n\n<li><strong>Herramientas de atenci\u00f3n al cliente:<\/strong> Integre con chatbots y sistemas de soporte para mejorar la experiencia de los pasajeros.<\/li>\n\n\n\n<li><strong>Plataformas de viajes de terceros:<\/strong> Ampl\u00ede su alcance conect\u00e1ndose con otros servicios de transporte.<\/li>\n<\/ul>\n\n\n\n<p>Estas integraciones hacen que <strong>Software de despacho de taxis con IA<\/strong>, <strong>software de despacho de taxis<\/strong>, y <strong>software de despacho de taxis<\/strong> herramientas indispensables para las compa\u00f1\u00edas de taxis que buscan modernizar sus operaciones y brindar una experiencia fluida a los pasajeros.<\/p>\n\n\n\n<h2 class=\"wp-block-heading\">Agente de software de despacho de taxis con IA<\/h2>\n\n\n\n<p>Una de las caracter\u00edsticas m\u00e1s innovadoras de los sistemas modernos de despacho de taxis es la <strong>Agente de software de despacho de taxis con IA<\/strong>. Este agente inteligente act\u00faa como un despachador virtual, automatizando la comunicaci\u00f3n entre conductores, pasajeros y el sistema central.<\/p>\n\n\n\n<p>Las capacidades clave incluyen:<\/p>\n\n\n\n<ul class=\"wp-block-list\">\n<li><strong>An\u00e1lisis predictivo de la demanda:<\/strong> La IA predice \u00e1reas de alta demanda y ajusta la asignaci\u00f3n de conductores en consecuencia.<\/li>\n\n\n\n<li><strong>Notificaciones automatizadas a clientes:<\/strong> Los pasajeros reciben actualizaciones en tiempo real sobre la ubicaci\u00f3n del conductor, los tiempos de llegada estimados y las confirmaciones de viajes.<\/li>\n\n\n\n<li><strong>Precios din\u00e1micos:<\/strong> El agente de IA puede implementar precios din\u00e1micos durante las horas pico, optimizando los ingresos de los operadores de taxis.<\/li>\n\n\n\n<li><strong>Gesti\u00f3n de incidentes:<\/strong> Detecta autom\u00e1ticamente retrasos, problemas de tr\u00e1fico o cancelaciones y reasigna viajes seg\u00fan sea necesario.<\/li>\n<\/ul>\n\n\n\n<p>Con un <strong>Agente de software de despacho de taxis con IA<\/strong>, Los operadores de taxi pueden reducir la carga de trabajo manual y, al mismo tiempo, garantizar una experiencia superior al cliente. Ya sea que gestione un... <strong>sistema de despacho de taxis<\/strong>, <strong>sistema de despacho de cabina<\/strong>, o cualquier tipo de software de taxi, los agentes de IA simplifican las operaciones diarias y mejoran la productividad.<\/p>\n\n\n\n<h2 class=\"wp-block-heading\">\u00bfPor qu\u00e9 elegir TransferVista?<\/h2>\n\n\n\n<p>Si bien hay muchas opciones en el mercado, <strong>TransferenciaVista<\/strong> surge como una soluci\u00f3n l\u00edder para las empresas de taxis que buscan <strong>Software de despacho de taxis con IA<\/strong>. He aqu\u00ed por qu\u00e9:<\/p>\n\n\n\n<ol class=\"wp-block-list\">\n<li><strong>Interfaz f\u00e1cil de usar:<\/strong> Los conductores y operadores pueden navegar f\u00e1cilmente por la plataforma, reduciendo el tiempo de capacitaci\u00f3n y los errores.<\/li>\n\n\n\n<li><strong>Eficiencia impulsada por IA:<\/strong> Los algoritmos avanzados optimizan las rutas, predicen la demanda y asignan viajes de forma inteligente.<\/li>\n\n\n\n<li><strong>Accesibilidad basada en la nube:<\/strong> Gestiona tu flota en cualquier momento y en cualquier lugar, sin necesidad de infraestructura compleja.<\/li>\n\n\n\n<li><strong>Integraciones completas:<\/strong> Con\u00e9ctese sin problemas con plataformas de pago, navegaci\u00f3n y atenci\u00f3n al cliente.<\/li>\n\n\n\n<li><strong>Soluci\u00f3n escalable:<\/strong> Ya sea que tenga una flota peque\u00f1a o una gran operaci\u00f3n, TransferVista crece con su negocio.<\/li>\n<\/ol>\n\n\n\n<p>Ya sea que est\u00e9s buscando <strong>software de despacho de taxis<\/strong>, <strong>software de despacho de taxis<\/strong>, o una <strong>sistema de despacho de cabina<\/strong>, TransferVista ofrece una soluci\u00f3n integral para optimizar las operaciones y aumentar los ingresos.<\/p>\n\n\n\n<div class=\"wp-block-buttons is-content-justification-center is-layout-flex wp-container-core-buttons-is-layout-a89b3969 wp-block-buttons-is-layout-flex\">\n<div class=\"wp-block-button\"><a class=\"wp-block-button__link wp-element-button\" href=\"https:\/\/reserve-transfer.com\/subscribe\" target=\"_blank\" rel=\"noopener\">Comience su prueba gratuita con TransferVista<\/a><\/div>\n<\/div>\n\n\n\n<h2 class=\"wp-block-heading\">El futuro de las operaciones de taxis<\/h2>\n\n\n\n<p>La industria del taxi est\u00e1 evolucionando y las empresas que adopten la tecnolog\u00eda liderar\u00e1n el camino. <strong>Software de despacho de taxis con IA<\/strong> Ya no es un lujo: es una necesidad para los operadores que quieren seguir siendo competitivos.<\/p>\n\n\n\n<p>Las soluciones impulsadas por IA ayudan a las empresas de taxis a:<\/p>\n\n\n\n<ul class=\"wp-block-list\">\n<li>Reducir los costos operativos<\/li>\n\n\n\n<li>Mejorar la productividad del conductor<\/li>\n\n\n\n<li>Mejorar la experiencia de los pasajeros<\/li>\n\n\n\n<li>Aumentar la rentabilidad general<\/li>\n<\/ul>\n\n\n\n<p>Con herramientas como <strong>TransferenciaVista<\/strong>, gestionando una <strong>sistema de despacho de taxis<\/strong>, <strong>sistema de despacho de cabina<\/strong>, o general <strong>software de taxis<\/strong> se vuelve fluido y eficiente.<\/p>\n\n\n\n<div class=\"wp-block-buttons is-content-justification-center is-layout-flex wp-container-core-buttons-is-layout-a89b3969 wp-block-buttons-is-layout-flex\">\n<div class=\"wp-block-button\"><a class=\"wp-block-button__link wp-element-button\" href=\"https:\/\/reserve-transfer.com\/subscribe\" target=\"_blank\" rel=\"noopener\">Comience su prueba gratuita con TransferVista<\/a><\/div>\n<\/div>\n\n\n\n<h2 class=\"wp-block-heading\">Conclusi\u00f3n<\/h2>\n\n\n\n<p>En resumen, <strong>Software de despacho de taxis con IA<\/strong> Est\u00e1 transformando la industria del taxi al automatizar operaciones, optimizar recursos y mejorar la satisfacci\u00f3n del cliente. Los sistemas en la nube, los agentes de IA y las integraciones de software brindan a los operadores de taxi las herramientas necesarias para mantenerse a la vanguardia en un mercado competitivo.<\/p>\n\n\n\n<p><strong>TransferenciaVista<\/strong> Ofrece una plataforma integral, escalable y f\u00e1cil de usar, dise\u00f1ada para satisfacer las necesidades espec\u00edficas de las compa\u00f1\u00edas de taxis. Al elegir TransferVista, los operadores pueden adaptarse al futuro del transporte, reducir las ineficiencias operativas y brindar a los pasajeros el servicio superior que esperan.<\/p>\n\n\n\n<p>Para los operadores de taxis que buscan modernizar sus operaciones, <strong>Software de despacho de taxis con IA<\/strong>, <strong>software de despacho de taxis<\/strong>, <strong>software de despacho de taxis<\/strong>, <strong>software de despacho de taxis<\/strong>, <strong>software de taxis<\/strong>, <strong>sistema de despacho de taxis<\/strong>, y <strong>sistema de despacho de cabina<\/strong> TransferVista es la soluci\u00f3n definitiva para la eficiencia, la rentabilidad y el crecimiento.<\/p>","protected":false},"excerpt":{"rendered":"<p>In today\u2019s fast-paced world, the taxi industry is undergoing a technological transformation. Customers expect fast, reliable, and seamless rides, while taxi operators are seeking ways to optimize their fleet management and operations. Enter Taxi dispatch software with AI \u2014 a revolutionary solution that is redefining how taxi companies operate. For taxi operators looking to stay [&hellip;]<\/p>\n","protected":false},"author":2,"featured_media":0,"parent":0,"menu_order":0,"comment_status":"closed","ping_status":"closed","template":"","meta":{"footnotes":""},"class_list":["post-1281","page","type-page","status-publish","hentry"],"blocksy_meta":[],"_links":{"self":[{"href":"https:\/\/transfervista.com\/es\/wp-json\/wp\/v2\/pages\/1281","targetHints":{"allow":["GET"]}}],"collection":[{"href":"https:\/\/transfervista.com\/es\/wp-json\/wp\/v2\/pages"}],"about":[{"href":"https:\/\/transfervista.com\/es\/wp-json\/wp\/v2\/types\/page"}],"author":[{"embeddable":true,"href":"https:\/\/transfervista.com\/es\/wp-json\/wp\/v2\/users\/2"}],"replies":[{"embeddable":true,"href":"https:\/\/transfervista.com\/es\/wp-json\/wp\/v2\/comments?post=1281"}],"version-history":[{"count":2,"href":"https:\/\/transfervista.com\/es\/wp-json\/wp\/v2\/pages\/1281\/revisions"}],"predecessor-version":[{"id":1694,"href":"https:\/\/transfervista.com\/es\/wp-json\/wp\/v2\/pages\/1281\/revisions\/1694"}],"wp:attachment":[{"href":"https:\/\/transfervista.com\/es\/wp-json\/wp\/v2\/media?parent=1281"}],"curies":[{"name":"wp","href":"https:\/\/api.w.org\/{rel}","templated":true}]}}