{"id":1250,"date":"2025-11-13T18:10:01","date_gmt":"2025-11-13T16:10:01","guid":{"rendered":"https:\/\/transfervista.com\/?page_id=1250"},"modified":"2025-11-14T19:44:44","modified_gmt":"2025-11-14T17:44:44","slug":"transfer-services-api","status":"publish","type":"page","link":"https:\/\/transfervista.com\/es\/transfer-services-api\/","title":{"rendered":"API de servicios de transferencia y API de transferencia al aeropuerto"},"content":{"rendered":"<p><\/p>\n\n\n\n<h3 class=\"wp-block-heading\">Potencie su negocio con una integraci\u00f3n de transferencias perfecta<\/h3>\n\n\n\n<p>Ya sea que sea una agencia de viajes, un hotel, una aerol\u00ednea o una plataforma de movilidad, <strong>API de servicios de transferencia de TransferVista<\/strong> Le permite ofrecer f\u00e1cilmente traslados terrestres confiables a sus clientes, desde recogidas en el aeropuerto hasta traslados al hotel y m\u00e1s.<\/p>\n\n\n\n<p>Nuestra API proporciona todo lo que necesitas para <strong>buscar, cotizar y reservar transferencias<\/strong> en tiempo real, conect\u00e1ndote directamente con una red de confianza <strong>empresas y operadores de transferencia<\/strong> alrededor del mundo.<\/p>\n\n\n\n<p>Al integrar nuestra API, usted puede:<\/p>\n\n\n\n<ul class=\"wp-block-list\">\n<li>Ofrezca traslados puerta a puerta directamente dentro de su aplicaci\u00f3n o sitio web.<\/li>\n\n\n\n<li>Acceda a cotizaciones instant\u00e1neas y disponibilidad.<\/li>\n\n\n\n<li>Reserve y gestione traslados sin esfuerzo a trav\u00e9s de una API REST sencilla y moderna.<\/li>\n\n\n\n<li>Colabora con operadores locales verificados que manejan cada viaje con profesionalismo.<\/li>\n\n\n\n<li>Ampl\u00ede su oferta de productos y cree nuevas fuentes de ingresos sin administrar su propia flota.<\/li>\n<\/ul>\n\n\n\n<div class=\"wp-block-buttons is-content-justification-center is-layout-flex wp-container-core-buttons-is-layout-a89b3969 wp-block-buttons-is-layout-flex\">\n<div class=\"wp-block-button\"><a class=\"wp-block-button__link wp-element-button\" href=\"https:\/\/transfervista.com\/es\/contacto\/\">Reserva una llamada con nosotros<\/a><\/div>\n<\/div>\n\n\n\n<hr class=\"wp-block-separator has-alpha-channel-opacity\"\/>\n\n\n\n<h3 class=\"wp-block-heading\">\u2699\ufe0f \u00bfC\u00f3mo puedes utilizar nuestra API de traslado al aeropuerto?<\/h3>\n\n\n\n<p>La API de Servicios de Transferencia funciona de forma muy sencilla. Permite realizar principalmente tres tipos de acciones:<\/p>\n\n\n\n<ol class=\"wp-block-list\">\n<li><strong>Obtenga una cotizaci\u00f3n<\/strong> \u2013 Env\u00ede una solicitud con detalles de recogida y entrega para recibir instant\u00e1neamente opciones de traslado, precios y tipos de veh\u00edculos.<\/li>\n\n\n\n<li><strong>Reservar un traslado<\/strong> \u2013 Confirme la reserva directamente a trav\u00e9s de la API con los detalles del pasajero y la informaci\u00f3n de pago.<\/li>\n\n\n\n<li><strong>Administrar transferencias<\/strong> \u2013 Visualiza, modifica o cancela transferencias f\u00e1cilmente, mientras los operadores locales se encargan de la ejecuci\u00f3n y la log\u00edstica.<\/li>\n<\/ol>\n\n\n\n<p>Nuestro sistema garantiza una comunicaci\u00f3n fluida entre su plataforma, sus clientes y los proveedores de transferencias, todo bajo una API unificada.<\/p>\n\n\n\n<div class=\"wp-block-buttons is-content-justification-center is-layout-flex wp-container-core-buttons-is-layout-a89b3969 wp-block-buttons-is-layout-flex\">\n<div class=\"wp-block-button\"><a class=\"wp-block-button__link wp-element-button\" href=\"https:\/\/transfervista.com\/es\/contacto\/\">Reserva una llamada con nosotros<\/a><\/div>\n<\/div>\n\n\n\n<hr class=\"wp-block-separator has-alpha-channel-opacity\"\/>\n\n\n\n<h2 class=\"wp-block-heading\">\ud83d\udca1 \u00bfPor qu\u00e9 elegir TransferVista como API de traslados al aeropuerto?<\/h2>\n\n\n\n<ul class=\"wp-block-list\">\n<li><strong>Cobertura global<\/strong>:Con\u00e9ctese con operadores en los principales destinos tur\u00edsticos.<\/li>\n\n\n\n<li><strong>R\u00e1pido y confiable<\/strong>:Respuestas de baja latencia y transacciones seguras.<\/li>\n\n\n\n<li><strong>Integraci\u00f3n simple<\/strong>:Arquitectura basada en REST con documentaci\u00f3n clara y pruebas sandbox.<\/li>\n\n\n\n<li><strong>Escalable<\/strong>:Adecuado tanto para empresas emergentes como para empresas de nivel empresarial.<\/li>\n\n\n\n<li><strong>Precios transparentes<\/strong>:Paga s\u00f3lo por lo que usas: sin cargos ocultos.<\/li>\n<\/ul>\n\n\n\n<p><\/p>\n\n\n\n<h2 class=\"wp-block-heading\">\u00bfQu\u00e9 es una API de transferencia de aeropuerto?<\/h2>\n\n\n\n<p>Un <strong>API de traslado al aeropuerto<\/strong> Es una interfaz de software que permite a plataformas de viajes, aerol\u00edneas, agencias de viajes online, hoteles y servicios de movilidad acceder y reservar f\u00e1cilmente transporte terrestre desde y hacia aeropuertos. En lugar de integrar manualmente m\u00faltiples proveedores o crear una l\u00f3gica de reserva compleja desde cero, los desarrolladores pueden usar una \u00fanica API para obtener informaci\u00f3n en tiempo real sobre disponibilidad, precios, opciones de veh\u00edculos y confirmaci\u00f3n instant\u00e1nea de viajes al aeropuerto. Esto simplifica el desarrollo y garantiza que los viajeros disfruten de una experiencia de traslado fluida y confiable.<\/p>\n\n\n\n<p>Para las empresas del sector de viajes y movilidad, una API de traslados aeroportuarios simplifica las operaciones. Permite la conexi\u00f3n instant\u00e1nea con flotas, socios de traslado y proveedores de servicios de todo el mundo, a la vez que garantiza est\u00e1ndares uniformes de reserva, pago y comunicaci\u00f3n. Con actualizaciones automatizadas sobre el estado del veh\u00edculo, instrucciones de recogida y notificaciones a los clientes, las empresas pueden ofrecer una experiencia de traslado premium y sin complicaciones, sin tener que gestionar la log\u00edstica manualmente. El resultado es una mayor satisfacci\u00f3n del cliente y un aumento de los ingresos gracias a servicios de valor a\u00f1adido.<\/p>\n\n\n\n<p><strong>API de traslados al aeropuerto de Transfervista<\/strong> Lleva este concepto al siguiente nivel ofreciendo una soluci\u00f3n unificada de alto rendimiento dise\u00f1ada para la escalabilidad y el alcance global. Con una \u00fanica integraci\u00f3n, los socios pueden acceder a proveedores de confianza, precios transparentes, confirmaciones automatizadas y soporte multiling\u00fce, lo que les permite centrarse en el crecimiento de su negocio en lugar de en la gesti\u00f3n de las operaciones de transporte. Ya sea una agencia de viajes online (OTA), una red hotelera o una aplicaci\u00f3n de movilidad, Transfervista le brinda las herramientas para ofrecer traslados al aeropuerto fiables sin esfuerzo y mejorar la experiencia de viaje integral de sus clientes.<\/p>\n\n\n\n<hr class=\"wp-block-separator has-alpha-channel-opacity\"\/>\n\n\n\n<h2 class=\"wp-block-heading\">\u2753 Preguntas frecuentes (FAQ)<\/h2>\n\n\n\n<p><strong>1. \u00bfQu\u00e9 es la API de servicios de transferencia de TransferVista?<\/strong><br>Es una API REST que permite a las empresas buscar, cotizar y reservar traslados terrestres a trav\u00e9s de una red de operadores profesionales.<\/p>\n\n\n\n<p><strong>2. \u00bfQui\u00e9n puede utilizar esta API?<\/strong><br>Cualquier empresa que desee ofrecer servicios de traslado, como agencias de viajes, aerol\u00edneas, hoteles, plataformas de reservas o sistemas de viajes corporativos.<\/p>\n\n\n\n<p><strong>3. \u00bfC\u00f3mo empiezo?<\/strong><br>Simplemente reg\u00edstrese para obtener una clave API en TransferVista, acceda a nuestra documentaci\u00f3n para desarrolladores y comience a realizar pruebas en nuestro entorno sandbox.<\/p>\n\n\n\n<p><strong>4. \u00bfQu\u00e9 tipos de transferencia se admiten?<\/strong><br>Nuestra API admite una variedad de tipos de traslados, incluidos aeropuerto, puerto, hotel y lugares de recogida y entrega personalizados.<\/p>\n\n\n\n<p><strong>5. \u00bfPuedo utilizar mi propia marca al ofrecer transferencias?<\/strong><br>S\u00ed. La API est\u00e1 preparada para marca blanca, lo que le permite integrarla completamente en el dise\u00f1o y la experiencia del usuario de su plataforma.<\/p>\n\n\n\n<p><strong>6. \u00bfC\u00f3mo se realizan las transferencias?<\/strong><br>Los traslados son gestionados y operados por nuestra red de empresas de traslado verificadas y operadores locales que manejan la log\u00edstica y el servicio de pasajeros.<\/p>\n\n\n\n<p><strong>7. \u00bfTiene alg\u00fan coste utilizar la API?<\/strong><br>Paga por cada reserva realizada, con precios flexibles seg\u00fan el volumen. Contacta con nuestro equipo de ventas para obtener m\u00e1s informaci\u00f3n sobre colaboraciones y precios.<\/p>\n\n\n\n<p><strong>8. \u00bfPuedo gestionar o cancelar reservas a trav\u00e9s de la API?<\/strong><br>S\u00ed. La API permite una gesti\u00f3n completa, incluyendo la visualizaci\u00f3n, modificaci\u00f3n o cancelaci\u00f3n de reservas confirmadas.<\/p>\n\n\n\n<p><strong>9. \u00bfOfrecen soporte para desarrolladores?<\/strong><br>Por supuesto. Ofrecemos documentaci\u00f3n completa, c\u00f3digo de muestra y soporte t\u00e9cnico para que su integraci\u00f3n sea fluida.<\/p>\n\n\n\n<div class=\"wp-block-buttons is-content-justification-center is-layout-flex wp-container-core-buttons-is-layout-a89b3969 wp-block-buttons-is-layout-flex\">\n<div class=\"wp-block-button\"><a class=\"wp-block-button__link wp-element-button\" href=\"https:\/\/transfervista.com\/es\/contacto\/\">Reserva una llamada con nosotros<\/a><\/div>\n<\/div>\n\n\n\n<hr class=\"wp-block-separator has-alpha-channel-opacity\"\/>\n\n\n\n<h3 class=\"wp-block-heading\">\u2708\ufe0f Empieza a integrar hoy<\/h3>\n\n\n\n<p>Lleve el poder de los servicios de transferencia profesionales a su negocio.<\/p>\n\n\n\n<p>Cont\u00e1ctanos o reserva una llamada con nosotros aqu\u00ed: <a href=\"http:\/\/transfervista.com\/es\/contacto\/\">http:\/\/transfervista.com\/contact<\/a><\/p>","protected":false},"excerpt":{"rendered":"<p>Power Your Business with Seamless Transfer Integration Whether you\u2019re a travel agency, hotel, airline, or mobility platform, TransferVista\u2019s Transfer Services API lets you easily offer reliable ground transfers to your customers \u2014 from airport pickups to hotel drop-offs and more. Our API provides everything you need to search, quote, and book transfers in real time, [&hellip;]<\/p>\n","protected":false},"author":2,"featured_media":0,"parent":0,"menu_order":0,"comment_status":"closed","ping_status":"closed","template":"","meta":{"footnotes":""},"class_list":["post-1250","page","type-page","status-publish","hentry"],"blocksy_meta":[],"_links":{"self":[{"href":"https:\/\/transfervista.com\/es\/wp-json\/wp\/v2\/pages\/1250","targetHints":{"allow":["GET"]}}],"collection":[{"href":"https:\/\/transfervista.com\/es\/wp-json\/wp\/v2\/pages"}],"about":[{"href":"https:\/\/transfervista.com\/es\/wp-json\/wp\/v2\/types\/page"}],"author":[{"embeddable":true,"href":"https:\/\/transfervista.com\/es\/wp-json\/wp\/v2\/users\/2"}],"replies":[{"embeddable":true,"href":"https:\/\/transfervista.com\/es\/wp-json\/wp\/v2\/comments?post=1250"}],"version-history":[{"count":3,"href":"https:\/\/transfervista.com\/es\/wp-json\/wp\/v2\/pages\/1250\/revisions"}],"predecessor-version":[{"id":1268,"href":"https:\/\/transfervista.com\/es\/wp-json\/wp\/v2\/pages\/1250\/revisions\/1268"}],"wp:attachment":[{"href":"https:\/\/transfervista.com\/es\/wp-json\/wp\/v2\/media?parent=1250"}],"curies":[{"name":"wp","href":"https:\/\/api.w.org\/{rel}","templated":true}]}}