{"id":3,"date":"2025-05-12T12:16:52","date_gmt":"2025-05-12T12:16:52","guid":{"rendered":"https:\/\/transfervista.com\/?page_id=3"},"modified":"2025-05-16T13:32:22","modified_gmt":"2025-05-16T10:32:22","slug":"privacy-policy","status":"publish","type":"page","link":"https:\/\/transfervista.com\/de\/privacy-policy\/","title":{"rendered":"Datenschutzrichtlinie"},"content":{"rendered":"<h2 class=\"wp-block-heading\"><strong>Datenschutzrichtlinie<\/strong><\/h2>\n\n\n\n<p>Diese Datenschutzrichtlinie erkl\u00e4rt, wie <strong>Marketup Media<\/strong> (\u201cwir\u201d, \u201cunser\u201d oder \u201cuns\u201d) erhebt, nutzt, offenbart und sch\u00fctzt Informationen im Zusammenhang mit Ihrer Nutzung der <strong>TransferVista<\/strong> Software und Website.<\/p>\n\n\n\n<hr class=\"wp-block-separator has-alpha-channel-opacity\"\/>\n\n\n\n<h3 class=\"wp-block-heading\">1. <strong>Informationen, die wir sammeln<\/strong><\/h3>\n\n\n\n<p>Wir erfassen m\u00f6glicherweise folgende Arten von Informationen:<\/p>\n\n\n\n<h4 class=\"wp-block-heading\">A. <strong>Benutzerinformationen<\/strong><\/h4>\n\n\n\n<ul class=\"wp-block-list\">\n<li>Vollst\u00e4ndiger Name, Firmenname<\/li>\n\n\n\n<li>E-Mail-Adresse, Telefonnummer<\/li>\n\n\n\n<li>Zahlungsdetails (sichere Verarbeitung \u00fcber externe Zahlungsdienstleister)<\/li>\n<\/ul>\n\n\n\n<h4 class=\"wp-block-heading\">B. <strong>Buchungs- und Kundendaten<\/strong><\/h4>\n\n\n\n<ul class=\"wp-block-list\">\n<li>Namen und Kontaktdaten der Passagiere (wie von den Nutzern eingegeben)<\/li>\n\n\n\n<li>Abhol- und R\u00fcckgabeorte<\/li>\n\n\n\n<li>Termine und Uhrzeiten der geplanten Transfers<\/li>\n<\/ul>\n\n\n\n<h4 class=\"wp-block-heading\">C. <strong>Nutzungsdaten<\/strong><\/h4>\n\n\n\n<ul class=\"wp-block-list\">\n<li>IP-Adressen<\/li>\n\n\n\n<li>Browsertyp und -version<\/li>\n\n\n\n<li>Betriebssystem<\/li>\n\n\n\n<li>Auf der Plattform besuchte Seiten und durchgef\u00fchrte Aktionen<\/li>\n<\/ul>\n\n\n\n<hr class=\"wp-block-separator has-alpha-channel-opacity\"\/>\n\n\n\n<h3 class=\"wp-block-heading\">2. <strong>Wie wir Ihre Daten verwenden<\/strong><\/h3>\n\n\n\n<p>Wir verwenden die gesammelten Informationen, um:<\/p>\n\n\n\n<ul class=\"wp-block-list\">\n<li>Bereitstellung und Wartung der TransferVista-Software<\/li>\n\n\n\n<li>Zahlungen verarbeiten und Rechnungsstellung verwalten<\/li>\n\n\n\n<li>Kommunizieren Sie mit den Nutzern \u00fcber Aktualisierungen oder Support.<\/li>\n\n\n\n<li>Verbesserung der Plattformleistung und -funktionen<\/li>\n\n\n\n<li>Rechtliche Verpflichtungen einhalten<\/li>\n<\/ul>\n\n\n\n<hr class=\"wp-block-separator has-alpha-channel-opacity\"\/>\n\n\n\n<h3 class=\"wp-block-heading\">3. <strong>Informationsaustausch<\/strong><\/h3>\n\n\n\n<p>Wir <strong>Nicht verkaufen oder vermieten<\/strong> Ihre pers\u00f6nlichen Daten. Wir geben Daten nur in folgenden F\u00e4llen weiter:<\/p>\n\n\n\n<ul class=\"wp-block-list\">\n<li><strong>Mit Dienstleistern<\/strong> (z. B. Zahlungsabwickler, Hosting-Dienste) unter strenger Vertraulichkeit<\/li>\n\n\n\n<li><strong>Falls gesetzlich vorgeschrieben<\/strong> oder um auf rechtliche Verfahren zu reagieren<\/li>\n\n\n\n<li><strong>Im Falle einer Unternehmens\u00fcbertragung<\/strong>, wie beispielsweise eine Fusion oder \u00dcbernahme, nach vorheriger Benachrichtigung<\/li>\n<\/ul>\n\n\n\n<hr class=\"wp-block-separator has-alpha-channel-opacity\"\/>\n\n\n\n<h3 class=\"wp-block-heading\">4. <strong>Datensicherheit<\/strong><\/h3>\n\n\n\n<p>Wir setzen angemessene Sicherheitsma\u00dfnahmen ein, um Ihre personenbezogenen Daten vor unbefugtem Zugriff, Ver\u00e4nderung oder Offenlegung zu sch\u00fctzen.<\/p>\n\n\n\n<ul class=\"wp-block-list\">\n<li>Verschl\u00fcsselte Verbindungen (SSL\/HTTPS)<\/li>\n\n\n\n<li>Sichere Serverinfrastruktur<\/li>\n\n\n\n<li>Zugriffskontrollen und Authentifizierung<\/li>\n<\/ul>\n\n\n\n<hr class=\"wp-block-separator has-alpha-channel-opacity\"\/>\n\n\n\n<h3 class=\"wp-block-heading\">5. <strong>Datenaufbewahrung<\/strong><\/h3>\n\n\n\n<p>Wir speichern Nutzerdaten so lange, wie es zur Erf\u00fcllung der in dieser Richtlinie beschriebenen Zwecke oder aufgrund gesetzlicher Bestimmungen erforderlich ist. Sie k\u00f6nnen die L\u00f6schung Ihres Kontos und Ihrer Daten jederzeit durch Kontaktaufnahme mit uns beantragen.<\/p>\n\n\n\n<hr class=\"wp-block-separator has-alpha-channel-opacity\"\/>\n\n\n\n<h3 class=\"wp-block-heading\">6. <strong>Cookies<\/strong><\/h3>\n\n\n\n<p>TransferVista verwendet m\u00f6glicherweise Cookies, um:<\/p>\n\n\n\n<ul class=\"wp-block-list\">\n<li>Anmeldeeinstellungen speichern<\/li>\n\n\n\n<li>Nutzungsmuster analysieren<\/li>\n\n\n\n<li>Website-Erlebnis verbessern<\/li>\n<\/ul>\n\n\n\n<p>Sie k\u00f6nnen Cookies \u00fcber Ihre Browsereinstellungen deaktivieren.<\/p>\n\n\n\n<hr class=\"wp-block-separator has-alpha-channel-opacity\"\/>\n\n\n\n<h3 class=\"wp-block-heading\">7. <strong>Nutzerrechte (DSGVO-Konformit\u00e4t)<\/strong><\/h3>\n\n\n\n<p>Wenn Sie in der EU oder im EWR ans\u00e4ssig sind, haben Sie folgende Rechte:<\/p>\n\n\n\n<ul class=\"wp-block-list\">\n<li>Greifen Sie auf Ihre pers\u00f6nlichen Daten zu<\/li>\n\n\n\n<li>Korrigieren Sie ungenaue Informationen.<\/li>\n\n\n\n<li>Beantragen Sie die L\u00f6schung Ihrer Daten<\/li>\n\n\n\n<li>Einspruch gegen die Datenverarbeitung<\/li>\n\n\n\n<li>Anfrage zur Daten\u00fcbertragung<\/li>\n<\/ul>\n\n\n\n<p>Um Ihre Rechte auszu\u00fcben, kontaktieren Sie uns unter der unten angegebenen E-Mail-Adresse.<\/p>\n\n\n\n<hr class=\"wp-block-separator has-alpha-channel-opacity\"\/>\n\n\n\n<h3 class=\"wp-block-heading\">8. <strong>Drittanbieterdienste<\/strong><\/h3>\n\n\n\n<p>TransferVista kann mit Drittanbieterplattformen (z. B. Zahlungsportalen, Karten-APIs) integriert sein. Diese Dienste haben eigene Datenschutzrichtlinien, die Sie bitte lesen sollten.<\/p>\n\n\n\n<hr class=\"wp-block-separator has-alpha-channel-opacity\"\/>\n\n\n\n<h3 class=\"wp-block-heading\">9. <strong>\u00c4nderungen dieser Richtlinie<\/strong><\/h3>\n\n\n\n<p>Wir k\u00f6nnen diese Datenschutzrichtlinie jederzeit aktualisieren. \u00c4nderungen werden mit dem aktualisierten G\u00fcltigkeitsdatum auf unserer Website ver\u00f6ffentlicht.<\/p>\n\n\n\n<hr class=\"wp-block-separator has-alpha-channel-opacity\"\/>\n\n\n\n<h3 class=\"wp-block-heading\">10. <strong>Kontaktieren Sie uns<\/strong><\/h3>\n\n\n\n<p>Bei Fragen oder Bedenken bez\u00fcglich dieser Datenschutzrichtlinie wenden Sie sich bitte an:<\/p>\n\n\n\n<p><strong>Marketup Media<\/strong><br>E-Mail: <a href=\"mailto:info@transfervista.com\">info@transfervista.com<\/a><br>Webseite: <a class=\"\" href=\"https:\/\/transfervista.com\/de\/\">www.transfervista.com<\/a><\/p>","protected":false},"excerpt":{"rendered":"<p>Privacy Policy This Privacy Policy explains how Marketup Media (&#8220;we&#8221;, &#8220;our&#8221;, or &#8220;us&#8221;) collects, uses, discloses, and protects information related to your use of the TransferVista software and website. 1. Information We Collect We may collect the following types of information: a. User Information b. Booking &amp; Client Data c. Usage Data 2. How We [&hellip;]<\/p>\n","protected":false},"author":1,"featured_media":0,"parent":0,"menu_order":0,"comment_status":"closed","ping_status":"open","template":"","meta":{"footnotes":""},"class_list":["post-3","page","type-page","status-publish","hentry"],"blocksy_meta":[],"_links":{"self":[{"href":"https:\/\/transfervista.com\/de\/wp-json\/wp\/v2\/pages\/3","targetHints":{"allow":["GET"]}}],"collection":[{"href":"https:\/\/transfervista.com\/de\/wp-json\/wp\/v2\/pages"}],"about":[{"href":"https:\/\/transfervista.com\/de\/wp-json\/wp\/v2\/types\/page"}],"author":[{"embeddable":true,"href":"https:\/\/transfervista.com\/de\/wp-json\/wp\/v2\/users\/1"}],"replies":[{"embeddable":true,"href":"https:\/\/transfervista.com\/de\/wp-json\/wp\/v2\/comments?post=3"}],"version-history":[{"count":3,"href":"https:\/\/transfervista.com\/de\/wp-json\/wp\/v2\/pages\/3\/revisions"}],"predecessor-version":[{"id":25,"href":"https:\/\/transfervista.com\/de\/wp-json\/wp\/v2\/pages\/3\/revisions\/25"}],"wp:attachment":[{"href":"https:\/\/transfervista.com\/de\/wp-json\/wp\/v2\/media?parent=3"}],"curies":[{"name":"wp","href":"https:\/\/api.w.org\/{rel}","templated":true}]}}