{"id":1281,"date":"2025-11-14T20:31:57","date_gmt":"2025-11-14T18:31:57","guid":{"rendered":"https:\/\/transfervista.com\/?page_id=1281"},"modified":"2026-03-22T03:58:09","modified_gmt":"2026-03-22T01:58:09","slug":"ai-taxi-dispatch-software","status":"publish","type":"page","link":"https:\/\/transfervista.com\/de\/ai-taxi-dispatch-software\/","title":{"rendered":"Cloud-Based AI Taxi Dispatch Software for Cab Companies (2026)"},"content":{"rendered":"<p>In der heutigen schnelllebigen Welt durchl\u00e4uft die Taxibranche einen technologischen Wandel. Kunden erwarten schnelle, zuverl\u00e4ssige und reibungslose Fahrten, w\u00e4hrend Taxiunternehmen nach M\u00f6glichkeiten suchen, ihr Flottenmanagement und ihren Betrieb zu optimieren. <strong>Taxidispositionssoftware mit KI<\/strong> \u2014 eine revolution\u00e4re L\u00f6sung, die die Arbeitsweise von Taxiunternehmen grundlegend ver\u00e4ndert. F\u00fcr Taxiunternehmen, die wettbewerbsf\u00e4hig bleiben wollen, <strong>TransferVista<\/strong> bietet eine hochmoderne Plattform, die auf diese sich wandelnden Anforderungen zugeschnitten ist.<\/p>\n\n\n\n<h2 class=\"wp-block-heading\">What Is Cloud-Based Taxi Dispatch Software?<\/h2>\n\n\n\n<p>Cloud-based taxi dispatch software is a platform that manages the full dispatch process for taxi and cab companies from a centralised online system. Instead of running on a local server or relying on manual coordination, everything happens in the cloud \u2014 bookings, driver allocation, real-time tracking, zone management and reporting are all accessible from any device, anywhere. The terms &#8220;taxi dispatch software&#8221;, &#8220;cab dispatch software&#8221;, &#8220;taxi dispatch solution&#8221; and &#8220;taxi dispatch system&#8221; all refer to the same category of tool.<br><\/p>\n\n\n\n<h2 class=\"wp-block-heading\">AI-Powered Cloud Taxi Dispatch Software That Allocates Drivers Automatically<\/h2>\n\n\n\n<p>Traditional taxi dispatch means a controller on the phone, manually matching drivers to bookings. TransferVista replaces that with an AI dispatch engine that runs in the cloud automatically allocating the nearest available driver the moment a booking comes in, across any device, without anyone lifting a phone.<\/p>\n\n\n\n<p><strong>Taxidispositionssoftware mit KI<\/strong> ist ein fortschrittliches System, das k\u00fcnstliche Intelligenz nutzt, um die Taxidisposition zu automatisieren. Herk\u00f6mmliche Dispositionsysteme waren stark auf menschliche Mitarbeiter angewiesen, die Fahrten zuwiesen, Fahrer verfolgten und Kundenanfragen bearbeiteten. Mit KI-gest\u00fctzter Dispositionssoftware werden diese Aufgaben intelligenter, schneller und effizienter.<\/p>\n\n\n\n<p>Durch die Analyse von Echtzeitdaten, die Prognose der Nachfrage und die Optimierung von Routen hilft KI Taxiunternehmen, Wartezeiten zu verk\u00fcrzen, die Kundenzufriedenheit zu steigern und den Umsatz zu maximieren. Das bedeutet weniger ungenutzte Taxis, k\u00fcrzere Wartezeiten f\u00fcr Fahrg\u00e4ste und eine bessere Ressourcennutzung.<\/p>\n\n\n\n<p>Betreiber suchen nach <strong>Taxidispositionssoftware<\/strong>, <strong>Software zur Taxidisposition<\/strong>, oder <strong>Software zur Taxidisposition<\/strong> k\u00f6nnen von KI-gest\u00fctzten Plattformen profitieren, die die Komplexit\u00e4t des Flottenmanagements reduzieren.<\/p>\n\n\n\n<div class=\"wp-block-buttons is-content-justification-center is-layout-flex wp-container-core-buttons-is-layout-a89b3969 wp-block-buttons-is-layout-flex\">\n<div class=\"wp-block-button\"><a class=\"wp-block-button__link wp-element-button\" href=\"https:\/\/reserve-transfer.com\/subscribe\" target=\"_blank\" rel=\"noopener\">Starten Sie Ihre kostenlose Testphase mit TransferVista.<\/a><\/div>\n<\/div>\n\n\n\n<h2 class=\"wp-block-heading\">Die Vorteile cloudbasierter Taxi-Dispositionssoftware<\/h2>\n\n\n\n<p>Eine der bedeutendsten Weiterentwicklungen in der Taxibranche ist der \u00dcbergang zu <strong>cloudbasierte Taxi-Dispositionssoftware<\/strong>. Im Gegensatz zu herk\u00f6mmlichen On-Premise-Systemen erm\u00f6glichen Cloud-basierte L\u00f6sungen Taxiunternehmen, ihre gesamte Flotte von \u00fcberall aus zu verwalten \u2013 eine Internetverbindung gen\u00fcgt.<\/p>\n\n\n\n<p>Zu den wichtigsten Vorteilen cloudbasierter Taxi-Software geh\u00f6ren:<\/p>\n\n\n\n<ol class=\"wp-block-list\">\n<li><strong>Echtzeit-Updates:<\/strong> Fahrer, Kunden und Disponenten k\u00f6nnen alle auf Live-Informationen \u00fcber Fahrtanfragen und Flottenstandorte zugreifen.<\/li>\n\n\n\n<li><strong>Skalierbarkeit:<\/strong> Taxiunternehmen k\u00f6nnen problemlos mehr Fahrzeuge einsetzen oder ihren Betrieb ausweiten, ohne in zus\u00e4tzliche Hardware investieren zu m\u00fcssen.<\/li>\n\n\n\n<li><strong>Kosteneffizienz:<\/strong> Cloudbasierte L\u00f6sungen machen teure Server und IT-Wartung \u00fcberfl\u00fcssig.<\/li>\n\n\n\n<li><strong>Datensicherheit:<\/strong> Die meisten Cloud-Plattformen bieten robuste Sicherheitsma\u00dfnahmen zum Schutz sensibler Kunden- und Betriebsdaten.<\/li>\n<\/ol>\n\n\n\n<p>Mit <strong>Taxidispositionssoftware mit KI<\/strong>, Taxiunternehmen k\u00f6nnen so ihre Abl\u00e4ufe optimieren, Fehler reduzieren und die Effizienz ihrer gesamten Flotte verbessern.<\/p>\n\n\n\n<p><\/p>\n\n\n\n<h2 class=\"wp-block-heading\">How automated taxi dispatch works<\/h2>\n\n\n\n<blockquote class=\"wp-block-quote is-layout-flow wp-block-quote-is-layout-flow\">\n<p>When a booking comes in, TransferVista&#8217;s dispatch engine checks driver availability, location and current workload in real time. It assigns the job to the best available driver and sends them the details instantly \u2014 no controller needed. If a driver declines or does not respond, the system automatically re-allocates to the next best option.<\/p>\n\n\n\n<p>The result is faster pickup times, fewer missed bookings and no dependency on a single person managing the radio or phone.<\/p>\n\n\n\n<p>Here is the full automated dispatch flow:<\/p>\n\n\n\n<ol class=\"wp-block-list\">\n<li>Booking received (web, app, phone or B2B portal)<\/li>\n\n\n\n<li>System checks all available drivers in real time<\/li>\n\n\n\n<li>Nearest suitable driver is allocated automatically<\/li>\n\n\n\n<li>Driver receives job on their app and confirms<\/li>\n\n\n\n<li>Passenger receives confirmation with driver details<\/li>\n\n\n\n<li>Job tracked live until completion<\/li>\n\n\n\n<li>Invoice generated automatically<\/li>\n<\/ol>\n<\/blockquote>\n\n\n\n<h2 class=\"wp-block-heading\">Taxi-Dispositionssoftware f\u00fcr Taxiunternehmen<\/h2>\n\n\n\n<p>Taxiunternehmen stehen im Mittelpunkt der Transportbranche, und ihr Erfolg h\u00e4ngt von einem effizienten Betrieb ab. <strong>Taxidispositionssoftware f\u00fcr Taxiunternehmen<\/strong> Es wurde entwickelt, um den t\u00e4glichen Betrieb zu optimieren, Buchungen zu verwalten und die Fahrerzuweisung zu optimieren.<\/p>\n\n\n\n<p>Mit <strong>TransferVista<\/strong>, Taxiunternehmen profitieren von einer Plattform, die Folgendes integriert:<\/p>\n\n\n\n<ul class=\"wp-block-list\">\n<li><strong>Automatisierte Fahrtenzuweisungen:<\/strong> KI-Algorithmen weisen Fahrten dem n\u00e4chstgelegenen verf\u00fcgbaren Fahrer zu, wodurch die Reaktionszeiten verk\u00fcrzt werden.<\/li>\n\n\n\n<li><strong>Fahrerleistungsanalyse:<\/strong> Die Effizienz der Fahrer, die Fahrtabschlussraten und die Kundenbewertungen werden erfasst, um die Servicequalit\u00e4t zu verbessern.<\/li>\n\n\n\n<li><strong>Flottenmanagement-Tools:<\/strong> \u00dcberwachen Sie Fahrzeugnutzung, Wartungspl\u00e4ne und Kraftstoffverbrauch f\u00fcr einen kosteneffizienten Betrieb.<\/li>\n\n\n\n<li><strong>Kundenbeziehungsmanagement (CRM):<\/strong> Pflegen Sie eine Datenbank mit Passagieren, Stammkunden und Pr\u00e4ferenzen f\u00fcr personalisierten Service.<\/li>\n<\/ul>\n\n\n\n<p>Egal, ob Sie suchen nach <strong>Taxidispositionssoftware<\/strong>, <strong>Software zur Taxidisposition<\/strong>, oder ein <strong>Taxi-Vermittlungssystem<\/strong>, KI-gest\u00fctzte L\u00f6sungen wie TransferVista helfen Betreibern, die betriebliche Effizienz und die Zufriedenheit der Fahrg\u00e4ste zu steigern.<\/p>\n\n\n\n<div class=\"wp-block-buttons is-content-justification-center is-layout-flex wp-container-core-buttons-is-layout-a89b3969 wp-block-buttons-is-layout-flex\">\n<div class=\"wp-block-button\"><a class=\"wp-block-button__link wp-element-button\" href=\"https:\/\/reserve-transfer.com\/subscribe\" target=\"_blank\" rel=\"noopener\">Starten Sie Ihre kostenlose Testphase mit TransferVista.<\/a><\/div>\n<\/div>\n\n\n\n<h2 class=\"wp-block-heading\">Integrationen von Taxidispositionssoftware<\/h2>\n\n\n\n<p>Moderne Taxi-Dispositionsl\u00f6sungen sind keine eigenst\u00e4ndigen Systeme. Sie bieten <strong>Integrationen von Taxidispositionssoftware<\/strong> die es Betreibern erm\u00f6glichen, Verbindungen zu Zahlungsportalen, Navigations-Apps, Kundensupport-Plattformen und mehr herzustellen.<\/p>\n\n\n\n<p><strong>TransferVista<\/strong> zeichnet sich in diesem Bereich durch nahtlose Integrationen mit folgenden Systemen aus:<\/p>\n\n\n\n<ul class=\"wp-block-list\">\n<li><strong>Digitale Zahlungsplattformen:<\/strong> Erm\u00f6glichen Sie den Fahrg\u00e4sten die Zahlung per Karte, mobiler Geldb\u00f6rse oder In-App-Zahlung.<\/li>\n\n\n\n<li><strong>GPS-Navigationssysteme:<\/strong> Routenoptimierung in Echtzeit f\u00fcr schnellere Abholungen und Zustellungen.<\/li>\n\n\n\n<li><strong>Kundensupport-Tools:<\/strong> Integration mit Chatbots und Supportsystemen zur Verbesserung des Passagiererlebnisses.<\/li>\n\n\n\n<li><strong>Fahrplattformen von Drittanbietern:<\/strong> Erweitere deine Reichweite durch die Anbindung an andere Fahrdienstvermittler.<\/li>\n<\/ul>\n\n\n\n<p>Diese Integrationen bewirken <strong>Taxidispositionssoftware mit KI<\/strong>, <strong>Taxidispositionssoftware<\/strong>, Und <strong>Software zur Taxidisposition<\/strong> Unverzichtbare Werkzeuge f\u00fcr Taxiunternehmen, die ihre Abl\u00e4ufe modernisieren und ihren Fahrg\u00e4sten ein reibungsloses Erlebnis bieten wollen.<\/p>\n\n\n\n<h2 class=\"wp-block-heading\">Taxi-Dispositionssoftware-Agent mit KI<\/h2>\n\n\n\n<p>Eine der innovativsten Funktionen moderner Taxizentralen ist die <strong>Taxi-Dispositionssoftware-Agent mit KI<\/strong>. Dieser intelligente Agent fungiert als virtueller Disponent und automatisiert die Kommunikation zwischen Fahrern, Fahrg\u00e4sten und dem zentralen System.<\/p>\n\n\n\n<p>Zu den wichtigsten F\u00e4higkeiten geh\u00f6ren:<\/p>\n\n\n\n<ul class=\"wp-block-list\">\n<li><strong>Vorausschauende Bedarfsanalyse:<\/strong> Die KI prognostiziert Gebiete mit hoher Nachfrage und passt die Fahrerzuweisung entsprechend an.<\/li>\n\n\n\n<li><strong>Automatisierte Kundenbenachrichtigungen:<\/strong> Die Fahrg\u00e4ste erhalten Echtzeit-Updates zum Standort des Fahrers, zur voraussichtlichen Ankunftszeit und zur Fahrtbest\u00e4tigung.<\/li>\n\n\n\n<li><strong>Dynamische Preisgestaltung:<\/strong> Der KI-Agent kann w\u00e4hrend der Sto\u00dfzeiten dynamische Preisanpassungen vornehmen und so die Einnahmen der Taxiunternehmen optimieren.<\/li>\n\n\n\n<li><strong>Vorfallmanagement:<\/strong> Erkennt automatisch Versp\u00e4tungen, Verkehrsprobleme oder Stornierungen und weist Fahrten bei Bedarf neu zu.<\/li>\n<\/ul>\n\n\n\n<p>Mit einem <strong>Taxi-Dispositionssoftware-Agent mit KI<\/strong>, Taxiunternehmen k\u00f6nnen ihren manuellen Arbeitsaufwand reduzieren und gleichzeitig ein erstklassiges Kundenerlebnis gew\u00e4hrleisten. Egal, ob Sie ein Taxiunternehmen leiten <strong>Taxi-Vermittlungssystem<\/strong>, <strong>Taxi-Dispositionsystem<\/strong>, Ob es sich nun um Taxi-Software oder andere Anwendungen handelt, KI-Agenten vereinfachen den t\u00e4glichen Betrieb und steigern die Produktivit\u00e4t.<\/p>\n\n\n\n<h2 class=\"wp-block-heading\">Warum TransferVista w\u00e4hlen?<\/h2>\n\n\n\n<p>Obwohl es viele Optionen auf dem Markt gibt, <strong>TransferVista<\/strong> entwickelt sich zu einer f\u00fchrenden L\u00f6sung f\u00fcr Taxiunternehmen, die nach <strong>Taxidispositionssoftware mit KI<\/strong>. Hier ist der Grund:<\/p>\n\n\n\n<ol class=\"wp-block-list\">\n<li><strong>Benutzerfreundliche Oberfl\u00e4che:<\/strong> Fahrer und Bediener k\u00f6nnen sich auf der Plattform leicht zurechtfinden, wodurch Schulungsaufwand und Fehler reduziert werden.<\/li>\n\n\n\n<li><strong>KI-gest\u00fctzte Effizienz:<\/strong> Fortschrittliche Algorithmen optimieren Routen, prognostizieren die Nachfrage und weisen Fahrten intelligent zu.<\/li>\n\n\n\n<li><strong>Cloudbasierte Zug\u00e4nglichkeit:<\/strong> Verwalten Sie Ihre Flotte jederzeit und \u00fcberall, ohne dass eine komplexe Infrastruktur erforderlich ist.<\/li>\n\n\n\n<li><strong>Umfassende Integrationen:<\/strong> Nahtlose Anbindung an Zahlungs-, Navigations- und Kundensupportplattformen.<\/li>\n\n\n\n<li><strong>Skalierbare L\u00f6sung:<\/strong> Ob Sie \u00fcber eine kleine Fahrzeugflotte oder einen gro\u00dfen Betrieb verf\u00fcgen, TransferVista w\u00e4chst mit Ihrem Unternehmen.<\/li>\n<\/ol>\n\n\n\n<p>Egal, ob Sie suchen nach <strong>Taxidispositionssoftware<\/strong>, <strong>Software zur Taxidisposition<\/strong>, oder ein <strong>Taxi-Dispositionsystem<\/strong>, TransferVista bietet eine umfassende L\u00f6sung zur Optimierung von Abl\u00e4ufen und zur Steigerung des Umsatzes.<\/p>\n\n\n\n<div class=\"wp-block-buttons is-content-justification-center is-layout-flex wp-container-core-buttons-is-layout-a89b3969 wp-block-buttons-is-layout-flex\">\n<div class=\"wp-block-button\"><a class=\"wp-block-button__link wp-element-button\" href=\"https:\/\/reserve-transfer.com\/subscribe\" target=\"_blank\" rel=\"noopener\">Starten Sie Ihre kostenlose Testphase mit TransferVista.<\/a><\/div>\n<\/div>\n\n\n\n<h2 class=\"wp-block-heading\">Die Zukunft des Taxibetriebs<\/h2>\n\n\n\n<p>Die Taxibranche befindet sich im Wandel, und Unternehmen, die auf Technologie setzen, werden dabei eine Vorreiterrolle einnehmen. <strong>Taxidispositionssoftware mit KI<\/strong> ist kein Luxus mehr, sondern eine Notwendigkeit f\u00fcr Unternehmen, die wettbewerbsf\u00e4hig bleiben wollen.<\/p>\n\n\n\n<p>KI-gest\u00fctzte L\u00f6sungen helfen Taxiunternehmen:<\/p>\n\n\n\n<ul class=\"wp-block-list\">\n<li>Reduzierung der Betriebskosten<\/li>\n\n\n\n<li>Steigerung der Fahrerproduktivit\u00e4t<\/li>\n\n\n\n<li>Verbesserung des Passagiererlebnisses<\/li>\n\n\n\n<li>Steigerung der Gesamtrentabilit\u00e4t<\/li>\n<\/ul>\n\n\n\n<p>Mit Werkzeugen wie <strong>TransferVista<\/strong>, Verwaltung eines <strong>Taxi-Vermittlungssystem<\/strong>, <strong>Taxi-Dispositionsystem<\/strong>, oder allgemein <strong>Taxi-Software<\/strong> wird nahtlos und effizient.<\/p>\n\n\n\n<div class=\"wp-block-buttons is-content-justification-center is-layout-flex wp-container-core-buttons-is-layout-a89b3969 wp-block-buttons-is-layout-flex\">\n<div class=\"wp-block-button\"><a class=\"wp-block-button__link wp-element-button\" href=\"https:\/\/reserve-transfer.com\/subscribe\" target=\"_blank\" rel=\"noopener\">Starten Sie Ihre kostenlose Testphase mit TransferVista.<\/a><\/div>\n<\/div>\n\n\n\n<h2 class=\"wp-block-heading\">Abschluss<\/h2>\n\n\n\n<p>Zusammenfassend l\u00e4sst sich sagen:, <strong>Taxidispositionssoftware mit KI<\/strong> Die Taxibranche wird durch die Automatisierung von Abl\u00e4ufen, die Optimierung von Ressourcen und die Steigerung der Kundenzufriedenheit revolutioniert. Cloudbasierte Systeme, KI-gest\u00fctzte Systeme und Softwareintegrationen bieten Taxiunternehmen die n\u00f6tigen Werkzeuge, um sich im Wettbewerbsumfeld zu behaupten.<\/p>\n\n\n\n<p><strong>TransferVista<\/strong> TransferVista bietet eine umfassende, skalierbare und benutzerfreundliche Plattform, die speziell auf die Bed\u00fcrfnisse von Taxiunternehmen zugeschnitten ist. Mit TransferVista k\u00f6nnen Betreiber die Zukunft des Transportwesens aktiv mitgestalten, betriebliche Ineffizienzen reduzieren und ihren Fahrg\u00e4sten den erstklassigen Service bieten, den diese erwarten.<\/p>\n\n\n\n<p>F\u00fcr Taxiunternehmen, die ihre Betriebsabl\u00e4ufe modernisieren m\u00f6chten, <strong>Taxidispositionssoftware mit KI<\/strong>, <strong>Taxidispositionssoftware<\/strong>, <strong>Software zur Taxidisposition<\/strong>, <strong>Software zur Taxidisposition<\/strong>, <strong>Taxi-Software<\/strong>, <strong>Taxi-Vermittlungssystem<\/strong>, Und <strong>Taxi-Dispositionsystem<\/strong> TransferVista ist die ultimative L\u00f6sung f\u00fcr Effizienz, Rentabilit\u00e4t und Wachstum.<\/p>","protected":false},"excerpt":{"rendered":"<p>In today\u2019s fast-paced world, the taxi industry is undergoing a technological transformation. Customers expect fast, reliable, and seamless rides, while taxi operators are seeking ways to optimize their fleet management and operations. Enter Taxi dispatch software with AI \u2014 a revolutionary solution that is redefining how taxi companies operate. For taxi operators looking to stay [&hellip;]<\/p>\n","protected":false},"author":2,"featured_media":0,"parent":0,"menu_order":0,"comment_status":"closed","ping_status":"closed","template":"","meta":{"footnotes":""},"class_list":["post-1281","page","type-page","status-publish","hentry"],"blocksy_meta":[],"_links":{"self":[{"href":"https:\/\/transfervista.com\/de\/wp-json\/wp\/v2\/pages\/1281","targetHints":{"allow":["GET"]}}],"collection":[{"href":"https:\/\/transfervista.com\/de\/wp-json\/wp\/v2\/pages"}],"about":[{"href":"https:\/\/transfervista.com\/de\/wp-json\/wp\/v2\/types\/page"}],"author":[{"embeddable":true,"href":"https:\/\/transfervista.com\/de\/wp-json\/wp\/v2\/users\/2"}],"replies":[{"embeddable":true,"href":"https:\/\/transfervista.com\/de\/wp-json\/wp\/v2\/comments?post=1281"}],"version-history":[{"count":2,"href":"https:\/\/transfervista.com\/de\/wp-json\/wp\/v2\/pages\/1281\/revisions"}],"predecessor-version":[{"id":1694,"href":"https:\/\/transfervista.com\/de\/wp-json\/wp\/v2\/pages\/1281\/revisions\/1694"}],"wp:attachment":[{"href":"https:\/\/transfervista.com\/de\/wp-json\/wp\/v2\/media?parent=1281"}],"curies":[{"name":"wp","href":"https:\/\/api.w.org\/{rel}","templated":true}]}}