{"id":1250,"date":"2025-11-13T18:10:01","date_gmt":"2025-11-13T16:10:01","guid":{"rendered":"https:\/\/transfervista.com\/?page_id=1250"},"modified":"2025-11-14T19:44:44","modified_gmt":"2025-11-14T17:44:44","slug":"transfer-services-api","status":"publish","type":"page","link":"https:\/\/transfervista.com\/de\/transfer-services-api\/","title":{"rendered":"Transfer-Services-API &amp; Flughafentransfer-API"},"content":{"rendered":"<p><\/p>\n\n\n\n<h3 class=\"wp-block-heading\">St\u00e4rken Sie Ihr Unternehmen mit nahtloser Transferintegration.<\/h3>\n\n\n\n<p>Ob Reiseb\u00fcro, Hotel, Fluggesellschaft oder Mobilit\u00e4tsplattform, <strong>Transfer Services API von TransferVista<\/strong> erm\u00f6glicht es Ihnen, Ihren Kunden auf einfache Weise zuverl\u00e4ssige Bodentransfers anzubieten \u2013 von der Abholung am Flughafen bis zum Transfer zum Hotel und mehr.<\/p>\n\n\n\n<p>Unsere API bietet alles, was Sie ben\u00f6tigen <strong>Transfers suchen, Angebote einholen und buchen<\/strong> in Echtzeit, wodurch Sie direkt mit einem Netzwerk vertrauensw\u00fcrdiger Partner verbunden werden. <strong>Transferunternehmen und Betreiber<\/strong> weltweit.<\/p>\n\n\n\n<p>Durch die Integration unserer API k\u00f6nnen Sie:<\/p>\n\n\n\n<ul class=\"wp-block-list\">\n<li>Bieten Sie T\u00fcr-zu-T\u00fcr-Transfers direkt in Ihrer App oder auf Ihrer Website an.<\/li>\n\n\n\n<li>Erhalten Sie sofortige Angebote und Verf\u00fcgbarkeitsinformationen.<\/li>\n\n\n\n<li>Buchen und verwalten Sie Transfers m\u00fchelos \u00fcber eine einfache, moderne REST-API.<\/li>\n\n\n\n<li>Arbeiten Sie mit gepr\u00fcften lokalen Anbietern zusammen, die jede Fahrt professionell abwickeln.<\/li>\n\n\n\n<li>Erweitern Sie Ihr Produktangebot und erschlie\u00dfen Sie neue Einnahmequellen, ohne Ihre eigene Fahrzeugflotte verwalten zu m\u00fcssen.<\/li>\n<\/ul>\n\n\n\n<div class=\"wp-block-buttons is-content-justification-center is-layout-flex wp-container-core-buttons-is-layout-a89b3969 wp-block-buttons-is-layout-flex\">\n<div class=\"wp-block-button\"><a class=\"wp-block-button__link wp-element-button\" href=\"https:\/\/transfervista.com\/de\/contact\/\">Vereinbaren Sie einen R\u00fcckruf mit uns<\/a><\/div>\n<\/div>\n\n\n\n<hr class=\"wp-block-separator has-alpha-channel-opacity\"\/>\n\n\n\n<h3 class=\"wp-block-heading\">\u2699\ufe0f Wie k\u00f6nnen Sie unsere Flughafentransfer-API nutzen?<\/h3>\n\n\n\n<p>Die Transfer Services API funktioniert sehr einfach. Sie k\u00f6nnen im Wesentlichen drei Arten von Aktionen durchf\u00fchren:<\/p>\n\n\n\n<ol class=\"wp-block-list\">\n<li><strong>Angebot anfordern<\/strong> \u2013 Senden Sie eine Anfrage mit Abhol- und Zielortdetails, um sofort Transferoptionen, Preise und Fahrzeugtypen zu erhalten.<\/li>\n\n\n\n<li><strong>Transfer buchen<\/strong> \u2013 Best\u00e4tigen Sie die Buchung direkt \u00fcber die API mit Passagierdaten und Zahlungsinformationen.<\/li>\n\n\n\n<li><strong>\u00dcberweisungen verwalten<\/strong> \u2013 \u00dcberweisungen einfach einsehen, \u00e4ndern oder stornieren, w\u00e4hrend lokale Mitarbeiter die Ausf\u00fchrung und Logistik \u00fcbernehmen.<\/li>\n<\/ol>\n\n\n\n<p>Unser System gew\u00e4hrleistet eine reibungslose Kommunikation zwischen Ihrer Plattform, Ihren Kunden und den Transferanbietern \u2013 alles \u00fcber eine einheitliche API.<\/p>\n\n\n\n<div class=\"wp-block-buttons is-content-justification-center is-layout-flex wp-container-core-buttons-is-layout-a89b3969 wp-block-buttons-is-layout-flex\">\n<div class=\"wp-block-button\"><a class=\"wp-block-button__link wp-element-button\" href=\"https:\/\/transfervista.com\/de\/contact\/\">Vereinbaren Sie einen R\u00fcckruf mit uns<\/a><\/div>\n<\/div>\n\n\n\n<hr class=\"wp-block-separator has-alpha-channel-opacity\"\/>\n\n\n\n<h2 class=\"wp-block-heading\">\ud83d\udca1 Warum TransferVista als Flughafentransfer-API w\u00e4hlen?<\/h2>\n\n\n\n<ul class=\"wp-block-list\">\n<li><strong>Weltweite Abdeckung<\/strong>: Kn\u00fcpfen Sie Kontakte zu Reiseveranstaltern in wichtigen Reisezielen.<\/li>\n\n\n\n<li><strong>Schnell und zuverl\u00e4ssig<\/strong>Reaktionszeiten mit geringer Latenz und sichere Transaktionen.<\/li>\n\n\n\n<li><strong>Einfache Integration<\/strong>REST-basierte Architektur mit klarer Dokumentation und Sandbox-Tests.<\/li>\n\n\n\n<li><strong>Skalierbar<\/strong>Geeignet f\u00fcr Startups und Unternehmen jeder Gr\u00f6\u00dfe.<\/li>\n\n\n\n<li><strong>Transparente Preise<\/strong>Sie zahlen nur f\u00fcr das, was Sie nutzen \u2013 keine versteckten Geb\u00fchren.<\/li>\n<\/ul>\n\n\n\n<p><\/p>\n\n\n\n<h2 class=\"wp-block-heading\">Was ist eine Flughafentransfer-API?<\/h2>\n\n\n\n<p>Ein <strong>Flughafentransfer-API<\/strong> ist eine Softwareschnittstelle, die es Reiseplattformen, Fluggesellschaften, Online-Reiseb\u00fcros, Hotels und Mobilit\u00e4tsdienstleistern erm\u00f6glicht, nahtlos auf Bodentransporte zu und von Flugh\u00e4fen zuzugreifen und diese zu buchen. Anstatt mehrere Anbieter manuell zu integrieren oder komplexe Buchungslogik von Grund auf neu zu entwickeln, k\u00f6nnen Entwickler eine einzige API nutzen, um Verf\u00fcgbarkeit, Preise, Fahrzeugoptionen und sofortige Best\u00e4tigungen f\u00fcr Flughafentransfers in Echtzeit abzurufen. Dies vereinfacht die Entwicklung und gew\u00e4hrleistet Reisenden einen reibungslosen und zuverl\u00e4ssigen Transfer.<\/p>\n\n\n\n<p>F\u00fcr Unternehmen im Reise- und Mobilit\u00e4tssektor vereinfacht eine Flughafentransfer-API die Abl\u00e4ufe erheblich. Sie erm\u00f6glicht die sofortige Anbindung von Fahrzeugflotten, Transferpartnern und Dienstleistern weltweit und gew\u00e4hrleistet gleichzeitig einheitliche Standards f\u00fcr Buchung, Zahlung und Kommunikation. Dank automatisierter Aktualisierungen des Fahrzeugstatus, der Abholanweisungen und Kundenbenachrichtigungen k\u00f6nnen Unternehmen ein erstklassiges, reibungsloses Transfererlebnis bieten, ohne die Logistik manuell verwalten zu m\u00fcssen. Das Ergebnis: h\u00f6here Kundenzufriedenheit und gesteigerte Ums\u00e4tze durch Mehrwertdienste.<\/p>\n\n\n\n<p><strong>Transfervistas Flughafentransfer-API<\/strong> Transfervista geht noch einen Schritt weiter und bietet eine einheitliche, leistungsstarke L\u00f6sung, die auf Skalierbarkeit und globale Reichweite ausgelegt ist. Dank einer einzigen Integration erhalten Partner Zugriff auf vertrauensw\u00fcrdige Anbieter, transparente Preise, automatisierte Best\u00e4tigungen und mehrsprachigen Support \u2013 so k\u00f6nnen sie sich auf ihr Gesch\u00e4ftswachstum konzentrieren, anstatt sich um den Transport zu k\u00fcmmern. Ob Online-Reiseb\u00fcro, Hotelnetzwerk oder Mobilit\u00e4ts-App: Transfervista bietet Ihnen die Tools, um zuverl\u00e4ssige Flughafentransfers m\u00fchelos anzubieten und das gesamte Reiseerlebnis Ihrer Kunden zu optimieren.<\/p>\n\n\n\n<hr class=\"wp-block-separator has-alpha-channel-opacity\"\/>\n\n\n\n<h2 class=\"wp-block-heading\">\u2753 H\u00e4ufig gestellte Fragen (FAQ)<\/h2>\n\n\n\n<p><strong>1. Was ist die TransferVista Transfer Services API?<\/strong><br>Es handelt sich um eine REST-API, die es Unternehmen erm\u00f6glicht, \u00fcber ein Netzwerk professioneller Anbieter Bodentransfers zu suchen, Angebote einzuholen und diese zu buchen.<\/p>\n\n\n\n<p><strong>2. Wer kann diese API nutzen?<\/strong><br>Jedes Unternehmen, das Transferdienstleistungen anbieten m\u00f6chte \u2013 wie beispielsweise Reiseb\u00fcros, Fluggesellschaften, Hotels, Buchungsplattformen oder Systeme f\u00fcr Gesch\u00e4ftsreisen.<\/p>\n\n\n\n<p><strong>3. Wie fange ich an?<\/strong><br>Registrieren Sie sich einfach f\u00fcr einen API-Schl\u00fcssel bei TransferVista, greifen Sie auf unsere Entwicklerdokumentation zu und beginnen Sie mit dem Testen in unserer Sandbox-Umgebung.<\/p>\n\n\n\n<p><strong>4. Welche \u00dcbertragungsarten werden unterst\u00fctzt?<\/strong><br>Unsere API unterst\u00fctzt eine Vielzahl von Transferarten, darunter Flughafen-, Hafen-, Hotel- und individuelle Abhol-\/Abgabeorte.<\/p>\n\n\n\n<p><strong>5. Kann ich bei Transfers meine eigene Marke verwenden?<\/strong><br>Ja. Die API ist White-Label-f\u00e4hig und erm\u00f6glicht Ihnen die vollst\u00e4ndige Integration in das Design und die Benutzererfahrung Ihrer Plattform.<\/p>\n\n\n\n<p><strong>6. Wie werden \u00dcberweisungen abgewickelt?<\/strong><br>Die Transfers werden von unserem Netzwerk verifizierter Transferunternehmen und lokaler Betreiber organisiert und durchgef\u00fchrt, die sich um die Logistik und den Passagierservice k\u00fcmmern.<\/p>\n\n\n\n<p><strong>7. Fallen f\u00fcr die Nutzung der API Kosten an?<\/strong><br>Sie zahlen pro erfolgreicher Buchung, wobei die Preise je nach Buchungsvolumen flexibel sind. Kontaktieren Sie unser Vertriebsteam f\u00fcr Details zu Partnerschaften und Preisen.<\/p>\n\n\n\n<p><strong>8. Kann ich Buchungen \u00fcber die API verwalten oder stornieren?<\/strong><br>Ja. Die API erm\u00f6glicht die vollst\u00e4ndige Verwaltung \u2013 einschlie\u00dflich des Anzeigens, \u00c4nderns oder Stornierens best\u00e4tigter Buchungen.<\/p>\n\n\n\n<p><strong>9. Bieten Sie Unterst\u00fctzung f\u00fcr Entwickler an?<\/strong><br>Absolut. Wir bieten umfassende Dokumentation, Beispielcode und technischen Support, um eine reibungslose Integration zu gew\u00e4hrleisten.<\/p>\n\n\n\n<div class=\"wp-block-buttons is-content-justification-center is-layout-flex wp-container-core-buttons-is-layout-a89b3969 wp-block-buttons-is-layout-flex\">\n<div class=\"wp-block-button\"><a class=\"wp-block-button__link wp-element-button\" href=\"https:\/\/transfervista.com\/de\/contact\/\">Vereinbaren Sie einen R\u00fcckruf mit uns<\/a><\/div>\n<\/div>\n\n\n\n<hr class=\"wp-block-separator has-alpha-channel-opacity\"\/>\n\n\n\n<h3 class=\"wp-block-heading\">\u2708\ufe0f Jetzt mit der Integration beginnen<\/h3>\n\n\n\n<p>Nutzen Sie die Vorteile professioneller Transferdienstleistungen f\u00fcr Ihr Unternehmen.<\/p>\n\n\n\n<p>Nehmen Sie hier Kontakt mit uns auf oder vereinbaren Sie einen R\u00fcckruf: <a href=\"http:\/\/transfervista.com\/de\/contact\/\">http:\/\/transfervista.com\/contact<\/a><\/p>","protected":false},"excerpt":{"rendered":"<p>Power Your Business with Seamless Transfer Integration Whether you\u2019re a travel agency, hotel, airline, or mobility platform, TransferVista\u2019s Transfer Services API lets you easily offer reliable ground transfers to your customers \u2014 from airport pickups to hotel drop-offs and more. Our API provides everything you need to search, quote, and book transfers in real time, [&hellip;]<\/p>\n","protected":false},"author":2,"featured_media":0,"parent":0,"menu_order":0,"comment_status":"closed","ping_status":"closed","template":"","meta":{"footnotes":""},"class_list":["post-1250","page","type-page","status-publish","hentry"],"blocksy_meta":[],"_links":{"self":[{"href":"https:\/\/transfervista.com\/de\/wp-json\/wp\/v2\/pages\/1250","targetHints":{"allow":["GET"]}}],"collection":[{"href":"https:\/\/transfervista.com\/de\/wp-json\/wp\/v2\/pages"}],"about":[{"href":"https:\/\/transfervista.com\/de\/wp-json\/wp\/v2\/types\/page"}],"author":[{"embeddable":true,"href":"https:\/\/transfervista.com\/de\/wp-json\/wp\/v2\/users\/2"}],"replies":[{"embeddable":true,"href":"https:\/\/transfervista.com\/de\/wp-json\/wp\/v2\/comments?post=1250"}],"version-history":[{"count":3,"href":"https:\/\/transfervista.com\/de\/wp-json\/wp\/v2\/pages\/1250\/revisions"}],"predecessor-version":[{"id":1268,"href":"https:\/\/transfervista.com\/de\/wp-json\/wp\/v2\/pages\/1250\/revisions\/1268"}],"wp:attachment":[{"href":"https:\/\/transfervista.com\/de\/wp-json\/wp\/v2\/media?parent=1250"}],"curies":[{"name":"wp","href":"https:\/\/api.w.org\/{rel}","templated":true}]}}